{"id":4136,"date":"2026-04-12T10:17:57","date_gmt":"2026-04-12T13:17:57","guid":{"rendered":"https:\/\/delaet.com.br\/pt_br\/loja\/produto\/surdina-violino-acabamento-cobre-daddario-spector-mute-9491-f035\/"},"modified":"2026-04-12T13:52:38","modified_gmt":"2026-04-12T16:52:38","slug":"surdina-violino-acabamento-cobre-daddario-spector-mute-9491-f035","status":"publish","type":"product","link":"https:\/\/delaet.com.br\/pt_br\/loja\/produto\/surdina-violino-acabamento-cobre-daddario-spector-mute-9491-f035\/","title":{"rendered":"Surdina Violino Acabamento Cobre D\u00b4Addario Spector Mute 9491"},"content":{"rendered":"<p>Indicada para necessidades em que \u00e9 preciso minimizar a sonoridade para apresenta\u00e7\u00f5es mais intimistas ou mesmo em ambientes menores, pr\u00e1ticas um pouco mais silenciosamente ou mesmo para aux\u00edlio de performances em que a passagem da m\u00fasica requer uma execu\u00e7\u00e3o em que a parte esteja mais silenciada, a surdina DAddario Spector Violin Mute \u00e9 a solu\u00e7\u00e3o ideal para resolver esses cen\u00e1rios. Originalmente projetada por Fred Spector, violinista veterano de 45 anos da Orquestra Sinf\u00f4nica de Chicago, esta compacta surdina se adequa entre as cordas A e D do violino e \u00e9 facilmente manuseada simplesmente deslizando-a sobre em dire\u00e7\u00e3o a ponte. Quando n\u00e3o estiver em uso, deslize-a novamente e para emudecer a sonoridade, e assim permanecer\u00e1 no instrumento sem interferir diretamente na performance e no timbre.  &#8211; Desenvolvida por Fred Spector, violinista veterano de 45 anos da Orquestra Sinf\u00f4nica de Chicago. &#8211; F\u00e1cil de usar &#8211; basta deslizar a surdina em dire\u00e7\u00e3o a ponte. &#8211; Pode permanecer no instrumento mesmo enquanto n\u00e3o estiver em uso, sem afetar a performance e o timbre. &#8211; Indicada apenas para violinos com escala 4\/4.<\/p>\n<p> Condi\u00e7\u00e3o do item:Novo<br \/> Fonte do Produto:Importado<br \/> G\u00eanero:Unissex<br \/> Instrumento recomendado:Violino<br \/> C\u00f3digo Universal do Produto:752715794919<br \/> \u00c9 kit:N\u00e3o<br \/> Linha:Utilit\u00e1rios<br \/> Marca:DAddario Orchestral<br \/> Material:Nylon<br \/> Modelo:9491<br \/> Origem:Estados Unidos<br \/> SKU:039034<br \/> Tamanhos Compat\u00edveis:N\/A<br \/> Unidades por embalagem:1<\/p>\n<p><\/p>\n","protected":false},"excerpt":{"rendered":"<p>Indicada para necessidades em que \u00e9 preciso minimizar a sonoridade para apresenta\u00e7\u00f5es mais intimistas ou mesmo em ambientes menores, pr\u00e1ticas um pouco mais silenciosamente ou mesmo para aux\u00edlio de performances em que a passagem da m\u00fasica requer uma execu\u00e7\u00e3o em que a parte esteja mais silenciada, a surdina DAddario Spector Violin Mute \u00e9 a solu\u00e7\u00e3o [&hellip;]<\/p>\n","protected":false},"featured_media":4133,"comment_status":"open","ping_status":"closed","template":"","meta":{"om_disable_all_campaigns":false,"jetpack_publicize_message":"","jetpack_publicize_feature_enabled":true,"jetpack_social_post_already_shared":false,"jetpack_social_options":{"image_generator_settings":{"template":"highway","default_image_id":0,"font":"","enabled":false},"version":2}},"product_brand":[160],"product_cat":[210,18,237],"product_tag":[395,399],"class_list":{"0":"post-4136","1":"product","2":"type-product","3":"status-publish","4":"has-post-thumbnail","6":"product_brand-daddario","7":"product_cat-friccionadas","8":"product_cat-sem-categoria","9":"product_cat-surdinas","10":"product_tag-surdina","11":"product_tag-surdina-para-violino","13":"first","14":"instock","15":"shipping-taxable","16":"purchasable","17":"product-type-simple"},"aioseo_notices":[],"jetpack_publicize_connections":[],"jetpack_sharing_enabled":true,"_links":{"self":[{"href":"https:\/\/delaet.com.br\/pt_br\/wp-json\/wp\/v2\/product\/4136","targetHints":{"allow":["GET"]}}],"collection":[{"href":"https:\/\/delaet.com.br\/pt_br\/wp-json\/wp\/v2\/product"}],"about":[{"href":"https:\/\/delaet.com.br\/pt_br\/wp-json\/wp\/v2\/types\/product"}],"replies":[{"embeddable":true,"href":"https:\/\/delaet.com.br\/pt_br\/wp-json\/wp\/v2\/comments?post=4136"}],"wp:featuredmedia":[{"embeddable":true,"href":"https:\/\/delaet.com.br\/pt_br\/wp-json\/wp\/v2\/media\/4133"}],"wp:attachment":[{"href":"https:\/\/delaet.com.br\/pt_br\/wp-json\/wp\/v2\/media?parent=4136"}],"wp:term":[{"taxonomy":"product_brand","embeddable":true,"href":"https:\/\/delaet.com.br\/pt_br\/wp-json\/wp\/v2\/product_brand?post=4136"},{"taxonomy":"product_cat","embeddable":true,"href":"https:\/\/delaet.com.br\/pt_br\/wp-json\/wp\/v2\/product_cat?post=4136"},{"taxonomy":"product_tag","embeddable":true,"href":"https:\/\/delaet.com.br\/pt_br\/wp-json\/wp\/v2\/product_tag?post=4136"}],"curies":[{"name":"wp","href":"https:\/\/api.w.org\/{rel}","templated":true}]}}