{"id":4156,"date":"2026-04-12T10:19:12","date_gmt":"2026-04-12T13:19:12","guid":{"rendered":"https:\/\/delaet.com.br\/pt_br\/loja\/produto\/tarraxa-baixo-blindada-dourada-unidade-spirit-jb15-gd-r1-f035\/"},"modified":"2026-04-12T13:42:59","modified_gmt":"2026-04-12T16:42:59","slug":"tarraxa-baixo-blindada-dourada-unidade-spirit-jb15-gd-r1-f035","status":"publish","type":"product","link":"https:\/\/delaet.com.br\/pt_br\/loja\/produto\/tarraxa-baixo-blindada-dourada-unidade-spirit-jb15-gd-r1-f035\/","title":{"rendered":"Tarraxa Baixo Blindada Dourada (Unidade\/avulsa) Spirit JB15-GD-R1"},"content":{"rendered":"<p>Tarraxa para Baixo blindada com acabamento dourado, unidade, Spirit Guitar Parts JB15-GD-R1.<br \/>\n&#8211; Engrenagens com precis\u00e3o de 17:1<\/p>\n<p>Disposi\u00e7\u00e3o das tarraxas:R1<br \/> Instrumentos compat\u00edveis:Baixo<br \/> Material:Metal<br \/> Inclui parafusos:N\u00e3o<br \/> Quantidade de tarraxas:1<br \/> SKU:021561<\/p>\n<p> Condi\u00e7\u00e3o:Novo<br \/> Cor:Dourada<br \/> C\u00f3digo Universal do Produto:7899559805906<br \/> G\u00eanero:Unissex<br \/> Linha:Spirit Guitar Parts<br \/> MPN:H1715R_40<br \/> Marca:Spirit<br \/> Modelo:JB15-GD-R1<br \/> Origem:Cor\u00e9ia do Sul<br \/> Unidades por embalagem:1<br \/> \u00c9 kit:N\u00e3o<br \/> Instrumento Recomendado:Baixo<\/p>\n<p><\/p>\n","protected":false},"excerpt":{"rendered":"<p>Tarraxa para Baixo blindada com acabamento dourado, unidade, Spirit Guitar Parts JB15-GD-R1. &#8211; Engrenagens com precis\u00e3o de 17:1 Disposi\u00e7\u00e3o das tarraxas:R1 Instrumentos compat\u00edveis:Baixo Material:Metal Inclui parafusos:N\u00e3o Quantidade de tarraxas:1 SKU:021561 Condi\u00e7\u00e3o:Novo Cor:Dourada C\u00f3digo Universal do Produto:7899559805906 G\u00eanero:Unissex Linha:Spirit Guitar Parts MPN:H1715R_40 Marca:Spirit Modelo:JB15-GD-R1 Origem:Cor\u00e9ia do Sul Unidades por embalagem:1 \u00c9 kit:N\u00e3o Instrumento Recomendado:Baixo<\/p>\n","protected":false},"featured_media":4155,"comment_status":"open","ping_status":"closed","template":"","meta":{"om_disable_all_campaigns":false,"_monsterinsights_skip_tracking":false,"_monsterinsights_sitenote_active":false,"_monsterinsights_sitenote_note":"","_monsterinsights_sitenote_category":0,"jetpack_publicize_message":"","jetpack_publicize_feature_enabled":true,"jetpack_social_post_already_shared":false,"jetpack_social_options":{"image_generator_settings":{"template":"highway","default_image_id":0,"font":"","enabled":false},"version":2}},"product_brand":[165],"product_cat":[96,28,218],"product_tag":[392,391],"class_list":{"0":"post-4156","1":"product","2":"type-product","3":"status-publish","4":"has-post-thumbnail","6":"product_brand-spirit","7":"product_cat-acessorios","8":"product_cat-eletricos","9":"product_cat-tarraxas-eletricos","10":"product_tag-spirit-jb15-gd-r1","11":"product_tag-tarraxa-avulsa","13":"first","14":"instock","15":"shipping-taxable","16":"purchasable","17":"product-type-simple"},"aioseo_notices":[],"jetpack_publicize_connections":[],"jetpack_sharing_enabled":true,"_links":{"self":[{"href":"https:\/\/delaet.com.br\/pt_br\/wp-json\/wp\/v2\/product\/4156","targetHints":{"allow":["GET"]}}],"collection":[{"href":"https:\/\/delaet.com.br\/pt_br\/wp-json\/wp\/v2\/product"}],"about":[{"href":"https:\/\/delaet.com.br\/pt_br\/wp-json\/wp\/v2\/types\/product"}],"replies":[{"embeddable":true,"href":"https:\/\/delaet.com.br\/pt_br\/wp-json\/wp\/v2\/comments?post=4156"}],"wp:featuredmedia":[{"embeddable":true,"href":"https:\/\/delaet.com.br\/pt_br\/wp-json\/wp\/v2\/media\/4155"}],"wp:attachment":[{"href":"https:\/\/delaet.com.br\/pt_br\/wp-json\/wp\/v2\/media?parent=4156"}],"wp:term":[{"taxonomy":"product_brand","embeddable":true,"href":"https:\/\/delaet.com.br\/pt_br\/wp-json\/wp\/v2\/product_brand?post=4156"},{"taxonomy":"product_cat","embeddable":true,"href":"https:\/\/delaet.com.br\/pt_br\/wp-json\/wp\/v2\/product_cat?post=4156"},{"taxonomy":"product_tag","embeddable":true,"href":"https:\/\/delaet.com.br\/pt_br\/wp-json\/wp\/v2\/product_tag?post=4156"}],"curies":[{"name":"wp","href":"https:\/\/api.w.org\/{rel}","templated":true}]}}