{"id":4171,"date":"2026-04-12T10:19:56","date_gmt":"2026-04-12T13:19:56","guid":{"rendered":"https:\/\/delaet.com.br\/pt_br\/loja\/produto\/tarraxa-blindada-l6-cosmo-black-6-pecas-gotoh-sg381-05l-f035\/"},"modified":"2026-04-14T19:39:46","modified_gmt":"2026-04-14T22:39:46","slug":"tarraxa-blindada-l6-cosmo-black-6-pecas-gotoh-sg381-05l-f035","status":"publish","type":"product","link":"https:\/\/delaet.com.br\/pt_br\/loja\/produto\/tarraxa-blindada-l6-cosmo-black-6-pecas-gotoh-sg381-05l-f035\/","title":{"rendered":"Tarraxa Blindada (L6) Cosmo Black (6 Pe\u00e7as) Gotoh SG381-05L"},"content":{"rendered":"<p>Tarraxa para Guitarra Blindada (L6) em acabamento Cosmo Black, 6 unidades, acompanha parafusos, Gotoh SG381-05L CK\/WS02.<\/p>\n<p> Condi\u00e7\u00e3o do item:Novo<br \/> C\u00f3digo de Barra:7899559812256<br \/> G\u00eanero:Unissex<br \/> Instrumento recomendado:Guitarra<br \/> Marca:Gotoh<br \/> Modelo:SG381-05L CK\/WS02<br \/> Origem:Jap\u00e3o<br \/> Unidades por embalagem:6<br \/> \u00c9 Kit:N\u00e3o<br \/> Disposi\u00e7\u00e3o das tarraxas:L6<br \/> Quantidade de tarraxas:6<br \/> Inclui parafusos:Sim<br \/> Tipo de Instrumento:Guitarra<\/p>\n<p><\/p>\n","protected":false},"excerpt":{"rendered":"<p>Tarraxa para Guitarra Blindada (L6) em acabamento Cosmo Black, 6 unidades, acompanha parafusos, Gotoh SG381-05L CK\/WS02. Condi\u00e7\u00e3o do item:Novo C\u00f3digo de Barra:7899559812256 G\u00eanero:Unissex Instrumento recomendado:Guitarra Marca:Gotoh Modelo:SG381-05L CK\/WS02 Origem:Jap\u00e3o Unidades por embalagem:6 \u00c9 Kit:N\u00e3o Disposi\u00e7\u00e3o das tarraxas:L6 Quantidade de tarraxas:6 Inclui parafusos:Sim Tipo de Instrumento:Guitarra<\/p>\n","protected":false},"featured_media":4168,"comment_status":"open","ping_status":"closed","template":"","meta":{"om_disable_all_campaigns":false,"jetpack_publicize_message":"","jetpack_publicize_feature_enabled":true,"jetpack_social_post_already_shared":false,"jetpack_social_options":{"image_generator_settings":{"template":"highway","default_image_id":0,"font":"","enabled":false},"version":2}},"product_brand":[164],"product_cat":[96,28,218],"product_tag":[386,328],"class_list":{"0":"post-4171","1":"product","2":"type-product","3":"status-publish","4":"has-post-thumbnail","6":"product_brand-gotoh","7":"product_cat-acessorios","8":"product_cat-eletricos","9":"product_cat-tarraxas-eletricos","10":"product_tag-gotoh-sg381-05l","11":"product_tag-tarraxa-guitarra","13":"first","14":"instock","15":"shipping-taxable","16":"purchasable","17":"product-type-simple"},"aioseo_notices":[],"jetpack_publicize_connections":[],"jetpack_sharing_enabled":true,"_links":{"self":[{"href":"https:\/\/delaet.com.br\/pt_br\/wp-json\/wp\/v2\/product\/4171","targetHints":{"allow":["GET"]}}],"collection":[{"href":"https:\/\/delaet.com.br\/pt_br\/wp-json\/wp\/v2\/product"}],"about":[{"href":"https:\/\/delaet.com.br\/pt_br\/wp-json\/wp\/v2\/types\/product"}],"replies":[{"embeddable":true,"href":"https:\/\/delaet.com.br\/pt_br\/wp-json\/wp\/v2\/comments?post=4171"}],"wp:featuredmedia":[{"embeddable":true,"href":"https:\/\/delaet.com.br\/pt_br\/wp-json\/wp\/v2\/media\/4168"}],"wp:attachment":[{"href":"https:\/\/delaet.com.br\/pt_br\/wp-json\/wp\/v2\/media?parent=4171"}],"wp:term":[{"taxonomy":"product_brand","embeddable":true,"href":"https:\/\/delaet.com.br\/pt_br\/wp-json\/wp\/v2\/product_brand?post=4171"},{"taxonomy":"product_cat","embeddable":true,"href":"https:\/\/delaet.com.br\/pt_br\/wp-json\/wp\/v2\/product_cat?post=4171"},{"taxonomy":"product_tag","embeddable":true,"href":"https:\/\/delaet.com.br\/pt_br\/wp-json\/wp\/v2\/product_tag?post=4171"}],"curies":[{"name":"wp","href":"https:\/\/api.w.org\/{rel}","templated":true}]}}