{"id":4173,"date":"2026-04-12T10:20:06","date_gmt":"2026-04-12T13:20:06","guid":{"rendered":"https:\/\/delaet.com.br\/pt_br\/loja\/produto\/tarraxa-blindada-l6-dourada-6-pecas-gotoh-sg381-05l-gg-f035\/"},"modified":"2026-04-14T13:29:41","modified_gmt":"2026-04-14T16:29:41","slug":"tarraxa-blindada-l6-dourada-6-pecas-gotoh-sg381-05l-gg-f035","status":"publish","type":"product","link":"https:\/\/delaet.com.br\/pt_br\/loja\/produto\/tarraxa-blindada-l6-dourada-6-pecas-gotoh-sg381-05l-gg-f035\/","title":{"rendered":"Tarraxa Blindada (L6) Dourada (6 Pe\u00e7as) Gotoh SG381-05L GG"},"content":{"rendered":"<p>Tarraxa para Guitarra Blindada (L6) em acabamento dourado, 6 unidades, acompanha parafusos, Gotoh SG381-05L GG\/WS02.<\/p>\n<p> Condi\u00e7\u00e3o do item:Novo<br \/> C\u00f3digo de Barra:7899559812430<br \/> G\u00eanero:Unissex<br \/> Instrumento recomendado:Guitarra<br \/> Marca:Gotoh<br \/> Modelo:SG381-05L GG\/WS02<br \/> Origem:Jap\u00e3o<br \/> Unidades por embalagem:6<br \/> \u00c9 Kit:N\u00e3o<br \/> Disposi\u00e7\u00e3o das tarraxas:L6<br \/> Quantidade de tarraxas:6<br \/> Inclui parafusos:Sim<br \/> Tipo de Instrumento:Guitarra<\/p>\n<p><\/p>\n","protected":false},"excerpt":{"rendered":"<p>Tarraxa para Guitarra Blindada (L6) em acabamento dourado, 6 unidades, acompanha parafusos, Gotoh SG381-05L GG\/WS02. Condi\u00e7\u00e3o do item:Novo C\u00f3digo de Barra:7899559812430 G\u00eanero:Unissex Instrumento recomendado:Guitarra Marca:Gotoh Modelo:SG381-05L GG\/WS02 Origem:Jap\u00e3o Unidades por embalagem:6 \u00c9 Kit:N\u00e3o Disposi\u00e7\u00e3o das tarraxas:L6 Quantidade de tarraxas:6 Inclui parafusos:Sim Tipo de Instrumento:Guitarra<\/p>\n","protected":false},"featured_media":4172,"comment_status":"open","ping_status":"closed","template":"","meta":{"om_disable_all_campaigns":false,"_monsterinsights_skip_tracking":false,"_monsterinsights_sitenote_active":false,"_monsterinsights_sitenote_note":"","_monsterinsights_sitenote_category":0,"jetpack_publicize_message":"","jetpack_publicize_feature_enabled":true,"jetpack_social_post_already_shared":false,"jetpack_social_options":{"image_generator_settings":{"template":"highway","default_image_id":0,"font":"","enabled":false},"version":2}},"product_brand":[164],"product_cat":[96,28,218],"product_tag":[385,384,324],"class_list":{"0":"post-4173","1":"product","2":"type-product","3":"status-publish","4":"has-post-thumbnail","6":"product_brand-gotoh","7":"product_cat-acessorios","8":"product_cat-eletricos","9":"product_cat-tarraxas-eletricos","10":"product_tag-6l","11":"product_tag-gotoh-sg381-05l-gg","12":"product_tag-tarraxa","14":"first","15":"instock","16":"shipping-taxable","17":"purchasable","18":"product-type-simple"},"aioseo_notices":[],"jetpack_publicize_connections":[],"jetpack_sharing_enabled":true,"_links":{"self":[{"href":"https:\/\/delaet.com.br\/pt_br\/wp-json\/wp\/v2\/product\/4173","targetHints":{"allow":["GET"]}}],"collection":[{"href":"https:\/\/delaet.com.br\/pt_br\/wp-json\/wp\/v2\/product"}],"about":[{"href":"https:\/\/delaet.com.br\/pt_br\/wp-json\/wp\/v2\/types\/product"}],"replies":[{"embeddable":true,"href":"https:\/\/delaet.com.br\/pt_br\/wp-json\/wp\/v2\/comments?post=4173"}],"wp:featuredmedia":[{"embeddable":true,"href":"https:\/\/delaet.com.br\/pt_br\/wp-json\/wp\/v2\/media\/4172"}],"wp:attachment":[{"href":"https:\/\/delaet.com.br\/pt_br\/wp-json\/wp\/v2\/media?parent=4173"}],"wp:term":[{"taxonomy":"product_brand","embeddable":true,"href":"https:\/\/delaet.com.br\/pt_br\/wp-json\/wp\/v2\/product_brand?post=4173"},{"taxonomy":"product_cat","embeddable":true,"href":"https:\/\/delaet.com.br\/pt_br\/wp-json\/wp\/v2\/product_cat?post=4173"},{"taxonomy":"product_tag","embeddable":true,"href":"https:\/\/delaet.com.br\/pt_br\/wp-json\/wp\/v2\/product_tag?post=4173"}],"curies":[{"name":"wp","href":"https:\/\/api.w.org\/{rel}","templated":true}]}}