{"id":4199,"date":"2026-04-12T10:21:31","date_gmt":"2026-04-12T13:21:31","guid":{"rendered":"https:\/\/delaet.com.br\/pt_br\/loja\/produto\/tarraxa-guitarra-blindada-l3r3-cromada-gotoh-sg381-05-c-f035\/"},"modified":"2026-04-17T19:48:59","modified_gmt":"2026-04-17T22:48:59","slug":"tarraxa-guitarra-blindada-l3r3-cromada-gotoh-sg381-05-c-f035","status":"publish","type":"product","link":"https:\/\/delaet.com.br\/pt_br\/loja\/produto\/tarraxa-guitarra-blindada-l3r3-cromada-gotoh-sg381-05-c-f035\/","title":{"rendered":"Tarraxa Guitarra Blindada (L3+R3) Cromada Gotoh SG381-05 C"},"content":{"rendered":"<p>Tarraxa para Guitarra Blindada Canhoto (L3+R3) em acabamento cromado, Gotoh SG381-05 C\/WS02.<\/p>\n<p>Cor:Cromada<br \/> Disposi\u00e7\u00e3o das tarraxas:3&#215;3<br \/> \u00c9 kit:Sim<br \/> Inclui parafusos:Sim<br \/> Instrumento Recomendado:Guitarra<br \/> Material:Metal<br \/> Quantidade de tarraxas:6<br \/> Unidades por embalagem:1<\/p>\n<p> Condi\u00e7\u00e3o do item:Novo<br \/> Fonte do Produto:Importado<br \/> G\u00eanero:Unissex<br \/> Marca:Gotoh<br \/> Modelo:SG381-05 C\/WS02<br \/> Origem:Jap\u00e3o<br \/> SKU:008934<br \/> C\u00f3digo de Barras:7899559812195<br \/> N\u00famero de pe\u00e7a:SG381-05 C\/WS02<br \/> Comprimento da embalagem:26 cm<br \/> Largura da embalagem:16 cm<br \/> Altura da embalagem:6 cm<br \/> Peso da embalagem:28 g<br \/> Tipo da embalagem:Sem embalagem adicional<\/p>\n<p><\/p>\n","protected":false},"excerpt":{"rendered":"<p>Tarraxa para Guitarra Blindada Canhoto (L3+R3) em acabamento cromado, Gotoh SG381-05 C\/WS02. Cor:Cromada Disposi\u00e7\u00e3o das tarraxas:3&#215;3 \u00c9 kit:Sim Inclui parafusos:Sim Instrumento Recomendado:Guitarra Material:Metal Quantidade de tarraxas:6 Unidades por embalagem:1 Condi\u00e7\u00e3o do item:Novo Fonte do Produto:Importado G\u00eanero:Unissex Marca:Gotoh Modelo:SG381-05 C\/WS02 Origem:Jap\u00e3o SKU:008934 C\u00f3digo de Barras:7899559812195 N\u00famero de pe\u00e7a:SG381-05 C\/WS02 Comprimento da embalagem:26 cm Largura da embalagem:16 [&hellip;]<\/p>\n","protected":false},"featured_media":4198,"comment_status":"open","ping_status":"closed","template":"","meta":{"om_disable_all_campaigns":false,"_monsterinsights_skip_tracking":false,"_monsterinsights_sitenote_active":false,"_monsterinsights_sitenote_note":"","_monsterinsights_sitenote_category":0,"jetpack_publicize_message":"","jetpack_publicize_feature_enabled":true,"jetpack_social_post_already_shared":false,"jetpack_social_options":{"image_generator_settings":{"template":"highway","default_image_id":0,"font":"","enabled":false},"version":2}},"product_brand":[164],"product_cat":[96,28,218],"product_tag":[370,349,328],"class_list":{"0":"post-4199","1":"product","2":"type-product","3":"status-publish","4":"has-post-thumbnail","6":"product_brand-gotoh","7":"product_cat-acessorios","8":"product_cat-eletricos","9":"product_cat-tarraxas-eletricos","10":"product_tag-gotoh-sg381-05-c","11":"product_tag-tarraxa-cromada","12":"product_tag-tarraxa-guitarra","14":"first","15":"instock","16":"shipping-taxable","17":"purchasable","18":"product-type-simple"},"aioseo_notices":[],"jetpack_publicize_connections":[],"jetpack_sharing_enabled":true,"_links":{"self":[{"href":"https:\/\/delaet.com.br\/pt_br\/wp-json\/wp\/v2\/product\/4199","targetHints":{"allow":["GET"]}}],"collection":[{"href":"https:\/\/delaet.com.br\/pt_br\/wp-json\/wp\/v2\/product"}],"about":[{"href":"https:\/\/delaet.com.br\/pt_br\/wp-json\/wp\/v2\/types\/product"}],"replies":[{"embeddable":true,"href":"https:\/\/delaet.com.br\/pt_br\/wp-json\/wp\/v2\/comments?post=4199"}],"wp:featuredmedia":[{"embeddable":true,"href":"https:\/\/delaet.com.br\/pt_br\/wp-json\/wp\/v2\/media\/4198"}],"wp:attachment":[{"href":"https:\/\/delaet.com.br\/pt_br\/wp-json\/wp\/v2\/media?parent=4199"}],"wp:term":[{"taxonomy":"product_brand","embeddable":true,"href":"https:\/\/delaet.com.br\/pt_br\/wp-json\/wp\/v2\/product_brand?post=4199"},{"taxonomy":"product_cat","embeddable":true,"href":"https:\/\/delaet.com.br\/pt_br\/wp-json\/wp\/v2\/product_cat?post=4199"},{"taxonomy":"product_tag","embeddable":true,"href":"https:\/\/delaet.com.br\/pt_br\/wp-json\/wp\/v2\/product_tag?post=4199"}],"curies":[{"name":"wp","href":"https:\/\/api.w.org\/{rel}","templated":true}]}}