{"id":4207,"date":"2026-04-12T10:21:53","date_gmt":"2026-04-12T13:21:53","guid":{"rendered":"https:\/\/delaet.com.br\/pt_br\/loja\/produto\/tarraxa-guitarra-blindada-cromada-3x3-spirit-j04-cr-r3l3-f035\/"},"modified":"2026-04-12T13:20:19","modified_gmt":"2026-04-12T16:20:19","slug":"tarraxa-guitarra-blindada-cromada-3x3-spirit-j04-cr-r3l3-f035","status":"publish","type":"product","link":"https:\/\/delaet.com.br\/pt_br\/loja\/produto\/tarraxa-guitarra-blindada-cromada-3x3-spirit-j04-cr-r3l3-f035\/","title":{"rendered":"Tarraxa Guitarra Blindada Cromada 3&#215;3 Spirit J04-CR-R3L3"},"content":{"rendered":"<p>Tarraxas para Guitarra com hardware em acabamento cromado e bot\u00e3o estilo tulipa em metal, 6 tarraxas 3&#215;3, design Les Paul, Spirit Guitar Parts J04-CR-R3L3.<br \/>\n&#8211; Engrenagens com precis\u00e3o de 15:1?<\/p>\n<p>Disposi\u00e7\u00e3o das tarraxas:R3\/L3<br \/> Instrumentos compat\u00edveis:Guitarra<br \/> Material:Metal<br \/> Inclui parafusos:N\u00e3o<br \/> Quantidade de tarraxas:6<br \/> SKU:006003<\/p>\n<p> Condi\u00e7\u00e3o:Novo<br \/> Cor:Cromada<br \/> C\u00f3digo Universal do Produto:7899559800147<br \/> G\u00eanero:Unissex<br \/> Linha:Spirit Guitar Parts<br \/> MPN:H1004C_90<br \/> Marca:Spirit<br \/> Modelo:J04-CR-R3L3<br \/> Origem:Cor\u00e9ia do Sul<br \/> Unidades por embalagem:6<br \/> \u00c9 kit:N\u00e3o<br \/> Instrumento Recomendado:Guitarra<\/p>\n<p><\/p>\n","protected":false},"excerpt":{"rendered":"<p>Tarraxas para Guitarra com hardware em acabamento cromado e bot\u00e3o estilo tulipa em metal, 6 tarraxas 3&#215;3, design Les Paul, Spirit Guitar Parts J04-CR-R3L3. &#8211; Engrenagens com precis\u00e3o de 15:1? Disposi\u00e7\u00e3o das tarraxas:R3\/L3 Instrumentos compat\u00edveis:Guitarra Material:Metal Inclui parafusos:N\u00e3o Quantidade de tarraxas:6 SKU:006003 Condi\u00e7\u00e3o:Novo Cor:Cromada C\u00f3digo Universal do Produto:7899559800147 G\u00eanero:Unissex Linha:Spirit Guitar Parts MPN:H1004C_90 Marca:Spirit Modelo:J04-CR-R3L3 [&hellip;]<\/p>\n","protected":false},"featured_media":4204,"comment_status":"open","ping_status":"closed","template":"","meta":{"om_disable_all_campaigns":false,"_monsterinsights_skip_tracking":false,"_monsterinsights_sitenote_active":false,"_monsterinsights_sitenote_note":"","_monsterinsights_sitenote_category":0,"jetpack_publicize_message":"","jetpack_publicize_feature_enabled":true,"jetpack_social_post_already_shared":false,"jetpack_social_options":{"image_generator_settings":{"template":"highway","default_image_id":0,"font":"","enabled":false},"version":2}},"product_brand":[165],"product_cat":[96,28,218],"product_tag":[354,365,349,328],"class_list":{"0":"post-4207","1":"product","2":"type-product","3":"status-publish","4":"has-post-thumbnail","6":"product_brand-spirit","7":"product_cat-acessorios","8":"product_cat-eletricos","9":"product_cat-tarraxas-eletricos","10":"product_tag-3l3r","11":"product_tag-3x3","12":"product_tag-tarraxa-cromada","13":"product_tag-tarraxa-guitarra","15":"first","16":"instock","17":"shipping-taxable","18":"purchasable","19":"product-type-simple"},"aioseo_notices":[],"jetpack_publicize_connections":[],"jetpack_sharing_enabled":true,"_links":{"self":[{"href":"https:\/\/delaet.com.br\/pt_br\/wp-json\/wp\/v2\/product\/4207","targetHints":{"allow":["GET"]}}],"collection":[{"href":"https:\/\/delaet.com.br\/pt_br\/wp-json\/wp\/v2\/product"}],"about":[{"href":"https:\/\/delaet.com.br\/pt_br\/wp-json\/wp\/v2\/types\/product"}],"replies":[{"embeddable":true,"href":"https:\/\/delaet.com.br\/pt_br\/wp-json\/wp\/v2\/comments?post=4207"}],"wp:featuredmedia":[{"embeddable":true,"href":"https:\/\/delaet.com.br\/pt_br\/wp-json\/wp\/v2\/media\/4204"}],"wp:attachment":[{"href":"https:\/\/delaet.com.br\/pt_br\/wp-json\/wp\/v2\/media?parent=4207"}],"wp:term":[{"taxonomy":"product_brand","embeddable":true,"href":"https:\/\/delaet.com.br\/pt_br\/wp-json\/wp\/v2\/product_brand?post=4207"},{"taxonomy":"product_cat","embeddable":true,"href":"https:\/\/delaet.com.br\/pt_br\/wp-json\/wp\/v2\/product_cat?post=4207"},{"taxonomy":"product_tag","embeddable":true,"href":"https:\/\/delaet.com.br\/pt_br\/wp-json\/wp\/v2\/product_tag?post=4207"}],"curies":[{"name":"wp","href":"https:\/\/api.w.org\/{rel}","templated":true}]}}