{"id":4220,"date":"2026-04-12T10:22:51","date_gmt":"2026-04-12T13:22:51","guid":{"rendered":"https:\/\/delaet.com.br\/pt_br\/loja\/produto\/tarraxa-guitarra-bronze-relic-l6-caveira-canhoto-spirit-f035\/"},"modified":"2026-04-12T13:13:47","modified_gmt":"2026-04-12T16:13:47","slug":"tarraxa-guitarra-bronze-relic-l6-caveira-canhoto-spirit-f035","status":"publish","type":"product","link":"https:\/\/delaet.com.br\/pt_br\/loja\/produto\/tarraxa-guitarra-bronze-relic-l6-caveira-canhoto-spirit-f035\/","title":{"rendered":"Tarraxa Guitarra Bronze Relic L6 Caveira Canhoto Spirit"},"content":{"rendered":"<p>Tarraxas para Guitarra com acabamento bronze envelhecido e bot\u00e3o de caveira pequena, 6 tarraxas individuais em linha para instrumentos canhotos e\/ou headstocks invertidos, Spirit Guitar Parts -J07SKL-ABR-L6.<br \/>\n&#8211; Bot\u00e3o da tarraxa adornado com uma caveira pequena<br \/>\n&#8211; Engrenagens com precis\u00e3o de 15:1<\/p>\n<p>Disposi\u00e7\u00e3o das tarraxas:L6<br \/> Instrumentos compat\u00edveis:Guitarra<br \/> Material:Metal<br \/> Inclui parafusos:N\u00e3o<br \/> Quantidade de tarraxas:6<br \/> SKU:021538<\/p>\n<p> Condi\u00e7\u00e3o:Novo<br \/> Cor:Bronze Relic<br \/> C\u00f3digo Universal do Produto:7899559805678<br \/> G\u00eanero:Unissex<br \/> Linha:Spirit Guitar Parts<br \/> MPN:H1281B_47<br \/> Marca:Spirit<br \/> Modelo:J07SKL-ABR-L6<br \/> Origem:Cor\u00e9ia do Sul<br \/> Unidades por embalagem:6<br \/> \u00c9 kit:N\u00e3o<br \/> Instrumento Recomendado:Guitarra<\/p>\n<p><\/p>\n","protected":false},"excerpt":{"rendered":"<p>Tarraxas para Guitarra com acabamento bronze envelhecido e bot\u00e3o de caveira pequena, 6 tarraxas individuais em linha para instrumentos canhotos e\/ou headstocks invertidos, Spirit Guitar Parts -J07SKL-ABR-L6. &#8211; Bot\u00e3o da tarraxa adornado com uma caveira pequena &#8211; Engrenagens com precis\u00e3o de 15:1 Disposi\u00e7\u00e3o das tarraxas:L6 Instrumentos compat\u00edveis:Guitarra Material:Metal Inclui parafusos:N\u00e3o Quantidade de tarraxas:6 SKU:021538 Condi\u00e7\u00e3o:Novo [&hellip;]<\/p>\n","protected":false},"featured_media":4219,"comment_status":"open","ping_status":"closed","template":"","meta":{"om_disable_all_campaigns":false,"jetpack_publicize_message":"","jetpack_publicize_feature_enabled":true,"jetpack_social_post_already_shared":false,"jetpack_social_options":{"image_generator_settings":{"template":"highway","default_image_id":0,"font":"","enabled":false},"version":2}},"product_brand":[165],"product_cat":[96,28,218],"product_tag":[366,361,328],"class_list":{"0":"post-4220","1":"product","2":"type-product","3":"status-publish","4":"has-post-thumbnail","6":"product_brand-spirit","7":"product_cat-acessorios","8":"product_cat-eletricos","9":"product_cat-tarraxas-eletricos","10":"product_tag-tarraxa-bronze","11":"product_tag-tarraxa-caveira","12":"product_tag-tarraxa-guitarra","14":"first","15":"instock","16":"shipping-taxable","17":"purchasable","18":"product-type-simple"},"aioseo_notices":[],"jetpack_publicize_connections":[],"jetpack_sharing_enabled":true,"_links":{"self":[{"href":"https:\/\/delaet.com.br\/pt_br\/wp-json\/wp\/v2\/product\/4220","targetHints":{"allow":["GET"]}}],"collection":[{"href":"https:\/\/delaet.com.br\/pt_br\/wp-json\/wp\/v2\/product"}],"about":[{"href":"https:\/\/delaet.com.br\/pt_br\/wp-json\/wp\/v2\/types\/product"}],"replies":[{"embeddable":true,"href":"https:\/\/delaet.com.br\/pt_br\/wp-json\/wp\/v2\/comments?post=4220"}],"wp:featuredmedia":[{"embeddable":true,"href":"https:\/\/delaet.com.br\/pt_br\/wp-json\/wp\/v2\/media\/4219"}],"wp:attachment":[{"href":"https:\/\/delaet.com.br\/pt_br\/wp-json\/wp\/v2\/media?parent=4220"}],"wp:term":[{"taxonomy":"product_brand","embeddable":true,"href":"https:\/\/delaet.com.br\/pt_br\/wp-json\/wp\/v2\/product_brand?post=4220"},{"taxonomy":"product_cat","embeddable":true,"href":"https:\/\/delaet.com.br\/pt_br\/wp-json\/wp\/v2\/product_cat?post=4220"},{"taxonomy":"product_tag","embeddable":true,"href":"https:\/\/delaet.com.br\/pt_br\/wp-json\/wp\/v2\/product_tag?post=4220"}],"curies":[{"name":"wp","href":"https:\/\/api.w.org\/{rel}","templated":true}]}}