{"id":4229,"date":"2026-04-12T10:23:31","date_gmt":"2026-04-12T13:23:31","guid":{"rendered":"https:\/\/delaet.com.br\/pt_br\/loja\/produto\/tarraxa-guitarra-preto-perolado-caveira-l6-canhoto-spirit-f035\/"},"modified":"2026-04-12T13:07:07","modified_gmt":"2026-04-12T16:07:07","slug":"tarraxa-guitarra-preto-perolado-caveira-l6-canhoto-spirit-f035","status":"publish","type":"product","link":"https:\/\/delaet.com.br\/pt_br\/loja\/produto\/tarraxa-guitarra-preto-perolado-caveira-l6-canhoto-spirit-f035\/","title":{"rendered":"Tarraxa Guitarra Preto Perolado Caveira L6 Canhoto Spirit"},"content":{"rendered":"<p>Tarraxas para Guitarra com acabamento preto perolado e bot\u00e3o de caveira pequena, 6 tarraxas individuais em linha para instrumentos canhotos e\/ou headstocks invertidos, Spirit Guitar Parts -J07SKL-PBK-L6.<br \/>\n&#8211; Bot\u00e3o da tarraxa adornado com uma caveira pequena<br \/>\n&#8211; Engrenagens com precis\u00e3o de 15:1<\/p>\n<p>Disposi\u00e7\u00e3o das tarraxas:L6<br \/> Instrumentos compat\u00edveis:Guitarra<br \/> Material:Metal<br \/> Inclui parafusos:N\u00e3o<br \/> Quantidade de tarraxas:6<br \/> SKU:021544<\/p>\n<p> Condi\u00e7\u00e3o:Novo<br \/> Cor:Preto Perolado<br \/> C\u00f3digo Universal do Produto:7899559805739<br \/> G\u00eanero:Unissex<br \/> Linha:Spirit Guitar Parts<br \/> MPN:H1281B_05<br \/> Marca:Spirit<br \/> Modelo:J07SKL-PBK-L6<br \/> Origem:Cor\u00e9ia do Sul<br \/> Unidades por embalagem:6<br \/> \u00c9 kit:N\u00e3o<br \/> Instrumento Recomendado:Guitarra<\/p>\n<p><\/p>\n","protected":false},"excerpt":{"rendered":"<p>Tarraxas para Guitarra com acabamento preto perolado e bot\u00e3o de caveira pequena, 6 tarraxas individuais em linha para instrumentos canhotos e\/ou headstocks invertidos, Spirit Guitar Parts -J07SKL-PBK-L6. &#8211; Bot\u00e3o da tarraxa adornado com uma caveira pequena &#8211; Engrenagens com precis\u00e3o de 15:1 Disposi\u00e7\u00e3o das tarraxas:L6 Instrumentos compat\u00edveis:Guitarra Material:Metal Inclui parafusos:N\u00e3o Quantidade de tarraxas:6 SKU:021544 Condi\u00e7\u00e3o:Novo [&hellip;]<\/p>\n","protected":false},"featured_media":4228,"comment_status":"open","ping_status":"closed","template":"","meta":{"om_disable_all_campaigns":false,"_monsterinsights_skip_tracking":false,"_monsterinsights_sitenote_active":false,"_monsterinsights_sitenote_note":"","_monsterinsights_sitenote_category":0,"jetpack_publicize_message":"","jetpack_publicize_feature_enabled":true,"jetpack_social_post_already_shared":false,"jetpack_social_options":{"image_generator_settings":{"template":"highway","default_image_id":0,"font":"","enabled":false},"version":2}},"product_brand":[165],"product_cat":[96,28,218],"product_tag":[329,316,328,360],"class_list":{"0":"post-4229","1":"product","2":"type-product","3":"status-publish","4":"has-post-thumbnail","6":"product_brand-spirit","7":"product_cat-acessorios","8":"product_cat-eletricos","9":"product_cat-tarraxas-eletricos","10":"product_tag-l6","11":"product_tag-spirit","12":"product_tag-tarraxa-guitarra","13":"product_tag-tarraxa-preto-perolado","15":"first","16":"instock","17":"shipping-taxable","18":"purchasable","19":"product-type-simple"},"aioseo_notices":[],"jetpack_publicize_connections":[],"jetpack_sharing_enabled":true,"_links":{"self":[{"href":"https:\/\/delaet.com.br\/pt_br\/wp-json\/wp\/v2\/product\/4229","targetHints":{"allow":["GET"]}}],"collection":[{"href":"https:\/\/delaet.com.br\/pt_br\/wp-json\/wp\/v2\/product"}],"about":[{"href":"https:\/\/delaet.com.br\/pt_br\/wp-json\/wp\/v2\/types\/product"}],"replies":[{"embeddable":true,"href":"https:\/\/delaet.com.br\/pt_br\/wp-json\/wp\/v2\/comments?post=4229"}],"wp:featuredmedia":[{"embeddable":true,"href":"https:\/\/delaet.com.br\/pt_br\/wp-json\/wp\/v2\/media\/4228"}],"wp:attachment":[{"href":"https:\/\/delaet.com.br\/pt_br\/wp-json\/wp\/v2\/media?parent=4229"}],"wp:term":[{"taxonomy":"product_brand","embeddable":true,"href":"https:\/\/delaet.com.br\/pt_br\/wp-json\/wp\/v2\/product_brand?post=4229"},{"taxonomy":"product_cat","embeddable":true,"href":"https:\/\/delaet.com.br\/pt_br\/wp-json\/wp\/v2\/product_cat?post=4229"},{"taxonomy":"product_tag","embeddable":true,"href":"https:\/\/delaet.com.br\/pt_br\/wp-json\/wp\/v2\/product_tag?post=4229"}],"curies":[{"name":"wp","href":"https:\/\/api.w.org\/{rel}","templated":true}]}}