{"id":4231,"date":"2026-04-12T10:23:40","date_gmt":"2026-04-12T13:23:40","guid":{"rendered":"https:\/\/delaet.com.br\/pt_br\/loja\/produto\/tarraxa-para-baixo-cromada-2x2-spirit-jb61-cr-r2l2-f035\/"},"modified":"2026-04-12T13:05:31","modified_gmt":"2026-04-12T16:05:31","slug":"tarraxa-para-baixo-cromada-2x2-spirit-jb61-cr-r2l2-f035","status":"publish","type":"product","link":"https:\/\/delaet.com.br\/pt_br\/loja\/produto\/tarraxa-para-baixo-cromada-2x2-spirit-jb61-cr-r2l2-f035\/","title":{"rendered":"Tarraxa Para Baixo Cromada 2&#215;2 Spirit JB61-CR-R2L2"},"content":{"rendered":"<p>Tarraxas para Baixo com acabamento cromado, 4 tarraxas 2&#215;2, Spirit Guitar Parts JB61-CR-R2L2.<br \/>\n&#8211; Engrenagens com precis\u00e3o de 17:1?<\/p>\n<p>Disposi\u00e7\u00e3o das tarraxas:R2\/L2<br \/> Instrumentos compat\u00edveis:Baixo<br \/> Material:Metal<br \/> Inclui parafusos:N\u00e3o<br \/> Quantidade de tarraxas:4<br \/> SKU:021568<\/p>\n<p> Condi\u00e7\u00e3o:Novo<br \/> Cor:Cromada<br \/> C\u00f3digo Universal do Produto:7899559805975<br \/> G\u00eanero:Unissex<br \/> Linha:Spirit Guitar Parts<br \/> MPN:H1761F_90<br \/> Marca:Spirit<br \/> Modelo:JB61-CR-R2L2<br \/> Origem:Cor\u00e9ia do Sul<br \/> Unidades por embalagem:4<br \/> \u00c9 kit:N\u00e3o<br \/> Instrumento Recomendado:Baixo<\/p>\n<p><\/p>\n","protected":false},"excerpt":{"rendered":"<p>Tarraxas para Baixo com acabamento cromado, 4 tarraxas 2&#215;2, Spirit Guitar Parts JB61-CR-R2L2. &#8211; Engrenagens com precis\u00e3o de 17:1? Disposi\u00e7\u00e3o das tarraxas:R2\/L2 Instrumentos compat\u00edveis:Baixo Material:Metal Inclui parafusos:N\u00e3o Quantidade de tarraxas:4 SKU:021568 Condi\u00e7\u00e3o:Novo Cor:Cromada C\u00f3digo Universal do Produto:7899559805975 G\u00eanero:Unissex Linha:Spirit Guitar Parts MPN:H1761F_90 Marca:Spirit Modelo:JB61-CR-R2L2 Origem:Cor\u00e9ia do Sul Unidades por embalagem:4 \u00c9 kit:N\u00e3o Instrumento Recomendado:Baixo<\/p>\n","protected":false},"featured_media":4230,"comment_status":"open","ping_status":"closed","template":"","meta":{"om_disable_all_campaigns":false,"_monsterinsights_skip_tracking":false,"_monsterinsights_sitenote_active":false,"_monsterinsights_sitenote_note":"","_monsterinsights_sitenote_category":0,"jetpack_publicize_message":"","jetpack_publicize_feature_enabled":true,"jetpack_social_post_already_shared":false,"jetpack_social_options":{"image_generator_settings":{"template":"highway","default_image_id":0,"font":"","enabled":false},"version":2}},"product_brand":[165],"product_cat":[96,28,218],"product_tag":[358,359,349,357],"class_list":{"0":"post-4231","1":"product","2":"type-product","3":"status-publish","4":"has-post-thumbnail","6":"product_brand-spirit","7":"product_cat-acessorios","8":"product_cat-eletricos","9":"product_cat-tarraxas-eletricos","10":"product_tag-2r2l","11":"product_tag-spirit-jb61-cr-r2l2","12":"product_tag-tarraxa-cromada","13":"product_tag-tarraxa-para-baixo","15":"first","16":"instock","17":"shipping-taxable","18":"purchasable","19":"product-type-simple"},"aioseo_notices":[],"jetpack_publicize_connections":[],"jetpack_sharing_enabled":true,"_links":{"self":[{"href":"https:\/\/delaet.com.br\/pt_br\/wp-json\/wp\/v2\/product\/4231","targetHints":{"allow":["GET"]}}],"collection":[{"href":"https:\/\/delaet.com.br\/pt_br\/wp-json\/wp\/v2\/product"}],"about":[{"href":"https:\/\/delaet.com.br\/pt_br\/wp-json\/wp\/v2\/types\/product"}],"replies":[{"embeddable":true,"href":"https:\/\/delaet.com.br\/pt_br\/wp-json\/wp\/v2\/comments?post=4231"}],"wp:featuredmedia":[{"embeddable":true,"href":"https:\/\/delaet.com.br\/pt_br\/wp-json\/wp\/v2\/media\/4230"}],"wp:attachment":[{"href":"https:\/\/delaet.com.br\/pt_br\/wp-json\/wp\/v2\/media?parent=4231"}],"wp:term":[{"taxonomy":"product_brand","embeddable":true,"href":"https:\/\/delaet.com.br\/pt_br\/wp-json\/wp\/v2\/product_brand?post=4231"},{"taxonomy":"product_cat","embeddable":true,"href":"https:\/\/delaet.com.br\/pt_br\/wp-json\/wp\/v2\/product_cat?post=4231"},{"taxonomy":"product_tag","embeddable":true,"href":"https:\/\/delaet.com.br\/pt_br\/wp-json\/wp\/v2\/product_tag?post=4231"}],"curies":[{"name":"wp","href":"https:\/\/api.w.org\/{rel}","templated":true}]}}