{"id":4236,"date":"2026-04-12T10:23:56","date_gmt":"2026-04-12T13:23:56","guid":{"rendered":"https:\/\/delaet.com.br\/pt_br\/loja\/produto\/tarraxa-para-guitarra-blindada-cromada-r6-spirit-j05-cr-r6-f035\/"},"modified":"2026-04-12T13:03:06","modified_gmt":"2026-04-12T16:03:06","slug":"tarraxa-para-guitarra-blindada-cromada-r6-spirit-j05-cr-r6-f035","status":"publish","type":"product","link":"https:\/\/delaet.com.br\/pt_br\/loja\/produto\/tarraxa-para-guitarra-blindada-cromada-r6-spirit-j05-cr-r6-f035\/","title":{"rendered":"Tarraxa Para Guitarra Blindada Cromada R6 Spirit J05-CR-R6"},"content":{"rendered":"<p>Tarraxas para Guitarra blindada com acabamento cromado, 6 tarraxas em linha com bot\u00e3o em formato oval, Spirit Guitar Parts J05-CR-R6.<br \/>\n&#8211; Engrenagens com precis\u00e3o de 15:1<\/p>\n<p>Disposi\u00e7\u00e3o das tarraxas:R6<br \/> Instrumentos compat\u00edveis:Guitarra<br \/> Material:Metal<br \/> Inclui parafusos:N\u00e3o<br \/> Quantidade de tarraxas:&#8217;6 &#8216;<br \/> SKU:005994<\/p>\n<p> Condi\u00e7\u00e3o:Novo<br \/> Cor:Cromada<br \/> C\u00f3digo Universal do Produto:7899559800055<br \/> G\u00eanero:Unissex<br \/> Linha:Spirit Guitar Parts<br \/> MPN:H1005A_90<br \/> Marca:Spirit<br \/> Modelo:J05-CR-R6<br \/> Origem:Cor\u00e9ia do Sul<br \/> Unidades por embalagem:6<br \/> \u00c9 kit:N\u00e3o<br \/> Instrumento Recomendado:Guitarra<\/p>\n<p><\/p>\n","protected":false},"excerpt":{"rendered":"<p>Tarraxas para Guitarra blindada com acabamento cromado, 6 tarraxas em linha com bot\u00e3o em formato oval, Spirit Guitar Parts J05-CR-R6. &#8211; Engrenagens com precis\u00e3o de 15:1 Disposi\u00e7\u00e3o das tarraxas:R6 Instrumentos compat\u00edveis:Guitarra Material:Metal Inclui parafusos:N\u00e3o Quantidade de tarraxas:&#8217;6 &#8216; SKU:005994 Condi\u00e7\u00e3o:Novo Cor:Cromada C\u00f3digo Universal do Produto:7899559800055 G\u00eanero:Unissex Linha:Spirit Guitar Parts MPN:H1005A_90 Marca:Spirit Modelo:J05-CR-R6 Origem:Cor\u00e9ia do Sul [&hellip;]<\/p>\n","protected":false},"featured_media":4234,"comment_status":"open","ping_status":"closed","template":"","meta":{"om_disable_all_campaigns":false,"_monsterinsights_skip_tracking":false,"_monsterinsights_sitenote_active":false,"_monsterinsights_sitenote_note":"","_monsterinsights_sitenote_category":0,"jetpack_publicize_message":"","jetpack_publicize_feature_enabled":true,"jetpack_social_post_already_shared":false,"jetpack_social_options":{"image_generator_settings":{"template":"highway","default_image_id":0,"font":"","enabled":false},"version":2}},"product_brand":[165],"product_cat":[96,28,218],"product_tag":[350,353,349,343,352],"class_list":{"0":"post-4236","1":"product","2":"type-product","3":"status-publish","4":"has-post-thumbnail","6":"product_brand-spirit","7":"product_cat-acessorios","8":"product_cat-eletricos","9":"product_cat-tarraxas-eletricos","10":"product_tag-6r","11":"product_tag-spirit-j05-cr-r6","12":"product_tag-tarraxa-cromada","13":"product_tag-tarraxa-para-guitarra","14":"product_tag-tuning-machines","16":"first","17":"instock","18":"shipping-taxable","19":"purchasable","20":"product-type-simple"},"aioseo_notices":[],"jetpack_publicize_connections":[],"jetpack_sharing_enabled":true,"_links":{"self":[{"href":"https:\/\/delaet.com.br\/pt_br\/wp-json\/wp\/v2\/product\/4236","targetHints":{"allow":["GET"]}}],"collection":[{"href":"https:\/\/delaet.com.br\/pt_br\/wp-json\/wp\/v2\/product"}],"about":[{"href":"https:\/\/delaet.com.br\/pt_br\/wp-json\/wp\/v2\/types\/product"}],"replies":[{"embeddable":true,"href":"https:\/\/delaet.com.br\/pt_br\/wp-json\/wp\/v2\/comments?post=4236"}],"wp:featuredmedia":[{"embeddable":true,"href":"https:\/\/delaet.com.br\/pt_br\/wp-json\/wp\/v2\/media\/4234"}],"wp:attachment":[{"href":"https:\/\/delaet.com.br\/pt_br\/wp-json\/wp\/v2\/media?parent=4236"}],"wp:term":[{"taxonomy":"product_brand","embeddable":true,"href":"https:\/\/delaet.com.br\/pt_br\/wp-json\/wp\/v2\/product_brand?post=4236"},{"taxonomy":"product_cat","embeddable":true,"href":"https:\/\/delaet.com.br\/pt_br\/wp-json\/wp\/v2\/product_cat?post=4236"},{"taxonomy":"product_tag","embeddable":true,"href":"https:\/\/delaet.com.br\/pt_br\/wp-json\/wp\/v2\/product_tag?post=4236"}],"curies":[{"name":"wp","href":"https:\/\/api.w.org\/{rel}","templated":true}]}}