{"id":4246,"date":"2026-04-12T10:24:35","date_gmt":"2026-04-12T13:24:35","guid":{"rendered":"https:\/\/delaet.com.br\/pt_br\/loja\/produto\/tarraxa-para-guitarra-blindada-preta-r6-spirit-j07-bk-r6-f035\/"},"modified":"2026-04-12T12:58:43","modified_gmt":"2026-04-12T15:58:43","slug":"tarraxa-para-guitarra-blindada-preta-r6-spirit-j07-bk-r6-f035","status":"publish","type":"product","link":"https:\/\/delaet.com.br\/pt_br\/loja\/produto\/tarraxa-para-guitarra-blindada-preta-r6-spirit-j07-bk-r6-f035\/","title":{"rendered":"Tarraxa Para Guitarra Blindada Preta R6 Spirit J07-BK-R6"},"content":{"rendered":"<p>Tarraxas para Guitarra blindada com acabamento preto, 6 tarraxas em linha, Spirit Guitar Parts J07-BK-R6.<br \/>\n&#8211; Engrenagens com precis\u00e3o de 15:1<\/p>\n<p>Disposi\u00e7\u00e3o das tarraxas:R6<br \/> Instrumentos compat\u00edveis:Guitarra<br \/> Material:Metal<br \/> Inclui parafusos:N\u00e3o<br \/> Quantidade de tarraxas:&#8217;6 &#8216;<br \/> SKU:005999<\/p>\n<p> Condi\u00e7\u00e3o:Novo<br \/> Cor:Preta<br \/> C\u00f3digo Universal do Produto:7899559800109<br \/> G\u00eanero:Unissex<br \/> Linha:Spirit Guitar Parts<br \/> MPN:H1007A_00<br \/> Marca:Spirit<br \/> Modelo:J07-BK-R6<br \/> Origem:Cor\u00e9ia do Sul<br \/> Unidades por embalagem:6<br \/> \u00c9 kit:N\u00e3o<br \/> Instrumento Recomendado:Guitarra<\/p>\n<p><\/p>\n","protected":false},"excerpt":{"rendered":"<p>Tarraxas para Guitarra blindada com acabamento preto, 6 tarraxas em linha, Spirit Guitar Parts J07-BK-R6. &#8211; Engrenagens com precis\u00e3o de 15:1 Disposi\u00e7\u00e3o das tarraxas:R6 Instrumentos compat\u00edveis:Guitarra Material:Metal Inclui parafusos:N\u00e3o Quantidade de tarraxas:&#8217;6 &#8216; SKU:005999 Condi\u00e7\u00e3o:Novo Cor:Preta C\u00f3digo Universal do Produto:7899559800109 G\u00eanero:Unissex Linha:Spirit Guitar Parts MPN:H1007A_00 Marca:Spirit Modelo:J07-BK-R6 Origem:Cor\u00e9ia do Sul Unidades por embalagem:6 \u00c9 kit:N\u00e3o [&hellip;]<\/p>\n","protected":false},"featured_media":4245,"comment_status":"open","ping_status":"closed","template":"","meta":{"om_disable_all_campaigns":false,"_monsterinsights_skip_tracking":false,"_monsterinsights_sitenote_active":false,"_monsterinsights_sitenote_note":"","_monsterinsights_sitenote_category":0,"jetpack_publicize_message":"","jetpack_publicize_feature_enabled":true,"jetpack_social_post_already_shared":false,"jetpack_social_options":{"image_generator_settings":{"template":"highway","default_image_id":0,"font":"","enabled":false},"version":2}},"product_brand":[165],"product_cat":[96,28,218],"product_tag":[345,346,343,344],"class_list":{"0":"post-4246","1":"product","2":"type-product","3":"status-publish","4":"has-post-thumbnail","6":"product_brand-spirit","7":"product_cat-acessorios","8":"product_cat-eletricos","9":"product_cat-tarraxas-eletricos","10":"product_tag-r6","11":"product_tag-spirit-j07-bk","12":"product_tag-tarraxa-para-guitarra","13":"product_tag-tarraxa-preta","15":"first","16":"instock","17":"shipping-taxable","18":"purchasable","19":"product-type-simple"},"aioseo_notices":[],"jetpack_publicize_connections":[],"jetpack_sharing_enabled":true,"_links":{"self":[{"href":"https:\/\/delaet.com.br\/pt_br\/wp-json\/wp\/v2\/product\/4246","targetHints":{"allow":["GET"]}}],"collection":[{"href":"https:\/\/delaet.com.br\/pt_br\/wp-json\/wp\/v2\/product"}],"about":[{"href":"https:\/\/delaet.com.br\/pt_br\/wp-json\/wp\/v2\/types\/product"}],"replies":[{"embeddable":true,"href":"https:\/\/delaet.com.br\/pt_br\/wp-json\/wp\/v2\/comments?post=4246"}],"wp:featuredmedia":[{"embeddable":true,"href":"https:\/\/delaet.com.br\/pt_br\/wp-json\/wp\/v2\/media\/4245"}],"wp:attachment":[{"href":"https:\/\/delaet.com.br\/pt_br\/wp-json\/wp\/v2\/media?parent=4246"}],"wp:term":[{"taxonomy":"product_brand","embeddable":true,"href":"https:\/\/delaet.com.br\/pt_br\/wp-json\/wp\/v2\/product_brand?post=4246"},{"taxonomy":"product_cat","embeddable":true,"href":"https:\/\/delaet.com.br\/pt_br\/wp-json\/wp\/v2\/product_cat?post=4246"},{"taxonomy":"product_tag","embeddable":true,"href":"https:\/\/delaet.com.br\/pt_br\/wp-json\/wp\/v2\/product_tag?post=4246"}],"curies":[{"name":"wp","href":"https:\/\/api.w.org\/{rel}","templated":true}]}}