{"id":4277,"date":"2026-04-12T10:26:35","date_gmt":"2026-04-12T13:26:35","guid":{"rendered":"https:\/\/delaet.com.br\/pt_br\/loja\/produto\/tensor-para-baixo-duas-vias-spirit-ldt-m4-580l-f035\/"},"modified":"2026-04-12T12:30:28","modified_gmt":"2026-04-12T15:30:28","slug":"tensor-para-baixo-duas-vias-spirit-ldt-m4-580l-f035","status":"publish","type":"product","link":"https:\/\/delaet.com.br\/pt_br\/loja\/produto\/tensor-para-baixo-duas-vias-spirit-ldt-m4-580l-f035\/","title":{"rendered":"Tensor Para Baixo Duas Vias Spirit LDT M4-580L"},"content":{"rendered":"<p>Tensor para Baixo, duas vias com ajuste para regulagem da angula\u00e7\u00e3o do bra\u00e7o do instrumento, Spirit Guitar Parts &#8211; LDT M4-580L.<\/p>\n<p> Condi\u00e7\u00e3o:Novo<br \/> Cor:N\/A<br \/> C\u00f3digo Universal do Produto:7899559811471<br \/> G\u00eanero:Unissex<br \/> Inclui parafusos:N\u00e3o<br \/> Instrumento Recomendado:Baixo<br \/> Instrumentos compat\u00edveis:Baixo<br \/> Linha:Spirit Guitar Parts<br \/> MPN:H5635_7<br \/> Marca:Spirit<br \/> Material:Metal<br \/> Modelo:H5635_7<br \/> Origem:Cor\u00e9ia do Sul<br \/> Posi\u00e7\u00e3o do captador:N\/A<br \/> SKU:035361<br \/> Tipo de captador:N\/A<br \/> Unidades por embalagem:1<br \/> \u00c9 kit:N\u00e3o<\/p>\n<p><\/p>\n","protected":false},"excerpt":{"rendered":"<p>Tensor para Baixo, duas vias com ajuste para regulagem da angula\u00e7\u00e3o do bra\u00e7o do instrumento, Spirit Guitar Parts &#8211; LDT M4-580L. Condi\u00e7\u00e3o:Novo Cor:N\/A C\u00f3digo Universal do Produto:7899559811471 G\u00eanero:Unissex Inclui parafusos:N\u00e3o Instrumento Recomendado:Baixo Instrumentos compat\u00edveis:Baixo Linha:Spirit Guitar Parts MPN:H5635_7 Marca:Spirit Material:Metal Modelo:H5635_7 Origem:Cor\u00e9ia do Sul Posi\u00e7\u00e3o do captador:N\/A SKU:035361 Tipo de captador:N\/A Unidades por embalagem:1 \u00c9 [&hellip;]<\/p>\n","protected":false},"featured_media":4275,"comment_status":"open","ping_status":"closed","template":"","meta":{"om_disable_all_campaigns":false,"_monsterinsights_skip_tracking":false,"_monsterinsights_sitenote_active":false,"_monsterinsights_sitenote_note":"","_monsterinsights_sitenote_category":0,"jetpack_publicize_message":"","jetpack_publicize_feature_enabled":true,"jetpack_social_post_already_shared":false,"jetpack_social_options":{"image_generator_settings":{"template":"highway","default_image_id":0,"font":"","enabled":false},"version":2}},"product_brand":[165],"product_cat":[276,306],"product_tag":[312,311,309,304],"class_list":{"0":"post-4277","1":"product","2":"type-product","3":"status-publish","4":"has-post-thumbnail","6":"product_brand-spirit","7":"product_cat-luthier","8":"product_cat-truss-rod","9":"product_tag-spirit-ldt-m4-580l","10":"product_tag-tensor-dupla-acao","11":"product_tag-tensor-para-baixo","12":"product_tag-truss-rod","14":"first","15":"instock","16":"shipping-taxable","17":"purchasable","18":"product-type-simple"},"aioseo_notices":[],"jetpack_publicize_connections":[],"jetpack_sharing_enabled":true,"_links":{"self":[{"href":"https:\/\/delaet.com.br\/pt_br\/wp-json\/wp\/v2\/product\/4277","targetHints":{"allow":["GET"]}}],"collection":[{"href":"https:\/\/delaet.com.br\/pt_br\/wp-json\/wp\/v2\/product"}],"about":[{"href":"https:\/\/delaet.com.br\/pt_br\/wp-json\/wp\/v2\/types\/product"}],"replies":[{"embeddable":true,"href":"https:\/\/delaet.com.br\/pt_br\/wp-json\/wp\/v2\/comments?post=4277"}],"wp:featuredmedia":[{"embeddable":true,"href":"https:\/\/delaet.com.br\/pt_br\/wp-json\/wp\/v2\/media\/4275"}],"wp:attachment":[{"href":"https:\/\/delaet.com.br\/pt_br\/wp-json\/wp\/v2\/media?parent=4277"}],"wp:term":[{"taxonomy":"product_brand","embeddable":true,"href":"https:\/\/delaet.com.br\/pt_br\/wp-json\/wp\/v2\/product_brand?post=4277"},{"taxonomy":"product_cat","embeddable":true,"href":"https:\/\/delaet.com.br\/pt_br\/wp-json\/wp\/v2\/product_cat?post=4277"},{"taxonomy":"product_tag","embeddable":true,"href":"https:\/\/delaet.com.br\/pt_br\/wp-json\/wp\/v2\/product_tag?post=4277"}],"curies":[{"name":"wp","href":"https:\/\/api.w.org\/{rel}","templated":true}]}}