{"id":4287,"date":"2026-04-12T10:27:08","date_gmt":"2026-04-12T13:27:08","guid":{"rendered":"https:\/\/delaet.com.br\/pt_br\/loja\/produto\/tensor-para-guitarra-violao-duas-vias-spirit-ldt-m4-432l-f035\/"},"modified":"2026-04-12T12:25:59","modified_gmt":"2026-04-12T15:25:59","slug":"tensor-para-guitarra-violao-duas-vias-spirit-ldt-m4-432l-f035","status":"publish","type":"product","link":"https:\/\/delaet.com.br\/pt_br\/loja\/produto\/tensor-para-guitarra-violao-duas-vias-spirit-ldt-m4-432l-f035\/","title":{"rendered":"Tensor Para Guitarra\/Viol\u00e3o Duas Vias Spirit LDT M4-432L"},"content":{"rendered":"<p>Tensor para Guitarra e Viol\u00e3o, duas vias com ajuste para regulagem da angula\u00e7\u00e3o do bra\u00e7o do instrumento, Spirit Guitar Parts &#8211; LDT M4-432L.<\/p>\n<p> Condi\u00e7\u00e3o:Novo<br \/> Cor:N\/A<br \/> C\u00f3digo Universal do Produto:7899559811488<br \/> G\u00eanero:Unissex<br \/> Inclui parafusos:N\u00e3o<br \/> Instrumento Recomendado:Guitarra\/Viol\u00e3o<br \/> Instrumentos compat\u00edveis:Guitarra\/Viol\u00e3o<br \/> Linha:Spirit Guitar Parts<br \/> MPN:H5635_4<br \/> Marca:Spirit<br \/> Material:Metal<br \/> Modelo:H5635_4<br \/> Origem:Cor\u00e9ia do Sul<br \/> Posi\u00e7\u00e3o do captador:N\/A<br \/> SKU:035360<br \/> Tipo de captador:N\/A<br \/> Unidades por embalagem:1<br \/> \u00c9 kit:N\u00e3o<\/p>\n<p><\/p>\n","protected":false},"excerpt":{"rendered":"<p>Tensor para Guitarra e Viol\u00e3o, duas vias com ajuste para regulagem da angula\u00e7\u00e3o do bra\u00e7o do instrumento, Spirit Guitar Parts &#8211; LDT M4-432L. Condi\u00e7\u00e3o:Novo Cor:N\/A C\u00f3digo Universal do Produto:7899559811488 G\u00eanero:Unissex Inclui parafusos:N\u00e3o Instrumento Recomendado:Guitarra\/Viol\u00e3o Instrumentos compat\u00edveis:Guitarra\/Viol\u00e3o Linha:Spirit Guitar Parts MPN:H5635_4 Marca:Spirit Material:Metal Modelo:H5635_4 Origem:Cor\u00e9ia do Sul Posi\u00e7\u00e3o do captador:N\/A SKU:035360 Tipo de captador:N\/A Unidades por [&hellip;]<\/p>\n","protected":false},"featured_media":4285,"comment_status":"open","ping_status":"closed","template":"","meta":{"om_disable_all_campaigns":false,"_monsterinsights_skip_tracking":false,"_monsterinsights_sitenote_active":false,"_monsterinsights_sitenote_note":"","_monsterinsights_sitenote_category":0,"jetpack_publicize_message":"","jetpack_publicize_feature_enabled":true,"jetpack_social_post_already_shared":false,"jetpack_social_options":{"image_generator_settings":{"template":"highway","default_image_id":0,"font":"","enabled":false},"version":2}},"product_brand":[165],"product_cat":[96,223,276,306],"product_tag":[307,302,303,304],"class_list":{"0":"post-4287","1":"product","2":"type-product","3":"status-publish","4":"has-post-thumbnail","6":"product_brand-spirit","7":"product_cat-acessorios","8":"product_cat-outros","9":"product_cat-luthier","10":"product_cat-truss-rod","11":"product_tag-spirit-ldt-m4-432l","12":"product_tag-tensor-para-guitarra","13":"product_tag-tensor-para-violao","14":"product_tag-truss-rod","16":"first","17":"instock","18":"shipping-taxable","19":"purchasable","20":"product-type-simple"},"aioseo_notices":[],"jetpack_publicize_connections":[],"jetpack_sharing_enabled":true,"_links":{"self":[{"href":"https:\/\/delaet.com.br\/pt_br\/wp-json\/wp\/v2\/product\/4287","targetHints":{"allow":["GET"]}}],"collection":[{"href":"https:\/\/delaet.com.br\/pt_br\/wp-json\/wp\/v2\/product"}],"about":[{"href":"https:\/\/delaet.com.br\/pt_br\/wp-json\/wp\/v2\/types\/product"}],"replies":[{"embeddable":true,"href":"https:\/\/delaet.com.br\/pt_br\/wp-json\/wp\/v2\/comments?post=4287"}],"wp:featuredmedia":[{"embeddable":true,"href":"https:\/\/delaet.com.br\/pt_br\/wp-json\/wp\/v2\/media\/4285"}],"wp:attachment":[{"href":"https:\/\/delaet.com.br\/pt_br\/wp-json\/wp\/v2\/media?parent=4287"}],"wp:term":[{"taxonomy":"product_brand","embeddable":true,"href":"https:\/\/delaet.com.br\/pt_br\/wp-json\/wp\/v2\/product_brand?post=4287"},{"taxonomy":"product_cat","embeddable":true,"href":"https:\/\/delaet.com.br\/pt_br\/wp-json\/wp\/v2\/product_cat?post=4287"},{"taxonomy":"product_tag","embeddable":true,"href":"https:\/\/delaet.com.br\/pt_br\/wp-json\/wp\/v2\/product_tag?post=4287"}],"curies":[{"name":"wp","href":"https:\/\/api.w.org\/{rel}","templated":true}]}}