{"id":4333,"date":"2026-04-12T10:29:48","date_gmt":"2026-04-12T13:29:48","guid":{"rendered":"https:\/\/delaet.com.br\/pt_br\/loja\/produto\/umidificador-para-violao-d-addario-soundhole-humidifier-gh-f035\/"},"modified":"2026-04-12T12:15:00","modified_gmt":"2026-04-12T15:15:00","slug":"umidificador-para-violao-d-addario-soundhole-humidifier-gh-f035","status":"publish","type":"product","link":"https:\/\/delaet.com.br\/pt_br\/loja\/produto\/umidificador-para-violao-d-addario-soundhole-humidifier-gh-f035\/","title":{"rendered":"Umidificador Para Viol\u00e3o D Addario Soundhole Humidifier GH"},"content":{"rendered":"<p>O umidificador para viol\u00e3o mant\u00e9m de forma gradual e uniforme a umidade ideal no case do instrumento. Isso ajuda a prevenir rachaduras, empenamentos e retra\u00e7\u00e3o da madeira. \u00c9 poss\u00edvel utiliz\u00e1-lo em conjunto com o Umidificador D Addario para Instrumentos Pequenos (PW-SIH-01) em cases de viol\u00e3o, quando a umidade estiver em 20% ou abaixo. \u00c9 a maneira mais simples e f\u00e1cil de proteger seus instrumentos.<\/p>\n<p>Origem:Estados Unidos<br \/> Unidades por Embalagem:2<br \/> G\u00eanero:Unissex<\/p>\n<p><\/p>\n","protected":false},"excerpt":{"rendered":"<p>O umidificador para viol\u00e3o mant\u00e9m de forma gradual e uniforme a umidade ideal no case do instrumento. Isso ajuda a prevenir rachaduras, empenamentos e retra\u00e7\u00e3o da madeira. \u00c9 poss\u00edvel utiliz\u00e1-lo em conjunto com o Umidificador D Addario para Instrumentos Pequenos (PW-SIH-01) em cases de viol\u00e3o, quando a umidade estiver em 20% ou abaixo. \u00c9 a [&hellip;]<\/p>\n","protected":false},"featured_media":4330,"comment_status":"open","ping_status":"closed","template":"","meta":{"om_disable_all_campaigns":false,"_monsterinsights_skip_tracking":false,"_monsterinsights_sitenote_active":false,"_monsterinsights_sitenote_note":"","_monsterinsights_sitenote_category":0,"jetpack_publicize_message":"","jetpack_publicize_feature_enabled":true,"jetpack_social_post_already_shared":false,"jetpack_social_options":{"image_generator_settings":{"template":"highway","default_image_id":0,"font":"","enabled":false},"version":2}},"product_brand":[160],"product_cat":[96,207,161],"product_tag":[253,254,251,255,250],"class_list":{"0":"post-4333","1":"product","2":"type-product","3":"status-publish","4":"has-post-thumbnail","6":"product_brand-daddario","7":"product_cat-acessorios","8":"product_cat-acusticos","9":"product_cat-controladores-de-umidade-e-umidificadores","10":"product_tag-daddario","11":"product_tag-gh","12":"product_tag-humidifier","13":"product_tag-soundhole","14":"product_tag-umidificador-para-violao","16":"first","17":"instock","18":"shipping-taxable","19":"purchasable","20":"product-type-simple"},"aioseo_notices":[],"jetpack_publicize_connections":[],"jetpack_sharing_enabled":true,"_links":{"self":[{"href":"https:\/\/delaet.com.br\/pt_br\/wp-json\/wp\/v2\/product\/4333","targetHints":{"allow":["GET"]}}],"collection":[{"href":"https:\/\/delaet.com.br\/pt_br\/wp-json\/wp\/v2\/product"}],"about":[{"href":"https:\/\/delaet.com.br\/pt_br\/wp-json\/wp\/v2\/types\/product"}],"replies":[{"embeddable":true,"href":"https:\/\/delaet.com.br\/pt_br\/wp-json\/wp\/v2\/comments?post=4333"}],"wp:featuredmedia":[{"embeddable":true,"href":"https:\/\/delaet.com.br\/pt_br\/wp-json\/wp\/v2\/media\/4330"}],"wp:attachment":[{"href":"https:\/\/delaet.com.br\/pt_br\/wp-json\/wp\/v2\/media?parent=4333"}],"wp:term":[{"taxonomy":"product_brand","embeddable":true,"href":"https:\/\/delaet.com.br\/pt_br\/wp-json\/wp\/v2\/product_brand?post=4333"},{"taxonomy":"product_cat","embeddable":true,"href":"https:\/\/delaet.com.br\/pt_br\/wp-json\/wp\/v2\/product_cat?post=4333"},{"taxonomy":"product_tag","embeddable":true,"href":"https:\/\/delaet.com.br\/pt_br\/wp-json\/wp\/v2\/product_tag?post=4333"}],"curies":[{"name":"wp","href":"https:\/\/api.w.org\/{rel}","templated":true}]}}