{"id":4428,"date":"2026-04-13T14:09:46","date_gmt":"2026-04-13T17:09:46","guid":{"rendered":"https:\/\/delaet.com.br\/?post_type=product&#038;p=4428"},"modified":"2026-04-13T19:37:52","modified_gmt":"2026-04-13T22:37:52","slug":"ferragem-cromada-grampo-para-queixeira-de-violino-4-4","status":"publish","type":"product","link":"https:\/\/delaet.com.br\/pt_br\/loja\/produto\/ferragem-cromada-grampo-para-queixeira-de-violino-4-4\/","title":{"rendered":"Ferragem Cromada Grampo Para Queixeira De Violino 4\/4"},"content":{"rendered":"<h2>Ferragem Grampo Suporte Para Queixeira De Violino 4\/4 Cromada<\/h2>\n<p>&nbsp;<\/p>\n<p>Ferragem tradicional para queixeira de violino. Material de \u00f3tima qualidade e excelente durabilidade.<\/p>\n<p>&nbsp;<\/p>\n<p>Especifica\u00e7\u00f5es: Material: a\u00e7o Instrumento: violino 4\/4<\/p>\n<p>Tamanho em cm: 4,6 x 1,5 x 5,7 (m\u00e1ximo)<\/p>\n<p>Cor: Cromada<\/p>\n<p>Itens Inclusos: 1 ferragem grampo para queixeira de violino<\/p>\n<p>&nbsp;<\/p>\n<p>PRODUTO \u00c0 PRONTA ENTREGA<\/p>\n<p>&nbsp;<\/p>\n","protected":false},"excerpt":{"rendered":"<p>Ferragem Grampo Suporte Para Queixeira De Violino 4\/4 Cromada &nbsp; Ferragem tradicional para queixeira de violino. Material de \u00f3tima qualidade e excelente durabilidade. &nbsp; Especifica\u00e7\u00f5es: Material: a\u00e7o Instrumento: violino 4\/4 Tamanho em cm: 4,6 x 1,5 x 5,7 (m\u00e1ximo) Cor: Cromada Itens Inclusos: 1 ferragem grampo para queixeira de violino &nbsp; PRODUTO \u00c0 PRONTA ENTREGA [&hellip;]<\/p>\n","protected":false},"featured_media":4431,"comment_status":"open","ping_status":"closed","template":"","meta":{"om_disable_all_campaigns":false,"jetpack_publicize_message":"","jetpack_publicize_feature_enabled":true,"jetpack_social_post_already_shared":false,"jetpack_social_options":{"image_generator_settings":{"template":"highway","default_image_id":0,"font":"","enabled":false},"version":2}},"product_brand":[100],"product_cat":[210,238,235],"product_tag":[733,566,734],"class_list":{"0":"post-4428","1":"product","2":"type-product","3":"status-publish","4":"has-post-thumbnail","6":"product_brand-de-laet","7":"product_cat-friccionadas","8":"product_cat-outros-friccionadas","9":"product_cat-queixeiras-friccionadas","10":"product_tag-ferragem-para-queixeira","11":"product_tag-ferragem-violino","12":"product_tag-grampo-violino","14":"first","15":"instock","16":"shipping-taxable","17":"purchasable","18":"product-type-simple"},"aioseo_notices":[],"jetpack_publicize_connections":[],"jetpack_sharing_enabled":true,"_links":{"self":[{"href":"https:\/\/delaet.com.br\/pt_br\/wp-json\/wp\/v2\/product\/4428","targetHints":{"allow":["GET"]}}],"collection":[{"href":"https:\/\/delaet.com.br\/pt_br\/wp-json\/wp\/v2\/product"}],"about":[{"href":"https:\/\/delaet.com.br\/pt_br\/wp-json\/wp\/v2\/types\/product"}],"replies":[{"embeddable":true,"href":"https:\/\/delaet.com.br\/pt_br\/wp-json\/wp\/v2\/comments?post=4428"}],"wp:featuredmedia":[{"embeddable":true,"href":"https:\/\/delaet.com.br\/pt_br\/wp-json\/wp\/v2\/media\/4431"}],"wp:attachment":[{"href":"https:\/\/delaet.com.br\/pt_br\/wp-json\/wp\/v2\/media?parent=4428"}],"wp:term":[{"taxonomy":"product_brand","embeddable":true,"href":"https:\/\/delaet.com.br\/pt_br\/wp-json\/wp\/v2\/product_brand?post=4428"},{"taxonomy":"product_cat","embeddable":true,"href":"https:\/\/delaet.com.br\/pt_br\/wp-json\/wp\/v2\/product_cat?post=4428"},{"taxonomy":"product_tag","embeddable":true,"href":"https:\/\/delaet.com.br\/pt_br\/wp-json\/wp\/v2\/product_tag?post=4428"}],"curies":[{"name":"wp","href":"https:\/\/api.w.org\/{rel}","templated":true}]}}