{"id":4538,"date":"2026-04-15T23:34:40","date_gmt":"2026-04-16T02:34:40","guid":{"rendered":"https:\/\/delaet.com.br\/pt_br\/loja\/produto\/corda-avulsa-violao-nylon-7-corda-savarez-yamandu-costa-y57j-f035\/"},"modified":"2026-04-17T18:07:05","modified_gmt":"2026-04-17T21:07:05","slug":"corda-avulsa-violao-nylon-7-corda-savarez-yamandu-costa-y57j-f035","status":"publish","type":"product","link":"https:\/\/delaet.com.br\/pt_br\/loja\/produto\/corda-avulsa-violao-nylon-7-corda-savarez-yamandu-costa-y57j-f035\/","title":{"rendered":"Corda Avulsa Viol\u00e3o Nylon 7 Corda Savarez Yamandu Costa Y57J"},"content":{"rendered":"<p>Corda Avulsa para Viol\u00e3o Nylon, s\u00e9tima corda, Savarez Yamandu Costa &#8211; Y57J. <\/p>\n<p>Calibres:N\/A<br \/> \u00c9 kit:N\u00e3o<br \/> Escala da Corda:Padr\u00e3o<br \/> Instrumento recomendado:Viol\u00e3o<br \/> Material:Nylon<br \/> Notas:B<br \/> Quantidade de Cordas:1<br \/> Tens\u00e3o:Normal<br \/> Tipo de Corda:Nylon<br \/> Unidades por Embalagem:1<\/p>\n<p> Condi\u00e7\u00e3o do item:Novo<br \/> Fonte do Produto:Importado<br \/> G\u00eanero:Unissex<br \/> Marca:Savarez<br \/> Modelo:Y57J<br \/> Origem:Fran\u00e7a<br \/> SKU:035019<br \/> C\u00f3digo de Barras:698502505040<br \/> N\u00famero de pe\u00e7a:Y57J<br \/> Comprimento da embalagem:26 cm<br \/> Largura da embalagem:24 cm<br \/> Altura da embalagem:2 cm<br \/> Peso da embalagem:10 g<br \/> Tipo da embalagem:Sem embalagem adicional<\/p>\n<p><\/p>\n","protected":false},"excerpt":{"rendered":"<p>Corda Avulsa para Viol\u00e3o Nylon, s\u00e9tima corda, Savarez Yamandu Costa &#8211; Y57J. Calibres:N\/A \u00c9 kit:N\u00e3o Escala da Corda:Padr\u00e3o Instrumento recomendado:Viol\u00e3o Material:Nylon Notas:B Quantidade de Cordas:1 Tens\u00e3o:Normal Tipo de Corda:Nylon Unidades por Embalagem:1 Condi\u00e7\u00e3o do item:Novo Fonte do Produto:Importado G\u00eanero:Unissex Marca:Savarez Modelo:Y57J Origem:Fran\u00e7a SKU:035019 C\u00f3digo de Barras:698502505040 N\u00famero de pe\u00e7a:Y57J Comprimento da embalagem:26 cm Largura da [&hellip;]<\/p>\n","protected":false},"featured_media":4537,"comment_status":"open","ping_status":"closed","template":"","meta":{"om_disable_all_campaigns":false,"jetpack_publicize_message":"","jetpack_publicize_feature_enabled":true,"jetpack_social_post_already_shared":true,"jetpack_social_options":{"image_generator_settings":{"template":"highway","default_image_id":0,"font":"","enabled":false},"version":2}},"product_brand":[171],"product_cat":[207,211],"product_tag":[750,618],"class_list":{"0":"post-4538","1":"product","2":"type-product","3":"status-publish","4":"has-post-thumbnail","6":"product_brand-savarez","7":"product_cat-acusticos","8":"product_cat-encordoamentos-nylon","9":"product_tag-cordas-de-violao-classico","10":"product_tag-cordas-para-violao-classico","12":"first","13":"instock","14":"shipping-taxable","15":"purchasable","16":"product-type-simple"},"aioseo_notices":[],"jetpack_publicize_connections":[],"jetpack_sharing_enabled":true,"_links":{"self":[{"href":"https:\/\/delaet.com.br\/pt_br\/wp-json\/wp\/v2\/product\/4538","targetHints":{"allow":["GET"]}}],"collection":[{"href":"https:\/\/delaet.com.br\/pt_br\/wp-json\/wp\/v2\/product"}],"about":[{"href":"https:\/\/delaet.com.br\/pt_br\/wp-json\/wp\/v2\/types\/product"}],"replies":[{"embeddable":true,"href":"https:\/\/delaet.com.br\/pt_br\/wp-json\/wp\/v2\/comments?post=4538"}],"wp:featuredmedia":[{"embeddable":true,"href":"https:\/\/delaet.com.br\/pt_br\/wp-json\/wp\/v2\/media\/4537"}],"wp:attachment":[{"href":"https:\/\/delaet.com.br\/pt_br\/wp-json\/wp\/v2\/media?parent=4538"}],"wp:term":[{"taxonomy":"product_brand","embeddable":true,"href":"https:\/\/delaet.com.br\/pt_br\/wp-json\/wp\/v2\/product_brand?post=4538"},{"taxonomy":"product_cat","embeddable":true,"href":"https:\/\/delaet.com.br\/pt_br\/wp-json\/wp\/v2\/product_cat?post=4538"},{"taxonomy":"product_tag","embeddable":true,"href":"https:\/\/delaet.com.br\/pt_br\/wp-json\/wp\/v2\/product_tag?post=4538"}],"curies":[{"name":"wp","href":"https:\/\/api.w.org\/{rel}","templated":true}]}}