{"id":4571,"date":"2026-04-17T17:03:43","date_gmt":"2026-04-17T20:03:43","guid":{"rendered":"https:\/\/delaet.com.br\/pt_br\/loja\/produto\/encordoamento-giannini-classico-p-violao-nylon-65-35-prateado-media-genwpm-f108\/"},"modified":"2026-04-17T18:05:20","modified_gmt":"2026-04-17T21:05:20","slug":"encordoamento-giannini-classico-p-violao-nylon-65-35-prateado-media-genwpm-f108","status":"publish","type":"product","link":"https:\/\/delaet.com.br\/pt_br\/loja\/produto\/encordoamento-giannini-classico-p-violao-nylon-65-35-prateado-media-genwpm-f108\/","title":{"rendered":"Encordoamento Giannini Cl\u00e1ssico P\/ viol\u00e3o Nylon 65\/35 Prateado M\u00e9dia Genwpm"},"content":{"rendered":"<p style=\"font-family: 'Times New Roman';font-size: medium\"><span style=\"font-size: 10pt\">Encordoamento Giannini Cl\u00e1ssico P\/Viol\u00e3o Nylon 65\/35 Prateado M\u00e9dia GENWPM<\/span><\/p>\n<p style=\"font-family: 'Times New Roman';font-size: medium\"><span style=\"font-size: 10pt\">A s\u00e9rie Cl\u00e1ssico \u00e9 indicada para quem aprecia um som puro e cristalino no seu instrumento com encordoamento n\u00e1ilon. Revestidas com Bronze 65\/35, a Giannini Cl\u00e1ssico GENWPM \u00e9 indicada para quem gosta de uma corda com um toque mais m\u00e9dia.<\/span><\/p>\n<p style=\"font-family: 'Times New Roman';font-size: medium\"><span style=\"font-size: 10pt\"><span style=\"color: #666666;font-family: 'Proxima Nova', -apple-system, Roboto, Arial, sans-serif;font-size: 10pt\">Jogo de 6 cordas para Viol\u00e3o.<\/span><br style=\"color: #666666;font-family: 'Proxima Nova', -apple-system, Roboto, Arial, sans-serif;font-size: 20px\"><span style=\"color: #666666;font-family: 'Proxima Nova', -apple-system, Roboto, Arial, sans-serif;font-size: 10pt\">Marca: Giannini<\/span><br style=\"color: #666666;font-family: 'Proxima Nova', -apple-system, Roboto, Arial, sans-serif;font-size: 20px\"><span style=\"color: #666666;font-family: 'Proxima Nova', -apple-system, Roboto, Arial, sans-serif;font-size: 10pt\">S\u00e9rie: Cl\u00e1ssico<\/span><br style=\"color: #666666;font-family: 'Proxima Nova', -apple-system, Roboto, Arial, sans-serif;font-size: 20px\"><span style=\"color: #666666;font-family: 'Proxima Nova', -apple-system, Roboto, Arial, sans-serif;font-size: 10pt\">Fabrica\u00e7\u00e3o: Brasil<br \/>Tens\u00e3o: M\u00e9dia<\/span><br style=\"color: #666666;font-family: 'Proxima Nova', -apple-system, Roboto, Arial, sans-serif;font-size: 20px\"><span style=\"color: #666666;font-family: 'Proxima Nova', -apple-system, Roboto, Arial, sans-serif;font-size: 10pt\">Alma: Nylon<\/span><br style=\"color: #666666;font-family: 'Proxima Nova', -apple-system, Roboto, Arial, sans-serif;font-size: 20px\"><span style=\"color: #666666;font-family: 'Proxima Nova', -apple-system, Roboto, Arial, sans-serif;font-size: 10pt\">Revestimento:\u00a0Bronze 65\/35<\/span><\/span><\/p>\n<div id=\"acfifjfajpekbmhmjppnmmjgmhjkildl\" class=\"acfifjfajpekbmhmjppnmmjgmhjkildl\"><\/div>\n<div id=\"acfifjfajpekbmhmjppnmmjgmhjkildl\" class=\"acfifjfajpekbmhmjppnmmjgmhjkildl\"><\/div>\n","protected":false},"excerpt":{"rendered":"<p>Encordoamento Giannini Cl\u00e1ssico P\/Viol\u00e3o Nylon 65\/35 Prateado M\u00e9dia GENWPM A s\u00e9rie Cl\u00e1ssico \u00e9 indicada para quem aprecia um som puro e cristalino no seu instrumento com encordoamento n\u00e1ilon. Revestidas com Bronze 65\/35, a Giannini Cl\u00e1ssico GENWPM \u00e9 indicada para quem gosta de uma corda com um toque mais m\u00e9dia. Jogo de 6 cordas para Viol\u00e3o.Marca: [&hellip;]<\/p>\n","protected":false},"featured_media":4569,"comment_status":"open","ping_status":"closed","template":"","meta":{"om_disable_all_campaigns":false,"_monsterinsights_skip_tracking":false,"_monsterinsights_sitenote_active":false,"_monsterinsights_sitenote_note":"","_monsterinsights_sitenote_category":0,"jetpack_publicize_message":"","jetpack_publicize_feature_enabled":true,"jetpack_social_post_already_shared":true,"jetpack_social_options":{"image_generator_settings":{"template":"highway","default_image_id":0,"font":"","enabled":false},"version":2}},"product_brand":[170],"product_cat":[207,211],"product_tag":[750,618,757],"class_list":{"0":"post-4571","1":"product","2":"type-product","3":"status-publish","4":"has-post-thumbnail","6":"product_brand-giannini","7":"product_cat-acusticos","8":"product_cat-encordoamentos-nylon","9":"product_tag-cordas-de-violao-classico","10":"product_tag-cordas-para-violao-classico","11":"product_tag-encordoamentos-de-violao-de-nylon","13":"first","14":"instock","15":"shipping-taxable","16":"purchasable","17":"product-type-simple"},"aioseo_notices":[],"jetpack_publicize_connections":[],"jetpack_sharing_enabled":true,"_links":{"self":[{"href":"https:\/\/delaet.com.br\/pt_br\/wp-json\/wp\/v2\/product\/4571","targetHints":{"allow":["GET"]}}],"collection":[{"href":"https:\/\/delaet.com.br\/pt_br\/wp-json\/wp\/v2\/product"}],"about":[{"href":"https:\/\/delaet.com.br\/pt_br\/wp-json\/wp\/v2\/types\/product"}],"replies":[{"embeddable":true,"href":"https:\/\/delaet.com.br\/pt_br\/wp-json\/wp\/v2\/comments?post=4571"}],"wp:featuredmedia":[{"embeddable":true,"href":"https:\/\/delaet.com.br\/pt_br\/wp-json\/wp\/v2\/media\/4569"}],"wp:attachment":[{"href":"https:\/\/delaet.com.br\/pt_br\/wp-json\/wp\/v2\/media?parent=4571"}],"wp:term":[{"taxonomy":"product_brand","embeddable":true,"href":"https:\/\/delaet.com.br\/pt_br\/wp-json\/wp\/v2\/product_brand?post=4571"},{"taxonomy":"product_cat","embeddable":true,"href":"https:\/\/delaet.com.br\/pt_br\/wp-json\/wp\/v2\/product_cat?post=4571"},{"taxonomy":"product_tag","embeddable":true,"href":"https:\/\/delaet.com.br\/pt_br\/wp-json\/wp\/v2\/product_tag?post=4571"}],"curies":[{"name":"wp","href":"https:\/\/api.w.org\/{rel}","templated":true}]}}