{"id":4577,"date":"2026-04-17T17:04:08","date_gmt":"2026-04-17T20:04:08","guid":{"rendered":"https:\/\/delaet.com.br\/pt_br\/loja\/produto\/encordoamento-giannini-p-contra-baixo-pesado-0-045-geebrs-f108\/"},"modified":"2026-04-17T18:03:13","modified_gmt":"2026-04-17T21:03:13","slug":"encordoamento-giannini-p-contra-baixo-pesado-0-045-geebrs-f108","status":"publish","type":"product","link":"https:\/\/delaet.com.br\/pt_br\/loja\/produto\/encordoamento-giannini-p-contra-baixo-pesado-0-045-geebrs-f108\/","title":{"rendered":"Encordoamento Giannini P\/ contrabaixo Pesado 0.045 Geebrs"},"content":{"rendered":"<p>Encordoamento Giannini P\/Contra Baixo Leve 0.045 GEEBRS<\/p>\n<p>A s\u00e9rie Electric traz toda a sonoridade dos encordoamentos Giannini para a sua guitarra e contra-baixo. O encordoamento para baixo 04 cordas Giannini GEEBRL4 \u00e9 composto de um n\u00facleo de a\u00e7o revestido por N\u00edquel. O N\u00edquel produz um som brilhante e agressivo que atende uma grande variedades de estilos musicais, sendo bem resistente a oxida\u00e7\u00e3o e corros\u00e3o.<\/p>\n<p>Jogo de 4 cordas para Contrabaixo.<br \/>Marca: Giannini<br \/>S\u00e9rie: Eletric<br \/>Fabrica\u00e7\u00e3o: Brasil<br \/>Tens\u00e3o: Leve<br \/>Alma: A\u00e7o<\/p>\n","protected":false},"excerpt":{"rendered":"<p>Encordoamento Giannini P\/Contra Baixo Leve 0.045 GEEBRS A s\u00e9rie Electric traz toda a sonoridade dos encordoamentos Giannini para a sua guitarra e contra-baixo. O encordoamento para baixo 04 cordas Giannini GEEBRL4 \u00e9 composto de um n\u00facleo de a\u00e7o revestido por N\u00edquel. O N\u00edquel produz um som brilhante e agressivo que atende uma grande variedades de [&hellip;]<\/p>\n","protected":false},"featured_media":4575,"comment_status":"open","ping_status":"closed","template":"","meta":{"om_disable_all_campaigns":false,"jetpack_publicize_message":"","jetpack_publicize_feature_enabled":true,"jetpack_social_post_already_shared":true,"jetpack_social_options":{"image_generator_settings":{"template":"highway","default_image_id":0,"font":"","enabled":false},"version":2}},"product_brand":[170],"product_cat":[28,216],"product_tag":[622,621],"class_list":{"0":"post-4577","1":"product","2":"type-product","3":"status-publish","4":"has-post-thumbnail","6":"product_brand-giannini","7":"product_cat-eletricos","8":"product_cat-encordoamentos-baixo","9":"product_tag-cordas-para-contrabaixo","10":"product_tag-encordoamento-para-contrabaixo","12":"first","13":"instock","14":"shipping-taxable","15":"purchasable","16":"product-type-simple"},"aioseo_notices":[],"jetpack_publicize_connections":[],"jetpack_sharing_enabled":true,"_links":{"self":[{"href":"https:\/\/delaet.com.br\/pt_br\/wp-json\/wp\/v2\/product\/4577","targetHints":{"allow":["GET"]}}],"collection":[{"href":"https:\/\/delaet.com.br\/pt_br\/wp-json\/wp\/v2\/product"}],"about":[{"href":"https:\/\/delaet.com.br\/pt_br\/wp-json\/wp\/v2\/types\/product"}],"replies":[{"embeddable":true,"href":"https:\/\/delaet.com.br\/pt_br\/wp-json\/wp\/v2\/comments?post=4577"}],"wp:featuredmedia":[{"embeddable":true,"href":"https:\/\/delaet.com.br\/pt_br\/wp-json\/wp\/v2\/media\/4575"}],"wp:attachment":[{"href":"https:\/\/delaet.com.br\/pt_br\/wp-json\/wp\/v2\/media?parent=4577"}],"wp:term":[{"taxonomy":"product_brand","embeddable":true,"href":"https:\/\/delaet.com.br\/pt_br\/wp-json\/wp\/v2\/product_brand?post=4577"},{"taxonomy":"product_cat","embeddable":true,"href":"https:\/\/delaet.com.br\/pt_br\/wp-json\/wp\/v2\/product_cat?post=4577"},{"taxonomy":"product_tag","embeddable":true,"href":"https:\/\/delaet.com.br\/pt_br\/wp-json\/wp\/v2\/product_tag?post=4577"}],"curies":[{"name":"wp","href":"https:\/\/api.w.org\/{rel}","templated":true}]}}