{"id":4583,"date":"2026-04-17T17:04:33","date_gmt":"2026-04-17T20:04:33","guid":{"rendered":"https:\/\/delaet.com.br\/pt_br\/loja\/produto\/encordoamento-giannini-p-guitarra-canario-aco-0-009-gesgt9-f108\/"},"modified":"2026-04-17T17:46:36","modified_gmt":"2026-04-17T20:46:36","slug":"encordoamento-giannini-p-guitarra-canario-aco-0-009-gesgt9-f108","status":"publish","type":"product","link":"https:\/\/delaet.com.br\/pt_br\/loja\/produto\/encordoamento-giannini-p-guitarra-canario-aco-0-009-gesgt9-f108\/","title":{"rendered":"Encordoamento Giannini P\/ guitarra Can\u00e1rio A\u00e7o 0.009&#8243; Gesgt9"},"content":{"rendered":"<p>Encordoamento Giannini P\/Guitarra Can\u00e1rio A\u00e7o GESGT9<\/p>\n<p>A s\u00e9rie Can\u00e1rio \u00e9 uma das mais tradicionais da Giannini, assim como uma das mais vendidas. O encordoamento para guitarra a\u00e7o de 06 cordas Giannini Can\u00e1rio GESGT9 \u00a0\u00e9 o melhor custo benef\u00edcio que voc\u00ea encontrar\u00e1 num encordoamento, sem perder a qualidade ou o timbre do seu som.<\/p>\n<p>Jogo de 6 cordas para Guitarra.<br \/>Marca: Giannini<br \/>S\u00e9rie: Can\u00e1rio<br \/>Fabrica\u00e7\u00e3o: Brasil<br \/>Tens\u00e3o: Leve<br \/>Alma: A\u00e7o<br \/>Revestimento: Liga de a\u00e7o inox<\/p>\n","protected":false},"excerpt":{"rendered":"<p>Encordoamento Giannini P\/Guitarra Can\u00e1rio A\u00e7o GESGT9 A s\u00e9rie Can\u00e1rio \u00e9 uma das mais tradicionais da Giannini, assim como uma das mais vendidas. O encordoamento para guitarra a\u00e7o de 06 cordas Giannini Can\u00e1rio GESGT9 \u00a0\u00e9 o melhor custo benef\u00edcio que voc\u00ea encontrar\u00e1 num encordoamento, sem perder a qualidade ou o timbre do seu som. Jogo de [&hellip;]<\/p>\n","protected":false},"featured_media":4581,"comment_status":"open","ping_status":"closed","template":"","meta":{"om_disable_all_campaigns":false,"jetpack_publicize_message":"","jetpack_publicize_feature_enabled":true,"jetpack_social_post_already_shared":true,"jetpack_social_options":{"image_generator_settings":{"template":"highway","default_image_id":0,"font":"","enabled":false},"version":2}},"product_brand":[170],"product_cat":[28,126],"product_tag":[620,756],"class_list":{"0":"post-4583","1":"product","2":"type-product","3":"status-publish","4":"has-post-thumbnail","6":"product_brand-giannini","7":"product_cat-eletricos","8":"product_cat-guitarras","9":"product_tag-cordas-para-guitarra","10":"product_tag-encordoamento-para-guitarra","12":"first","13":"instock","14":"shipping-taxable","15":"purchasable","16":"product-type-simple"},"aioseo_notices":[],"jetpack_publicize_connections":[],"jetpack_sharing_enabled":true,"_links":{"self":[{"href":"https:\/\/delaet.com.br\/pt_br\/wp-json\/wp\/v2\/product\/4583","targetHints":{"allow":["GET"]}}],"collection":[{"href":"https:\/\/delaet.com.br\/pt_br\/wp-json\/wp\/v2\/product"}],"about":[{"href":"https:\/\/delaet.com.br\/pt_br\/wp-json\/wp\/v2\/types\/product"}],"replies":[{"embeddable":true,"href":"https:\/\/delaet.com.br\/pt_br\/wp-json\/wp\/v2\/comments?post=4583"}],"wp:featuredmedia":[{"embeddable":true,"href":"https:\/\/delaet.com.br\/pt_br\/wp-json\/wp\/v2\/media\/4581"}],"wp:attachment":[{"href":"https:\/\/delaet.com.br\/pt_br\/wp-json\/wp\/v2\/media?parent=4583"}],"wp:term":[{"taxonomy":"product_brand","embeddable":true,"href":"https:\/\/delaet.com.br\/pt_br\/wp-json\/wp\/v2\/product_brand?post=4583"},{"taxonomy":"product_cat","embeddable":true,"href":"https:\/\/delaet.com.br\/pt_br\/wp-json\/wp\/v2\/product_cat?post=4583"},{"taxonomy":"product_tag","embeddable":true,"href":"https:\/\/delaet.com.br\/pt_br\/wp-json\/wp\/v2\/product_tag?post=4583"}],"curies":[{"name":"wp","href":"https:\/\/api.w.org\/{rel}","templated":true}]}}