{"id":4610,"date":"2026-04-17T17:06:43","date_gmt":"2026-04-17T20:06:43","guid":{"rendered":"https:\/\/delaet.com.br\/pt_br\/loja\/produto\/encordoamento-giannini-p-violao-bronze-85-15-0-011-geeflk-f108\/"},"modified":"2026-04-17T17:39:59","modified_gmt":"2026-04-17T20:39:59","slug":"encordoamento-giannini-p-violao-bronze-85-15-0-011-geeflk-f108","status":"publish","type":"product","link":"https:\/\/delaet.com.br\/pt_br\/loja\/produto\/encordoamento-giannini-p-violao-bronze-85-15-0-011-geeflk-f108\/","title":{"rendered":"Encordoamento Giannini P\/ viol\u00e3o Bronze 85\/15 0.011&#8243; Geeflk"},"content":{"rendered":"<div class=\"panel-head\" style=\"font-size: 16px;background-color: transparent;margin: 0px auto;max-width: 1060px;padding: 0px;color: #616161;font-family: Soleil, 'Helvetica Neue', Helvetica, Arial, sans-serif\">\n<h1 class=\"main-title\" style=\"color: #000000;font-family: Poppins, 'Helvetica Neue', Helvetica, Arial, sans-serif;line-height: 1.2em;margin: 0px;font-size: 1.25rem;padding: 0px;text-align: justify\"><span style=\"font-size: 10pt\"><small id=\"msgNomeProduto\" style=\"font-size: 1.125rem;color: #616161;font-weight: 400;line-height: 1;padding-top: 5px\">Encordoamento Giannini P\/Viol\u00e3o Bronze 85\/15 0.011&#8243; GEEFLK<\/small><\/span><\/h1>\n<\/p><\/div>\n<p style=\"font-family: 'Times New Roman';font-size: medium;text-align: justify\"><span style=\"color: #666666;font-family: 'Proxima Nova', -apple-system, Roboto, Arial, sans-serif;font-size: 10pt\">A s\u00e9rie Cobra apresenta toda a versalidade dos encordoamentos Giannini. O encordoamento para Viol\u00e3o Giannini Cobra GEEFLK \u00e9 indicado para m\u00fasicos que gostam de cordas com uma pegada mais m\u00e9dia.<\/span><\/p>\n<p style=\"font-family: 'Times New Roman';font-size: medium;text-align: justify\"><span style=\"color: #666666;font-family: 'Proxima Nova', -apple-system, Roboto, Arial, sans-serif;font-size: 10pt\"><span style=\"font-size: 10pt;text-align: start;color: #616161;font-family: Soleil, 'Helvetica Neue', Helvetica, Arial, sans-serif\">Jogo de 6 cordas para Viol\u00e3o.<\/span><br style=\"text-align: start;color: #616161;font-family: Soleil, 'Helvetica Neue', Helvetica, Arial, sans-serif;font-size: 16px\"><span style=\"font-size: 10pt;text-align: start;color: #616161;font-family: Soleil, 'Helvetica Neue', Helvetica, Arial, sans-serif\">Marca: Giannini<\/span><br style=\"text-align: start;color: #616161;font-family: Soleil, 'Helvetica Neue', Helvetica, Arial, sans-serif;font-size: 16px\"><span style=\"font-size: 10pt;text-align: start;color: #616161;font-family: Soleil, 'Helvetica Neue', Helvetica, Arial, sans-serif\">S\u00e9rie: Cobra<\/span><br style=\"text-align: start;color: #616161;font-family: Soleil, 'Helvetica Neue', Helvetica, Arial, sans-serif;font-size: 16px\"><span style=\"font-size: 10pt;text-align: start;color: #616161;font-family: Soleil, 'Helvetica Neue', Helvetica, Arial, sans-serif\">Fabrica\u00e7\u00e3o: Brasil<\/span><br style=\"text-align: start;color: #616161;font-family: Soleil, 'Helvetica Neue', Helvetica, Arial, sans-serif;font-size: 16px\"><span style=\"font-size: 10pt;text-align: start;color: #616161;font-family: Soleil, 'Helvetica Neue', Helvetica, Arial, sans-serif\">Tens\u00e3o: M\u00e9dia<\/span><br style=\"text-align: start;color: #616161;font-family: Soleil, 'Helvetica Neue', Helvetica, Arial, sans-serif;font-size: 16px\"><span style=\"font-size: 10pt;text-align: start;color: #616161;font-family: Soleil, 'Helvetica Neue', Helvetica, Arial, sans-serif\">Alma: A\u00e7o<br \/><\/span>Bronze 85\/15<\/span><\/p>\n<div id=\"acfifjfajpekbmhmjppnmmjgmhjkildl\" class=\"acfifjfajpekbmhmjppnmmjgmhjkildl\"><\/div>\n","protected":false},"excerpt":{"rendered":"<p>Encordoamento Giannini P\/Viol\u00e3o Bronze 85\/15 0.011&#8243; GEEFLK A s\u00e9rie Cobra apresenta toda a versalidade dos encordoamentos Giannini. O encordoamento para Viol\u00e3o Giannini Cobra GEEFLK \u00e9 indicado para m\u00fasicos que gostam de cordas com uma pegada mais m\u00e9dia. Jogo de 6 cordas para Viol\u00e3o.Marca: GianniniS\u00e9rie: CobraFabrica\u00e7\u00e3o: BrasilTens\u00e3o: M\u00e9diaAlma: A\u00e7oBronze 85\/15<\/p>\n","protected":false},"featured_media":4608,"comment_status":"open","ping_status":"closed","template":"","meta":{"om_disable_all_campaigns":false,"jetpack_publicize_message":"","jetpack_publicize_feature_enabled":true,"jetpack_social_post_already_shared":true,"jetpack_social_options":{"image_generator_settings":{"template":"highway","default_image_id":0,"font":"","enabled":false},"version":2}},"product_brand":[170],"product_cat":[207,212],"product_tag":[751,752],"class_list":{"0":"post-4610","1":"product","2":"type-product","3":"status-publish","4":"has-post-thumbnail","6":"product_brand-giannini","7":"product_cat-acusticos","8":"product_cat-encordoamentos-aco","9":"product_tag-cordas-de-violao-aco","10":"product_tag-encordoamento-para-violao-aco","12":"first","13":"instock","14":"shipping-taxable","15":"purchasable","16":"product-type-simple"},"aioseo_notices":[],"jetpack_publicize_connections":[],"jetpack_sharing_enabled":true,"_links":{"self":[{"href":"https:\/\/delaet.com.br\/pt_br\/wp-json\/wp\/v2\/product\/4610","targetHints":{"allow":["GET"]}}],"collection":[{"href":"https:\/\/delaet.com.br\/pt_br\/wp-json\/wp\/v2\/product"}],"about":[{"href":"https:\/\/delaet.com.br\/pt_br\/wp-json\/wp\/v2\/types\/product"}],"replies":[{"embeddable":true,"href":"https:\/\/delaet.com.br\/pt_br\/wp-json\/wp\/v2\/comments?post=4610"}],"wp:featuredmedia":[{"embeddable":true,"href":"https:\/\/delaet.com.br\/pt_br\/wp-json\/wp\/v2\/media\/4608"}],"wp:attachment":[{"href":"https:\/\/delaet.com.br\/pt_br\/wp-json\/wp\/v2\/media?parent=4610"}],"wp:term":[{"taxonomy":"product_brand","embeddable":true,"href":"https:\/\/delaet.com.br\/pt_br\/wp-json\/wp\/v2\/product_brand?post=4610"},{"taxonomy":"product_cat","embeddable":true,"href":"https:\/\/delaet.com.br\/pt_br\/wp-json\/wp\/v2\/product_cat?post=4610"},{"taxonomy":"product_tag","embeddable":true,"href":"https:\/\/delaet.com.br\/pt_br\/wp-json\/wp\/v2\/product_tag?post=4610"}],"curies":[{"name":"wp","href":"https:\/\/api.w.org\/{rel}","templated":true}]}}