{"id":4626,"date":"2026-04-17T17:25:51","date_gmt":"2026-04-17T20:25:51","guid":{"rendered":"https:\/\/delaet.com.br\/pt_br\/loja\/produto\/encordoamento-giannini-p-violao-nylon-preto-prata-genwbs-f108\/"},"modified":"2026-04-17T18:17:40","modified_gmt":"2026-04-17T21:17:40","slug":"encordoamento-giannini-p-violao-nylon-preto-prata-genwbs-f108","status":"publish","type":"product","link":"https:\/\/delaet.com.br\/pt_br\/loja\/produto\/encordoamento-giannini-p-violao-nylon-preto-prata-genwbs-f108\/","title":{"rendered":"Encordoamento Giannini P\/ viol\u00e3o Nylon Preto\/prata Genwbs"},"content":{"rendered":"<p><span style=\"color: #666666;font-family: 'Proxima Nova', -apple-system, Roboto, Arial, sans-serif;font-size: 13.3333px\">Encordoamento Giannini P\/Viol\u00e3o Nylon Preto\/Prata GENWBS<\/p>\n<p><\/span><span style=\"color: #666666;font-family: 'Proxima Nova', -apple-system, Roboto, Arial, sans-serif;font-size: 13.3333px\">O modelo GENWBS \u00e9 um dos encordoamentos da s\u00e9rie MPB que foram desenvolvidos pela Giannini, possui um n\u00facleo de n\u00e1ilon revestido de cobre prateado, juntamente com cordas primas em n\u00e1ilon preto-prata, garantindo qualidade e um som brilhante.<\/span><\/p>\n<p><span style=\"color: #666666;font-family: 'Proxima Nova', -apple-system, Roboto, Arial, sans-serif;font-size: 10pt\">Jogo de 6 cordas para Viol\u00e3o.<\/span><br style=\"color: #666666;font-family: 'Proxima Nova', -apple-system, Roboto, Arial, sans-serif;font-size: 20px\"><span style=\"color: #666666;font-family: 'Proxima Nova', -apple-system, Roboto, Arial, sans-serif;font-size: 10pt\">Marca: Giannini<\/span><br style=\"color: #666666;font-family: 'Proxima Nova', -apple-system, Roboto, Arial, sans-serif;font-size: 20px\"><span style=\"color: #666666;font-family: 'Proxima Nova', -apple-system, Roboto, Arial, sans-serif;font-size: 10pt\">S\u00e9rie: MPB<\/span><br style=\"color: #666666;font-family: 'Proxima Nova', -apple-system, Roboto, Arial, sans-serif;font-size: 20px\"><span style=\"color: #666666;font-family: 'Proxima Nova', -apple-system, Roboto, Arial, sans-serif;font-size: 10pt\">Fabrica\u00e7\u00e3o: Brasil<\/span><br style=\"color: #666666;font-family: 'Proxima Nova', -apple-system, Roboto, Arial, sans-serif;font-size: 20px\"><span style=\"color: #666666;font-family: 'Proxima Nova', -apple-system, Roboto, Arial, sans-serif;font-size: 10pt\">Alma: Nylon<\/span><br style=\"color: #666666;font-family: 'Proxima Nova', -apple-system, Roboto, Arial, sans-serif;font-size: 20px\"><span style=\"color: #666666;font-family: 'Proxima Nova', -apple-system, Roboto, Arial, sans-serif;font-size: 10pt\">Revestimento: Cobre Prateado<\/span><\/p>\n","protected":false},"excerpt":{"rendered":"<p>Encordoamento Giannini P\/Viol\u00e3o Nylon Preto\/Prata GENWBS O modelo GENWBS \u00e9 um dos encordoamentos da s\u00e9rie MPB que foram desenvolvidos pela Giannini, possui um n\u00facleo de n\u00e1ilon revestido de cobre prateado, juntamente com cordas primas em n\u00e1ilon preto-prata, garantindo qualidade e um som brilhante. Jogo de 6 cordas para Viol\u00e3o.Marca: GianniniS\u00e9rie: MPBFabrica\u00e7\u00e3o: BrasilAlma: NylonRevestimento: Cobre Prateado<\/p>\n","protected":false},"featured_media":4624,"comment_status":"open","ping_status":"closed","template":"","meta":{"om_disable_all_campaigns":false,"_monsterinsights_skip_tracking":false,"_monsterinsights_sitenote_active":false,"_monsterinsights_sitenote_note":"","_monsterinsights_sitenote_category":0,"jetpack_publicize_message":"","jetpack_publicize_feature_enabled":true,"jetpack_social_post_already_shared":true,"jetpack_social_options":{"image_generator_settings":{"template":"highway","default_image_id":0,"font":"","enabled":false},"version":2}},"product_brand":[170],"product_cat":[211],"product_tag":[750,749,748],"class_list":{"0":"post-4626","1":"product","2":"type-product","3":"status-publish","4":"has-post-thumbnail","6":"product_brand-giannini","7":"product_cat-encordoamentos-nylon","8":"product_tag-cordas-de-violao-classico","9":"product_tag-encordoamento-de-violao","10":"product_tag-encordoamento-de-violao-nylon","12":"first","13":"instock","14":"shipping-taxable","15":"purchasable","16":"product-type-simple"},"aioseo_notices":[],"jetpack_publicize_connections":[],"jetpack_sharing_enabled":true,"_links":{"self":[{"href":"https:\/\/delaet.com.br\/pt_br\/wp-json\/wp\/v2\/product\/4626","targetHints":{"allow":["GET"]}}],"collection":[{"href":"https:\/\/delaet.com.br\/pt_br\/wp-json\/wp\/v2\/product"}],"about":[{"href":"https:\/\/delaet.com.br\/pt_br\/wp-json\/wp\/v2\/types\/product"}],"replies":[{"embeddable":true,"href":"https:\/\/delaet.com.br\/pt_br\/wp-json\/wp\/v2\/comments?post=4626"}],"wp:featuredmedia":[{"embeddable":true,"href":"https:\/\/delaet.com.br\/pt_br\/wp-json\/wp\/v2\/media\/4624"}],"wp:attachment":[{"href":"https:\/\/delaet.com.br\/pt_br\/wp-json\/wp\/v2\/media?parent=4626"}],"wp:term":[{"taxonomy":"product_brand","embeddable":true,"href":"https:\/\/delaet.com.br\/pt_br\/wp-json\/wp\/v2\/product_brand?post=4626"},{"taxonomy":"product_cat","embeddable":true,"href":"https:\/\/delaet.com.br\/pt_br\/wp-json\/wp\/v2\/product_cat?post=4626"},{"taxonomy":"product_tag","embeddable":true,"href":"https:\/\/delaet.com.br\/pt_br\/wp-json\/wp\/v2\/product_tag?post=4626"}],"curies":[{"name":"wp","href":"https:\/\/api.w.org\/{rel}","templated":true}]}}