{"id":4632,"date":"2026-04-17T17:26:17","date_gmt":"2026-04-17T20:26:17","guid":{"rendered":"https:\/\/delaet.com.br\/pt_br\/loja\/produto\/encordoamento-viola-giannini-cobre-prateado-leve-gesvl-f108\/"},"modified":"2026-04-20T02:13:56","modified_gmt":"2026-04-20T05:13:56","slug":"encordoamento-viola-giannini-cobre-prateado-leve-gesvl-f108","status":"publish","type":"product","link":"https:\/\/delaet.com.br\/pt_br\/loja\/produto\/encordoamento-viola-giannini-cobre-prateado-leve-gesvl-f108\/","title":{"rendered":"Encordoamento Viola Giannini Cobre Prateado Leve Gesvl [F108]"},"content":{"rendered":"<div class=\"panel-head\" style=\"background-color: transparent;margin: 0px auto;max-width: 1060px;padding: 0px;color: #616161;font-family: Soleil, 'Helvetica Neue', Helvetica, Arial, sans-serif;font-size: 16px\">\n<h2 class=\"main-title\" style=\"color: #000000;font-family: Poppins, 'Helvetica Neue', Helvetica, Arial, sans-serif;line-height: 1.2em;margin: 0px;font-size: 1.25rem;padding: 0px\"><small id=\"msgNomeProduto\" style=\"font-size: 1.125rem;color: #616161;font-weight: 400;line-height: 1;padding-top: 5px\"><span style=\"font-size: 10pt;background-color: transparent\">Encordoamento Viola Giannini Cobre Prateado Leve GESVL<\/p>\n<p><\/span><span style=\"color: #666666;font-family: 'Proxima Nova', -apple-system, Roboto, Arial, sans-serif;font-size: 10pt\">Encordoamento para viola caipira Giannini Cobra calibre 0.010\u201d tens\u00e3o leve em cobre prateado com bolinha modelo GESVL.\u00a0<\/span><span style=\"color: #666666;font-family: 'Proxima Nova', -apple-system, Roboto, Arial, sans-serif;font-size: 10pt\">Para afina\u00e7\u00f5es Cebol\u00e3o em Mi, Rio Acima e Boiadeira.<\/span><br \/><\/small><\/h2>\n<div class=\"mensagens-header-edicao\">\u00a0<\/div>\n<\/p><\/div>\n<div class=\"panel-body\" style=\"padding: 0px;background-color: transparent;margin: 25px auto 0px;max-width: 1060px;min-height: 400px;color: #616161;font-family: Soleil, 'Helvetica Neue', Helvetica, Arial, sans-serif;font-size: 16px\">\n<div id=\"tab-geral\" class=\"tab-container\" style=\"clear: both;margin-top: 5px\"><span style=\"font-size: 10pt;white-space: normal;color: #666666;font-family: 'Proxima Nova', -apple-system, Roboto, Arial, sans-serif\">Jogo de 10 cordas para Viola.<\/span><br style=\"white-space: normal;color: #666666;font-family: 'Proxima Nova', -apple-system, Roboto, Arial, sans-serif;font-size: 20px\"><span style=\"font-size: 10pt;white-space: normal;color: #666666;font-family: 'Proxima Nova', -apple-system, Roboto, Arial, sans-serif\">Marca: Giannini<\/span><br style=\"white-space: normal;color: #666666;font-family: 'Proxima Nova', -apple-system, Roboto, Arial, sans-serif;font-size: 20px\"><span style=\"font-size: 10pt;white-space: normal;color: #666666;font-family: 'Proxima Nova', -apple-system, Roboto, Arial, sans-serif\">S\u00e9rie: Cobra<\/span><br style=\"white-space: normal;color: #666666;font-family: 'Proxima Nova', -apple-system, Roboto, Arial, sans-serif;font-size: 20px\"><span style=\"font-size: 10pt;white-space: normal;color: #666666;font-family: 'Proxima Nova', -apple-system, Roboto, Arial, sans-serif\">Fabrica\u00e7\u00e3o: Brasil<br \/>Tens\u00e3o: Leve<\/span><br style=\"white-space: normal;color: #666666;font-family: 'Proxima Nova', -apple-system, Roboto, Arial, sans-serif;font-size: 20px\"><span style=\"font-size: 10pt;white-space: normal;color: #666666;font-family: 'Proxima Nova', -apple-system, Roboto, Arial, sans-serif\">Alma: A\u00e7o<\/span><br style=\"white-space: normal;color: #666666;font-family: 'Proxima Nova', -apple-system, Roboto, Arial, sans-serif;font-size: 20px\"><span style=\"font-size: 10pt;white-space: normal;color: #666666;font-family: 'Proxima Nova', -apple-system, Roboto, Arial, sans-serif\">Revestimento: Cobre Prateado<\/span><\/div>\n<\/p><\/div>\n","protected":false},"excerpt":{"rendered":"<p>Encordoamento Viola Giannini Cobre Prateado Leve GESVL Encordoamento para viola caipira Giannini Cobra calibre 0.010\u201d tens\u00e3o leve em cobre prateado com bolinha modelo GESVL.\u00a0Para afina\u00e7\u00f5es Cebol\u00e3o em Mi, Rio Acima e Boiadeira. \u00a0 Jogo de 10 cordas para Viola.Marca: GianniniS\u00e9rie: CobraFabrica\u00e7\u00e3o: BrasilTens\u00e3o: LeveAlma: A\u00e7oRevestimento: Cobre Prateado<\/p>\n","protected":false},"featured_media":5009,"comment_status":"open","ping_status":"closed","template":"","meta":{"om_disable_all_campaigns":false,"_monsterinsights_skip_tracking":false,"_monsterinsights_sitenote_active":false,"_monsterinsights_sitenote_note":"","_monsterinsights_sitenote_category":0,"jetpack_publicize_message":"","jetpack_publicize_feature_enabled":true,"jetpack_social_post_already_shared":true,"jetpack_social_options":{"image_generator_settings":{"template":"highway","default_image_id":0,"font":"","enabled":false},"version":2}},"product_brand":[170],"product_cat":[207,214],"product_tag":[607,742,743],"class_list":{"0":"post-4632","1":"product","2":"type-product","3":"status-publish","4":"has-post-thumbnail","6":"product_brand-giannini","7":"product_cat-acusticos","8":"product_cat-encordoamentos-viola","9":"product_tag-cordas-de-viola","10":"product_tag-cordas-viola-caipira","11":"product_tag-encordoamento-de-viola","13":"first","14":"instock","15":"shipping-taxable","16":"purchasable","17":"product-type-simple"},"aioseo_notices":[],"jetpack_publicize_connections":[],"jetpack_sharing_enabled":true,"_links":{"self":[{"href":"https:\/\/delaet.com.br\/pt_br\/wp-json\/wp\/v2\/product\/4632","targetHints":{"allow":["GET"]}}],"collection":[{"href":"https:\/\/delaet.com.br\/pt_br\/wp-json\/wp\/v2\/product"}],"about":[{"href":"https:\/\/delaet.com.br\/pt_br\/wp-json\/wp\/v2\/types\/product"}],"replies":[{"embeddable":true,"href":"https:\/\/delaet.com.br\/pt_br\/wp-json\/wp\/v2\/comments?post=4632"}],"wp:featuredmedia":[{"embeddable":true,"href":"https:\/\/delaet.com.br\/pt_br\/wp-json\/wp\/v2\/media\/5009"}],"wp:attachment":[{"href":"https:\/\/delaet.com.br\/pt_br\/wp-json\/wp\/v2\/media?parent=4632"}],"wp:term":[{"taxonomy":"product_brand","embeddable":true,"href":"https:\/\/delaet.com.br\/pt_br\/wp-json\/wp\/v2\/product_brand?post=4632"},{"taxonomy":"product_cat","embeddable":true,"href":"https:\/\/delaet.com.br\/pt_br\/wp-json\/wp\/v2\/product_cat?post=4632"},{"taxonomy":"product_tag","embeddable":true,"href":"https:\/\/delaet.com.br\/pt_br\/wp-json\/wp\/v2\/product_tag?post=4632"}],"curies":[{"name":"wp","href":"https:\/\/api.w.org\/{rel}","templated":true}]}}