{"id":4647,"date":"2026-04-18T17:23:31","date_gmt":"2026-04-18T20:23:31","guid":{"rendered":"https:\/\/delaet.com.br\/pt_br\/loja\/produto\/encordoamento-010-046-p-guitarra-regular-slink-niquel-ernie-ball-pct-c-3-p03221-f108\/"},"modified":"2026-04-19T23:15:18","modified_gmt":"2026-04-20T02:15:18","slug":"encordoamento-010-046-p-guitarra-regular-slink-niquel-ernie-ball-pct-c-3-p03221-f108","status":"publish","type":"product","link":"https:\/\/delaet.com.br\/pt_br\/loja\/produto\/encordoamento-010-046-p-guitarra-regular-slink-niquel-ernie-ball-pct-c-3-p03221-f108\/","title":{"rendered":"Encordoamento 010&#8243;-046&#8243; P\/ guitarra Regular Slink Niquel Ernie Ball Pct C\/3 P03221"},"content":{"rendered":"<p style=\"font-family: 'Times New Roman';font-size: medium\"><span style=\"color: #666666;font-family: 'Proxima Nova', -apple-system, Roboto, Arial, sans-serif;font-size: 10pt\">Encordoamento 010&#8243;-046&#8243; P\/Guitarra Power Slink Niquel Ernie Ball PCT C\/3 P03221\u00a0<\/p>\n<p>As cordas Power Slinky da Ernie Ball s\u00e3o para aqueles que gostam de ritmos pesados como o Blues e o Rock&#8217;n Roll. Tem sido as cordas preferidas do Metallica, Slash e Kenny Wayne Shepherd pela combina\u00e7\u00e3o de bitolas mais grossas, que proporcionam tom ligeiramente mais poderoso.<\/span><br style=\"margin: 0px;padding: 0px;color: #666666;font-family: 'Proxima Nova', -apple-system, Roboto, Arial, sans-serif;font-size: 20px\" \/><span style=\"color: #666666;font-family: 'Proxima Nova', -apple-system, Roboto, Arial, sans-serif;font-size: 10pt\">Os encordoamentos Ernie Ball passam por um processo de fabrica\u00e7\u00e3o com os mais rigorosos e exigentes padr\u00f5es e especifica\u00e7\u00f5es dispon\u00edveis no mercado, garantindo o desempenho ideal, consist\u00eancia e durabilidade.<\/span><\/p>\n<p style=\"font-family: 'Times New Roman';font-size: medium\"><span style=\"color: #666666;font-family: 'Proxima Nova', -apple-system, Roboto, Arial, sans-serif\"><span style=\"font-size: 10pt\">Para utilizar em\u00a0Guitarras El\u00e9tricas de 6 Cordas<\/span><br style=\"margin: 0px;padding: 0px;font-size: 20px\" \/><span style=\"font-size: 10pt\"><br \/>Calibre da Cordas (Bitola\/Espessura):<\/span><br style=\"margin: 0px;padding: 0px;font-size: 20px\" \/><br style=\"margin: 0px;padding: 0px;font-size: 20px\" \/><span style=\"font-size: 10pt\">&#8211; 1 &#8211; Mi .010<\/span><br style=\"margin: 0px;padding: 0px;font-size: 20px\" \/><span style=\"font-size: 10pt\">&#8211; 2 &#8211; Si .013<\/span><br style=\"margin: 0px;padding: 0px;font-size: 20px\" \/><span style=\"font-size: 10pt\">&#8211; 3 &#8211; Sol .017<\/span><br style=\"margin: 0px;padding: 0px;font-size: 20px\" \/><span style=\"font-size: 10pt\">&#8211; 4 &#8211; R\u00e9 .026<\/span><br style=\"margin: 0px;padding: 0px;font-size: 20px\" \/><span style=\"font-size: 10pt\">&#8211; 5 &#8211; L\u00e1 .036<\/span><br style=\"margin: 0px;padding: 0px;font-size: 20px\" \/><span style=\"font-size: 10pt\">&#8211; 6 &#8211; Mi .046<\/span><\/span><\/p>\n","protected":false},"excerpt":{"rendered":"<p>Encordoamento 010&#8243;-046&#8243; P\/Guitarra Power Slink Niquel Ernie Ball PCT C\/3 P03221\u00a0 As cordas Power Slinky da Ernie Ball s\u00e3o para aqueles que gostam de ritmos pesados como o Blues e o Rock&#8217;n Roll. Tem sido as cordas preferidas do Metallica, Slash e Kenny Wayne Shepherd pela combina\u00e7\u00e3o de bitolas mais grossas, que proporcionam tom ligeiramente [&hellip;]<\/p>\n","protected":false},"featured_media":4646,"comment_status":"open","ping_status":"closed","template":"","meta":{"om_disable_all_campaigns":false,"jetpack_publicize_message":"","jetpack_publicize_feature_enabled":true,"jetpack_social_post_already_shared":true,"jetpack_social_options":{"image_generator_settings":{"template":"highway","default_image_id":0,"font":"","enabled":false},"version":2}},"product_brand":[769],"product_cat":[28,215],"product_tag":[778,619],"class_list":{"0":"post-4647","1":"product","2":"type-product","3":"status-publish","4":"has-post-thumbnail","6":"product_brand-ernie-ball","7":"product_cat-eletricos","8":"product_cat-encordoamentos-guitarra","9":"product_tag-cordas-de-guitarra","10":"product_tag-encordoamento-de-guitarra","12":"first","13":"instock","14":"shipping-taxable","15":"purchasable","16":"product-type-simple"},"aioseo_notices":[],"jetpack_publicize_connections":[],"jetpack_sharing_enabled":true,"_links":{"self":[{"href":"https:\/\/delaet.com.br\/pt_br\/wp-json\/wp\/v2\/product\/4647","targetHints":{"allow":["GET"]}}],"collection":[{"href":"https:\/\/delaet.com.br\/pt_br\/wp-json\/wp\/v2\/product"}],"about":[{"href":"https:\/\/delaet.com.br\/pt_br\/wp-json\/wp\/v2\/types\/product"}],"replies":[{"embeddable":true,"href":"https:\/\/delaet.com.br\/pt_br\/wp-json\/wp\/v2\/comments?post=4647"}],"wp:featuredmedia":[{"embeddable":true,"href":"https:\/\/delaet.com.br\/pt_br\/wp-json\/wp\/v2\/media\/4646"}],"wp:attachment":[{"href":"https:\/\/delaet.com.br\/pt_br\/wp-json\/wp\/v2\/media?parent=4647"}],"wp:term":[{"taxonomy":"product_brand","embeddable":true,"href":"https:\/\/delaet.com.br\/pt_br\/wp-json\/wp\/v2\/product_brand?post=4647"},{"taxonomy":"product_cat","embeddable":true,"href":"https:\/\/delaet.com.br\/pt_br\/wp-json\/wp\/v2\/product_cat?post=4647"},{"taxonomy":"product_tag","embeddable":true,"href":"https:\/\/delaet.com.br\/pt_br\/wp-json\/wp\/v2\/product_tag?post=4647"}],"curies":[{"name":"wp","href":"https:\/\/api.w.org\/{rel}","templated":true}]}}