{"id":4653,"date":"2026-04-18T17:24:03","date_gmt":"2026-04-18T20:24:03","guid":{"rendered":"https:\/\/delaet.com.br\/pt_br\/loja\/produto\/encordoamento-p-baixo-4-cordas-super-slinky-niquel-045-100-p02834-ernie-ball-f108\/"},"modified":"2026-04-19T23:12:52","modified_gmt":"2026-04-20T02:12:52","slug":"encordoamento-p-baixo-4-cordas-super-slinky-niquel-045-100-p02834-ernie-ball-f108","status":"publish","type":"product","link":"https:\/\/delaet.com.br\/pt_br\/loja\/produto\/encordoamento-p-baixo-4-cordas-super-slinky-niquel-045-100-p02834-ernie-ball-f108\/","title":{"rendered":"Encordoamento P\/ baixo 4 Cordas Super Slinky Niquel 045&#8243;-100&#8243; P02834 Ernie Ball"},"content":{"rendered":"<p><span style=\"color: #666666;font-family: 'Proxima Nova', -apple-system, Roboto, Arial, sans-serif;font-size: 10pt\">Encordoamento P\/Baixo 4 Cordas Super Slinky Niquel 045&#8243;-100&#8243; P02834 Ernie Ball<\/p>\n<p>As cordas para baixo Ernie Ball Super Slinky s\u00e3o enroladas para um som brilhante e balanceado.<\/span><span style=\"color: #666666;font-family: 'Proxima Nova', -apple-system, Roboto, Arial, sans-serif;font-size: 10pt\">Cada corda \u00e9 fabricada com as melhores mat\u00e9rias-primas no belo Coachella Valley, no sul da Calif\u00f3rnia.<\/span><br style=\"margin: 0px;padding: 0px;color: #666666;font-family: 'Proxima Nova', -apple-system, Roboto, Arial, sans-serif;font-size: 20px\" \/><br style=\"margin: 0px;padding: 0px;color: #666666;font-family: 'Proxima Nova', -apple-system, Roboto, Arial, sans-serif;font-size: 20px\" \/><span style=\"color: #666666;font-family: 'Proxima Nova', -apple-system, Roboto, Arial, sans-serif;font-size: 10pt\">A lista de endorsees das cordas de baixo Ernie Ball \u00e9 uma lista dos artistas mais vendidos.<\/span><br style=\"margin: 0px;padding: 0px;color: #666666;font-family: 'Proxima Nova', -apple-system, Roboto, Arial, sans-serif;font-size: 20px\" \/><br style=\"margin: 0px;padding: 0px;color: #666666;font-family: 'Proxima Nova', -apple-system, Roboto, Arial, sans-serif;font-size: 20px\" \/><span style=\"color: #666666;font-family: 'Proxima Nova', -apple-system, Roboto, Arial, sans-serif;font-size: 10pt\">Bitolas .045, .065, .080, .100<\/span><\/p>\n","protected":false},"excerpt":{"rendered":"<p>Encordoamento P\/Baixo 4 Cordas Super Slinky Niquel 045&#8243;-100&#8243; P02834 Ernie Ball As cordas para baixo Ernie Ball Super Slinky s\u00e3o enroladas para um som brilhante e balanceado.Cada corda \u00e9 fabricada com as melhores mat\u00e9rias-primas no belo Coachella Valley, no sul da Calif\u00f3rnia.A lista de endorsees das cordas de baixo Ernie Ball \u00e9 uma lista dos [&hellip;]<\/p>\n","protected":false},"featured_media":4652,"comment_status":"open","ping_status":"closed","template":"","meta":{"om_disable_all_campaigns":false,"jetpack_publicize_message":"","jetpack_publicize_feature_enabled":true,"jetpack_social_post_already_shared":true,"jetpack_social_options":{"image_generator_settings":{"template":"highway","default_image_id":0,"font":"","enabled":false},"version":2}},"product_brand":[769],"product_cat":[28,216],"product_tag":[777,621],"class_list":{"0":"post-4653","1":"product","2":"type-product","3":"status-publish","4":"has-post-thumbnail","6":"product_brand-ernie-ball","7":"product_cat-eletricos","8":"product_cat-encordoamentos-baixo","9":"product_tag-cordas-de-baixo","10":"product_tag-encordoamento-para-contrabaixo","12":"first","13":"instock","14":"shipping-taxable","15":"purchasable","16":"product-type-simple"},"aioseo_notices":[],"jetpack_publicize_connections":[],"jetpack_sharing_enabled":true,"_links":{"self":[{"href":"https:\/\/delaet.com.br\/pt_br\/wp-json\/wp\/v2\/product\/4653","targetHints":{"allow":["GET"]}}],"collection":[{"href":"https:\/\/delaet.com.br\/pt_br\/wp-json\/wp\/v2\/product"}],"about":[{"href":"https:\/\/delaet.com.br\/pt_br\/wp-json\/wp\/v2\/types\/product"}],"replies":[{"embeddable":true,"href":"https:\/\/delaet.com.br\/pt_br\/wp-json\/wp\/v2\/comments?post=4653"}],"wp:featuredmedia":[{"embeddable":true,"href":"https:\/\/delaet.com.br\/pt_br\/wp-json\/wp\/v2\/media\/4652"}],"wp:attachment":[{"href":"https:\/\/delaet.com.br\/pt_br\/wp-json\/wp\/v2\/media?parent=4653"}],"wp:term":[{"taxonomy":"product_brand","embeddable":true,"href":"https:\/\/delaet.com.br\/pt_br\/wp-json\/wp\/v2\/product_brand?post=4653"},{"taxonomy":"product_cat","embeddable":true,"href":"https:\/\/delaet.com.br\/pt_br\/wp-json\/wp\/v2\/product_cat?post=4653"},{"taxonomy":"product_tag","embeddable":true,"href":"https:\/\/delaet.com.br\/pt_br\/wp-json\/wp\/v2\/product_tag?post=4653"}],"curies":[{"name":"wp","href":"https:\/\/api.w.org\/{rel}","templated":true}]}}