{"id":4659,"date":"2026-04-18T17:24:32","date_gmt":"2026-04-18T20:24:32","guid":{"rendered":"https:\/\/delaet.com.br\/pt_br\/loja\/produto\/encordoamento-p-violao-aco-earthwood-leve-80-20-bronze-ernie-ball-011-052-p02004-f108\/"},"modified":"2026-04-19T23:10:12","modified_gmt":"2026-04-20T02:10:12","slug":"encordoamento-p-violao-aco-earthwood-leve-80-20-bronze-ernie-ball-011-052-p02004-f108","status":"publish","type":"product","link":"https:\/\/delaet.com.br\/pt_br\/loja\/produto\/encordoamento-p-violao-aco-earthwood-leve-80-20-bronze-ernie-ball-011-052-p02004-f108\/","title":{"rendered":"Encordoamento P\/ viol\u00e3o A\u00e7o Earthwood Leve 80\/20 Bronze Ernie Ball 011&#8243;-052&#8243; P02004"},"content":{"rendered":"<p><span style=\"color: #666666;font-family: 'Proxima Nova', -apple-system, Roboto, Arial, sans-serif;font-size: 10pt\">Encordoamento Ernie Ball Viol\u00e3o A\u00e7o 011-052 Earthwood Tens\u00e3o Leve Bronze 80\/20 P02004<\/span><br style=\"margin: 0px;padding: 0px;color: #666666;font-family: 'Proxima Nova', -apple-system, Roboto, Arial, sans-serif;font-size: 20px\" \/><br style=\"margin: 0px;padding: 0px;color: #666666;font-family: 'Proxima Nova', -apple-system, Roboto, Arial, sans-serif;font-size: 20px\" \/><span style=\"color: #666666;font-family: 'Proxima Nova', -apple-system, Roboto, Arial, sans-serif;font-size: 10pt\">CARACTER\u00cdSTICAS:<\/span><br style=\"margin: 0px;padding: 0px;color: #666666;font-family: 'Proxima Nova', -apple-system, Roboto, Arial, sans-serif;font-size: 20px\" \/><span style=\"color: #666666;font-family: 'Proxima Nova', -apple-system, Roboto, Arial, sans-serif;font-size: 10pt\">&#8211; Marca:\u00a0 Ernie Ball<\/span><br style=\"margin: 0px;padding: 0px;color: #666666;font-family: 'Proxima Nova', -apple-system, Roboto, Arial, sans-serif;font-size: 20px\" \/><span style=\"color: #666666;font-family: 'Proxima Nova', -apple-system, Roboto, Arial, sans-serif;font-size: 10pt\">&#8211; Modelo: P02004<\/span><br style=\"margin: 0px;padding: 0px;color: #666666;font-family: 'Proxima Nova', -apple-system, Roboto, Arial, sans-serif;font-size: 20px\" \/><span style=\"color: #666666;font-family: 'Proxima Nova', -apple-system, Roboto, Arial, sans-serif;font-size: 10pt\">&#8211; Unidades por pacote: 1<\/span><br style=\"margin: 0px;padding: 0px;color: #666666;font-family: 'Proxima Nova', -apple-system, Roboto, Arial, sans-serif;font-size: 20px\" \/><span style=\"color: #666666;font-family: 'Proxima Nova', -apple-system, Roboto, Arial, sans-serif;font-size: 10pt\">&#8211; Quantidade de cordas: 6<\/span><br style=\"margin: 0px;padding: 0px;color: #666666;font-family: 'Proxima Nova', -apple-system, Roboto, Arial, sans-serif;font-size: 20px\" \/><span style=\"color: #666666;font-family: 'Proxima Nova', -apple-system, Roboto, Arial, sans-serif;font-size: 10pt\">&#8211; Materiais: Cobre, zinco, a\u00e7o, estanho<\/span><br style=\"margin: 0px;padding: 0px;color: #666666;font-family: 'Proxima Nova', -apple-system, Roboto, Arial, sans-serif;font-size: 20px\" \/><span style=\"color: #666666;font-family: 'Proxima Nova', -apple-system, Roboto, Arial, sans-serif;font-size: 10pt\">&#8211; Tens\u00e3o: Tens\u00e3o Leve<\/span><br style=\"margin: 0px;padding: 0px;color: #666666;font-family: 'Proxima Nova', -apple-system, Roboto, Arial, sans-serif;font-size: 20px\" \/><span style=\"color: #666666;font-family: 'Proxima Nova', -apple-system, Roboto, Arial, sans-serif;font-size: 10pt\">&#8211; Calibres: 11,15 ,22, 30, 42, 52<\/span><br style=\"margin: 0px;padding: 0px;color: #666666;font-family: 'Proxima Nova', -apple-system, Roboto, Arial, sans-serif;font-size: 20px\" \/><br style=\"margin: 0px;padding: 0px;color: #666666;font-family: 'Proxima Nova', -apple-system, Roboto, Arial, sans-serif;font-size: 20px\" \/><span style=\"color: #666666;font-family: 'Proxima Nova', -apple-system, Roboto, Arial, sans-serif;font-size: 10pt\">Feita com fio de 80% de cobre e 20% de zinco, envolto em torno de um fio hexagonal de a\u00e7o banhado \u00e0 estanho. As cordas de viol\u00e3o mais populares, fornecem um som n\u00edtido, com um toque agrad\u00e1vel.<\/span><\/p>\n<div id=\"acfifjfajpekbmhmjppnmmjgmhjkildl\" class=\"acfifjfajpekbmhmjppnmmjgmhjkildl\">\u00a0<\/div>\n<div id=\"acfifjfajpekbmhmjppnmmjgmhjkildl\" class=\"acfifjfajpekbmhmjppnmmjgmhjkildl\">\u00a0<\/div>\n","protected":false},"excerpt":{"rendered":"<p>Encordoamento Ernie Ball Viol\u00e3o A\u00e7o 011-052 Earthwood Tens\u00e3o Leve Bronze 80\/20 P02004CARACTER\u00cdSTICAS:&#8211; Marca:\u00a0 Ernie Ball&#8211; Modelo: P02004&#8211; Unidades por pacote: 1&#8211; Quantidade de cordas: 6&#8211; Materiais: Cobre, zinco, a\u00e7o, estanho&#8211; Tens\u00e3o: Tens\u00e3o Leve&#8211; Calibres: 11,15 ,22, 30, 42, 52Feita com fio de 80% de cobre e 20% de zinco, envolto em torno de um fio [&hellip;]<\/p>\n","protected":false},"featured_media":4658,"comment_status":"open","ping_status":"closed","template":"","meta":{"om_disable_all_campaigns":false,"jetpack_publicize_message":"","jetpack_publicize_feature_enabled":true,"jetpack_social_post_already_shared":true,"jetpack_social_options":{"image_generator_settings":{"template":"highway","default_image_id":0,"font":"","enabled":false},"version":2}},"product_brand":[769],"product_cat":[207,212],"product_tag":[605,776],"class_list":{"0":"post-4659","1":"product","2":"type-product","3":"status-publish","4":"has-post-thumbnail","6":"product_brand-ernie-ball","7":"product_cat-acusticos","8":"product_cat-encordoamentos-aco","9":"product_tag-cordas-de-aco","10":"product_tag-encordoamento-de-aco","12":"first","13":"instock","14":"shipping-taxable","15":"purchasable","16":"product-type-simple"},"aioseo_notices":[],"jetpack_publicize_connections":[],"jetpack_sharing_enabled":true,"_links":{"self":[{"href":"https:\/\/delaet.com.br\/pt_br\/wp-json\/wp\/v2\/product\/4659","targetHints":{"allow":["GET"]}}],"collection":[{"href":"https:\/\/delaet.com.br\/pt_br\/wp-json\/wp\/v2\/product"}],"about":[{"href":"https:\/\/delaet.com.br\/pt_br\/wp-json\/wp\/v2\/types\/product"}],"replies":[{"embeddable":true,"href":"https:\/\/delaet.com.br\/pt_br\/wp-json\/wp\/v2\/comments?post=4659"}],"wp:featuredmedia":[{"embeddable":true,"href":"https:\/\/delaet.com.br\/pt_br\/wp-json\/wp\/v2\/media\/4658"}],"wp:attachment":[{"href":"https:\/\/delaet.com.br\/pt_br\/wp-json\/wp\/v2\/media?parent=4659"}],"wp:term":[{"taxonomy":"product_brand","embeddable":true,"href":"https:\/\/delaet.com.br\/pt_br\/wp-json\/wp\/v2\/product_brand?post=4659"},{"taxonomy":"product_cat","embeddable":true,"href":"https:\/\/delaet.com.br\/pt_br\/wp-json\/wp\/v2\/product_cat?post=4659"},{"taxonomy":"product_tag","embeddable":true,"href":"https:\/\/delaet.com.br\/pt_br\/wp-json\/wp\/v2\/product_tag?post=4659"}],"curies":[{"name":"wp","href":"https:\/\/api.w.org\/{rel}","templated":true}]}}