{"id":4665,"date":"2026-04-18T17:25:01","date_gmt":"2026-04-18T20:25:01","guid":{"rendered":"https:\/\/delaet.com.br\/pt_br\/loja\/produto\/encordoamento-p-violao-aco-earthwood-media-leve-phosphor-bronze-ernie-ball-012-054-p02146-f108\/"},"modified":"2026-04-19T23:10:32","modified_gmt":"2026-04-20T02:10:32","slug":"encordoamento-p-violao-aco-earthwood-media-leve-phosphor-bronze-ernie-ball-012-054-p02146-f108","status":"publish","type":"product","link":"https:\/\/delaet.com.br\/pt_br\/loja\/produto\/encordoamento-p-violao-aco-earthwood-media-leve-phosphor-bronze-ernie-ball-012-054-p02146-f108\/","title":{"rendered":"Encordoamento P\/ viol\u00e3o A\u00e7o Earthwood Media Leve Phosphor Bronze Ernie Ball 012&#8243;-054&#8243; P02146"},"content":{"rendered":"<p><span style=\"color: #616161;font-family: Poppins, 'Helvetica Neue', Helvetica, Arial, sans-serif;font-size: 10pt\">Encordoamento P\/Viol\u00e3o A\u00e7o Earthwood Leve Phosphor Bronze Ernie Ball 012&#8243;-054&#8243; P02146<br \/><\/span><br style=\"margin: 0px;padding: 0px;color: #666666;font-family: 'Proxima Nova', -apple-system, Roboto, Arial, sans-serif;font-size: 20px\" \/><span style=\"color: #666666;font-family: 'Proxima Nova', -apple-system, Roboto, Arial, sans-serif;font-size: 10pt\">&#8220;Feita com fio de 92% de cobre, 7,7% de estanho e 0,3% de f\u00f3sforo enrolado em um fio hexagonal de a\u00e7o banhado \u00e0 estanho. Estas cordas de viol\u00e3o tem uma leve cor alaranjada e proporcionam um som suave, com excelente clareza.<\/span><br style=\"margin: 0px;padding: 0px;color: #666666;font-family: 'Proxima Nova', -apple-system, Roboto, Arial, sans-serif;font-size: 20px\" \/><span style=\"color: #666666;font-family: 'Proxima Nova', -apple-system, Roboto, Arial, sans-serif;font-size: 10pt\">Calibre da Cordas (Bitola\/Espessura):<\/span><br style=\"margin: 0px;padding: 0px;color: #666666;font-family: 'Proxima Nova', -apple-system, Roboto, Arial, sans-serif;font-size: 20px\" \/><span style=\"color: #666666;font-family: 'Proxima Nova', -apple-system, Roboto, Arial, sans-serif;font-size: 10pt\"><br \/>\u2022 1 &#8211; Mi .012<\/span><br style=\"margin: 0px;padding: 0px;color: #666666;font-family: 'Proxima Nova', -apple-system, Roboto, Arial, sans-serif;font-size: 20px\" \/><span style=\"color: #666666;font-family: 'Proxima Nova', -apple-system, Roboto, Arial, sans-serif;font-size: 10pt\">\u2022 2 &#8211; Si .016<\/span><br style=\"margin: 0px;padding: 0px;color: #666666;font-family: 'Proxima Nova', -apple-system, Roboto, Arial, sans-serif;font-size: 20px\" \/><span style=\"color: #666666;font-family: 'Proxima Nova', -apple-system, Roboto, Arial, sans-serif;font-size: 10pt\">\u2022 3 &#8211; Sol .024<\/span><br style=\"margin: 0px;padding: 0px;color: #666666;font-family: 'Proxima Nova', -apple-system, Roboto, Arial, sans-serif;font-size: 20px\" \/><span style=\"color: #666666;font-family: 'Proxima Nova', -apple-system, Roboto, Arial, sans-serif;font-size: 10pt\">\u2022 4 &#8211; R\u00e9 .032<\/span><br style=\"margin: 0px;padding: 0px;color: #666666;font-family: 'Proxima Nova', -apple-system, Roboto, Arial, sans-serif;font-size: 20px\" \/><span style=\"color: #666666;font-family: 'Proxima Nova', -apple-system, Roboto, Arial, sans-serif;font-size: 10pt\">\u2022 5 &#8211; L\u00e1 .044<\/span><br style=\"margin: 0px;padding: 0px;color: #666666;font-family: 'Proxima Nova', -apple-system, Roboto, Arial, sans-serif;font-size: 20px\" \/><span style=\"color: #666666;font-family: 'Proxima Nova', -apple-system, Roboto, Arial, sans-serif;font-size: 10pt\">\u2022 6 &#8211; Mi .054<\/span><\/p>\n","protected":false},"excerpt":{"rendered":"<p>Encordoamento P\/Viol\u00e3o A\u00e7o Earthwood Leve Phosphor Bronze Ernie Ball 012&#8243;-054&#8243; P02146&#8220;Feita com fio de 92% de cobre, 7,7% de estanho e 0,3% de f\u00f3sforo enrolado em um fio hexagonal de a\u00e7o banhado \u00e0 estanho. Estas cordas de viol\u00e3o tem uma leve cor alaranjada e proporcionam um som suave, com excelente clareza.Calibre da Cordas (Bitola\/Espessura):\u2022 1 [&hellip;]<\/p>\n","protected":false},"featured_media":4664,"comment_status":"open","ping_status":"closed","template":"","meta":{"om_disable_all_campaigns":false,"jetpack_publicize_message":"","jetpack_publicize_feature_enabled":true,"jetpack_social_post_already_shared":true,"jetpack_social_options":{"image_generator_settings":{"template":"highway","default_image_id":0,"font":"","enabled":false},"version":2}},"product_brand":[769],"product_cat":[207,212],"product_tag":[605,776],"class_list":{"0":"post-4665","1":"product","2":"type-product","3":"status-publish","4":"has-post-thumbnail","6":"product_brand-ernie-ball","7":"product_cat-acusticos","8":"product_cat-encordoamentos-aco","9":"product_tag-cordas-de-aco","10":"product_tag-encordoamento-de-aco","12":"first","13":"instock","14":"shipping-taxable","15":"purchasable","16":"product-type-simple"},"aioseo_notices":[],"jetpack_publicize_connections":[],"jetpack_sharing_enabled":true,"_links":{"self":[{"href":"https:\/\/delaet.com.br\/pt_br\/wp-json\/wp\/v2\/product\/4665","targetHints":{"allow":["GET"]}}],"collection":[{"href":"https:\/\/delaet.com.br\/pt_br\/wp-json\/wp\/v2\/product"}],"about":[{"href":"https:\/\/delaet.com.br\/pt_br\/wp-json\/wp\/v2\/types\/product"}],"replies":[{"embeddable":true,"href":"https:\/\/delaet.com.br\/pt_br\/wp-json\/wp\/v2\/comments?post=4665"}],"wp:featuredmedia":[{"embeddable":true,"href":"https:\/\/delaet.com.br\/pt_br\/wp-json\/wp\/v2\/media\/4664"}],"wp:attachment":[{"href":"https:\/\/delaet.com.br\/pt_br\/wp-json\/wp\/v2\/media?parent=4665"}],"wp:term":[{"taxonomy":"product_brand","embeddable":true,"href":"https:\/\/delaet.com.br\/pt_br\/wp-json\/wp\/v2\/product_brand?post=4665"},{"taxonomy":"product_cat","embeddable":true,"href":"https:\/\/delaet.com.br\/pt_br\/wp-json\/wp\/v2\/product_cat?post=4665"},{"taxonomy":"product_tag","embeddable":true,"href":"https:\/\/delaet.com.br\/pt_br\/wp-json\/wp\/v2\/product_tag?post=4665"}],"curies":[{"name":"wp","href":"https:\/\/api.w.org\/{rel}","templated":true}]}}