{"id":4667,"date":"2026-04-18T17:25:16","date_gmt":"2026-04-18T20:25:16","guid":{"rendered":"https:\/\/delaet.com.br\/pt_br\/loja\/produto\/encordoamento-p-violao-classico-ernesto-palla-clear-and-silver-nylon-media-ernie-ball-p02403-f108\/"},"modified":"2026-04-19T15:13:11","modified_gmt":"2026-04-19T18:13:11","slug":"encordoamento-p-violao-classico-ernesto-palla-clear-and-silver-nylon-media-ernie-ball-p02403-f108","status":"publish","type":"product","link":"https:\/\/delaet.com.br\/pt_br\/loja\/produto\/encordoamento-p-violao-classico-ernesto-palla-clear-and-silver-nylon-media-ernie-ball-p02403-f108\/","title":{"rendered":"Encordoamento P\/ viol\u00e3o Cl\u00e1ssico Ernesto Palla Clear And Silver Nylon M\u00e9dia Ernie Ball P02403"},"content":{"rendered":"<p><span style=\"color: #666666;font-family: 'Proxima Nova', -apple-system, Roboto, Arial, sans-serif;font-size: 10pt\">Ernie Ball Ernesto Palla cordas agudas para viol\u00e3o cl\u00e1ssica com qualidade de concerto s\u00e3o feitas de monofilamento de n\u00e1ilon transparente. Os baixos enrolados em prata s\u00e3o feitos de cobre folheado a prata enrolado em um n\u00facleo multifilamento de n\u00e1ilon, proporcionando um tom rico e suave. Todas as cordas Ernie Ball s\u00e3o fabricadas com precis\u00e3o de acordo com os mais altos padr\u00f5es e especifica\u00e7\u00f5es mais exigentes para garantir consist\u00eancia, desempenho ideal e vida longa.<\/span><br style=\"margin: 0px;padding: 0px;color: #666666;font-family: 'Proxima Nova', -apple-system, Roboto, Arial, sans-serif;font-size: 20px\" \/><br style=\"margin: 0px;padding: 0px;color: #666666;font-family: 'Proxima Nova', -apple-system, Roboto, Arial, sans-serif;font-size: 20px\" \/><span style=\"color: #666666;font-family: 'Proxima Nova', -apple-system, Roboto, Arial, sans-serif;font-size: 10pt\">Especifica\u00e7\u00f5es<\/span><br style=\"margin: 0px;padding: 0px;color: #666666;font-family: 'Proxima Nova', -apple-system, Roboto, Arial, sans-serif;font-size: 20px\" \/><span style=\"color: #666666;font-family: 'Proxima Nova', -apple-system, Roboto, Arial, sans-serif;font-size: 10pt\">Medidas 028-032-040-030-036-042<\/span><br style=\"margin: 0px;padding: 0px;color: #666666;font-family: 'Proxima Nova', -apple-system, Roboto, Arial, sans-serif;font-size: 20px\" \/><span style=\"color: #666666;font-family: 'Proxima Nova', -apple-system, Roboto, Arial, sans-serif;font-size: 10pt\">Tens\u00e3o M\u00e9dia<\/span><br style=\"margin: 0px;padding: 0px;color: #666666;font-family: 'Proxima Nova', -apple-system, Roboto, Arial, sans-serif;font-size: 20px\" \/><span style=\"color: #666666;font-family: 'Proxima Nova', -apple-system, Roboto, Arial, sans-serif;font-size: 10pt\">Quantidade de cordas 6<\/span><br style=\"margin: 0px;padding: 0px;color: #666666;font-family: 'Proxima Nova', -apple-system, Roboto, Arial, sans-serif;font-size: 20px\" \/><span style=\"color: #666666;font-family: 'Proxima Nova', -apple-system, Roboto, Arial, sans-serif;font-size: 10pt\">Material Nylon<\/span><br style=\"margin: 0px;padding: 0px;color: #666666;font-family: 'Proxima Nova', -apple-system, Roboto, Arial, sans-serif;font-size: 20px\" \/><span style=\"color: #666666;font-family: 'Proxima Nova', -apple-system, Roboto, Arial, sans-serif;font-size: 10pt\">C\u00f3digo P02403<\/span><\/p>\n","protected":false},"excerpt":{"rendered":"<p>Ernie Ball Ernesto Palla cordas agudas para viol\u00e3o cl\u00e1ssica com qualidade de concerto s\u00e3o feitas de monofilamento de n\u00e1ilon transparente. Os baixos enrolados em prata s\u00e3o feitos de cobre folheado a prata enrolado em um n\u00facleo multifilamento de n\u00e1ilon, proporcionando um tom rico e suave. Todas as cordas Ernie Ball s\u00e3o fabricadas com precis\u00e3o de [&hellip;]<\/p>\n","protected":false},"featured_media":4666,"comment_status":"open","ping_status":"closed","template":"","meta":{"om_disable_all_campaigns":false,"jetpack_publicize_message":"","jetpack_publicize_feature_enabled":true,"jetpack_social_post_already_shared":true,"jetpack_social_options":{"image_generator_settings":{"template":"highway","default_image_id":0,"font":"","enabled":false},"version":2}},"product_brand":[769],"product_cat":[207,211],"product_tag":[617,750,618,615],"class_list":{"0":"post-4667","1":"product","2":"type-product","3":"status-publish","4":"has-post-thumbnail","6":"product_brand-ernie-ball","7":"product_cat-acusticos","8":"product_cat-encordoamentos-nylon","9":"product_tag-cordas-de-nylon","10":"product_tag-cordas-de-violao-classico","11":"product_tag-cordas-para-violao-classico","12":"product_tag-encordoamento-para-violao-nylon","14":"first","15":"instock","16":"shipping-taxable","17":"purchasable","18":"product-type-simple"},"aioseo_notices":[],"jetpack_publicize_connections":[],"jetpack_sharing_enabled":true,"_links":{"self":[{"href":"https:\/\/delaet.com.br\/pt_br\/wp-json\/wp\/v2\/product\/4667","targetHints":{"allow":["GET"]}}],"collection":[{"href":"https:\/\/delaet.com.br\/pt_br\/wp-json\/wp\/v2\/product"}],"about":[{"href":"https:\/\/delaet.com.br\/pt_br\/wp-json\/wp\/v2\/types\/product"}],"replies":[{"embeddable":true,"href":"https:\/\/delaet.com.br\/pt_br\/wp-json\/wp\/v2\/comments?post=4667"}],"wp:featuredmedia":[{"embeddable":true,"href":"https:\/\/delaet.com.br\/pt_br\/wp-json\/wp\/v2\/media\/4666"}],"wp:attachment":[{"href":"https:\/\/delaet.com.br\/pt_br\/wp-json\/wp\/v2\/media?parent=4667"}],"wp:term":[{"taxonomy":"product_brand","embeddable":true,"href":"https:\/\/delaet.com.br\/pt_br\/wp-json\/wp\/v2\/product_brand?post=4667"},{"taxonomy":"product_cat","embeddable":true,"href":"https:\/\/delaet.com.br\/pt_br\/wp-json\/wp\/v2\/product_cat?post=4667"},{"taxonomy":"product_tag","embeddable":true,"href":"https:\/\/delaet.com.br\/pt_br\/wp-json\/wp\/v2\/product_tag?post=4667"}],"curies":[{"name":"wp","href":"https:\/\/api.w.org\/{rel}","templated":true}]}}