{"id":4729,"date":"2026-04-19T14:45:34","date_gmt":"2026-04-19T17:45:34","guid":{"rendered":"https:\/\/delaet.com.br\/pt_br\/loja\/produto\/bateria-alcalina-9v-rayovac-cartela-com-01-unidade-f108\/"},"modified":"2026-04-19T14:48:08","modified_gmt":"2026-04-19T17:48:08","slug":"bateria-alcalina-9v-rayovac-cartela-com-01-unidade-f108","status":"publish","type":"product","link":"https:\/\/delaet.com.br\/pt_br\/loja\/produto\/bateria-alcalina-9v-rayovac-cartela-com-01-unidade-f108\/","title":{"rendered":"Bateria Alcalina 9v Rayovac Cartela Com 01 Unidade"},"content":{"rendered":"<p>Bateria Alcalina 9V Rayovac Cartela com 01 unidade<\/p>\n<p>A bateria alcalina 9V Rayovac oferece energia confi\u00e1vel e de longa dura\u00e7\u00e3o para dispositivos que exigem alta performance. Ideal para equipamentos de seguran\u00e7a, instrumentos eletr\u00f4nicos e brinquedos.<\/p>\n<p>Descri\u00e7\u00e3o:<br \/>\u2022 Tipo: Bateria Alcalina 9V (6LR61)<br \/>\u2022 Marca: Rayovac<br \/>\u2022 Voltagem: 9V<br \/>\u2022 N\u00e3o recarreg\u00e1vel<br \/>\u2022 Alta durabilidade e desempenho est\u00e1vel<br \/>\u2022 Indicada para detectores de fuma\u00e7a, microfones, brinquedos, mult\u00edmetros, transmissores sem fio e outros eletr\u00f4nicos<br \/>\u2022 Produto original e pronto para uso<\/p>\n","protected":false},"excerpt":{"rendered":"<p>Bateria Alcalina 9V Rayovac Cartela com 01 unidade A bateria alcalina 9V Rayovac oferece energia confi\u00e1vel e de longa dura\u00e7\u00e3o para dispositivos que exigem alta performance. Ideal para equipamentos de seguran\u00e7a, instrumentos eletr\u00f4nicos e brinquedos. Descri\u00e7\u00e3o:\u2022 Tipo: Bateria Alcalina 9V (6LR61)\u2022 Marca: Rayovac\u2022 Voltagem: 9V\u2022 N\u00e3o recarreg\u00e1vel\u2022 Alta durabilidade e desempenho est\u00e1vel\u2022 Indicada para detectores [&hellip;]<\/p>\n","protected":false},"featured_media":4726,"comment_status":"open","ping_status":"closed","template":"","meta":{"om_disable_all_campaigns":false,"jetpack_publicize_message":"","jetpack_publicize_feature_enabled":true,"jetpack_social_post_already_shared":true,"jetpack_social_options":{"image_generator_settings":{"template":"highway","default_image_id":0,"font":"","enabled":false},"version":2}},"product_brand":[764],"product_cat":[758],"product_tag":[759,760],"class_list":{"0":"post-4729","1":"product","2":"type-product","3":"status-publish","4":"has-post-thumbnail","6":"product_brand-rayovac","7":"product_cat-pilhas-e-baterias","8":"product_tag-bateria","9":"product_tag-bateria-9v","11":"first","12":"instock","13":"shipping-taxable","14":"purchasable","15":"product-type-simple"},"aioseo_notices":[],"jetpack_publicize_connections":[],"jetpack_sharing_enabled":true,"_links":{"self":[{"href":"https:\/\/delaet.com.br\/pt_br\/wp-json\/wp\/v2\/product\/4729","targetHints":{"allow":["GET"]}}],"collection":[{"href":"https:\/\/delaet.com.br\/pt_br\/wp-json\/wp\/v2\/product"}],"about":[{"href":"https:\/\/delaet.com.br\/pt_br\/wp-json\/wp\/v2\/types\/product"}],"replies":[{"embeddable":true,"href":"https:\/\/delaet.com.br\/pt_br\/wp-json\/wp\/v2\/comments?post=4729"}],"wp:featuredmedia":[{"embeddable":true,"href":"https:\/\/delaet.com.br\/pt_br\/wp-json\/wp\/v2\/media\/4726"}],"wp:attachment":[{"href":"https:\/\/delaet.com.br\/pt_br\/wp-json\/wp\/v2\/media?parent=4729"}],"wp:term":[{"taxonomy":"product_brand","embeddable":true,"href":"https:\/\/delaet.com.br\/pt_br\/wp-json\/wp\/v2\/product_brand?post=4729"},{"taxonomy":"product_cat","embeddable":true,"href":"https:\/\/delaet.com.br\/pt_br\/wp-json\/wp\/v2\/product_cat?post=4729"},{"taxonomy":"product_tag","embeddable":true,"href":"https:\/\/delaet.com.br\/pt_br\/wp-json\/wp\/v2\/product_tag?post=4729"}],"curies":[{"name":"wp","href":"https:\/\/api.w.org\/{rel}","templated":true}]}}