{"id":4793,"date":"2026-04-20T00:51:05","date_gmt":"2026-04-20T03:51:05","guid":{"rendered":"https:\/\/delaet.com.br\/pt_br\/loja\/produto\/cordas-011-custom-light-80-20-violao-aco-elixir-f108\/"},"modified":"2026-04-20T01:04:27","modified_gmt":"2026-04-20T04:04:27","slug":"cordas-011-custom-light-80-20-violao-aco-elixir-f108","status":"publish","type":"product","link":"https:\/\/delaet.com.br\/pt_br\/loja\/produto\/cordas-011-custom-light-80-20-violao-aco-elixir-f108\/","title":{"rendered":"Cordas 011 Custom Light 80\/20 Viol\u00e3o A\u00e7o Elixir"},"content":{"rendered":"<p>Cordas 011 Custom Light 80\/20 Viol\u00e3o A\u00e7o Elixir<\/p>\n<p>A corda Elixir .011 Custom Light oferece o equil\u00edbrio perfeito entre conforto ao tocar e proje\u00e7\u00e3o sonora. Com constru\u00e7\u00e3o em Bronze 80\/20 e revestimento Nanoweb, entrega timbre brilhante e durabilidade incompar\u00e1vel para viol\u00f5es de a\u00e7o.<\/p>\n<p>Seu calibre Custom Light (.011 &#8211; .052) proporciona mais presen\u00e7a nos graves com leveza nos agudos, ideal para m\u00fasicos que buscam versatilidade tanto em dedilhados quanto em batidas.<\/p>\n<p>Principais caracter\u00edsticas:<br \/>\u2022 \u00a0 \u00a0Calibre: Custom Light (.011 &#8211; .052)<br \/>\u2022 \u00a0 \u00a0Material: Bronze 80\/20 (80% cobre, 20% zinco)<br \/>\u2022 \u00a0 \u00a0Revestimento: Nanoweb (prote\u00e7\u00e3o avan\u00e7ada com toque natural)<br \/>\u2022 \u00a0 \u00a0Aplica\u00e7\u00e3o: Viol\u00e3o de a\u00e7o (ac\u00fastico ou eletroac\u00fastico)<br \/>\u2022 \u00a0 \u00a0Timbre: Brilhante, encorpado e com excelente defini\u00e7\u00e3o<br \/>\u2022 \u00a0 \u00a0Durabilidade: At\u00e9 3 vezes mais longa que cordas convencionais<\/p>\n<p>Projetada para manter o som novo por muito mais tempo, a linha Elixir \u00e9 a preferida de m\u00fasicos exigentes em todo o mundo. Compat\u00edvel com qualquer viol\u00e3o de a\u00e7o.<\/p>\n","protected":false},"excerpt":{"rendered":"<p>Cordas 011 Custom Light 80\/20 Viol\u00e3o A\u00e7o Elixir A corda Elixir .011 Custom Light oferece o equil\u00edbrio perfeito entre conforto ao tocar e proje\u00e7\u00e3o sonora. Com constru\u00e7\u00e3o em Bronze 80\/20 e revestimento Nanoweb, entrega timbre brilhante e durabilidade incompar\u00e1vel para viol\u00f5es de a\u00e7o. Seu calibre Custom Light (.011 &#8211; .052) proporciona mais presen\u00e7a nos graves [&hellip;]<\/p>\n","protected":false},"featured_media":4791,"comment_status":"open","ping_status":"closed","template":"","meta":{"om_disable_all_campaigns":false,"_monsterinsights_skip_tracking":false,"_monsterinsights_sitenote_active":false,"_monsterinsights_sitenote_note":"","_monsterinsights_sitenote_category":0,"jetpack_publicize_message":"","jetpack_publicize_feature_enabled":true,"jetpack_social_post_already_shared":true,"jetpack_social_options":{"image_generator_settings":{"template":"highway","default_image_id":0,"font":"","enabled":false},"version":2}},"product_brand":[765],"product_cat":[207,212],"product_tag":[751,780],"class_list":{"0":"post-4793","1":"product","2":"type-product","3":"status-publish","4":"has-post-thumbnail","6":"product_brand-elixir","7":"product_cat-acusticos","8":"product_cat-encordoamentos-aco","9":"product_tag-cordas-de-violao-aco","10":"product_tag-encordoamento-de-violao-aco","12":"first","13":"instock","14":"shipping-taxable","15":"purchasable","16":"product-type-simple"},"aioseo_notices":[],"jetpack_publicize_connections":[],"jetpack_sharing_enabled":true,"_links":{"self":[{"href":"https:\/\/delaet.com.br\/pt_br\/wp-json\/wp\/v2\/product\/4793","targetHints":{"allow":["GET"]}}],"collection":[{"href":"https:\/\/delaet.com.br\/pt_br\/wp-json\/wp\/v2\/product"}],"about":[{"href":"https:\/\/delaet.com.br\/pt_br\/wp-json\/wp\/v2\/types\/product"}],"replies":[{"embeddable":true,"href":"https:\/\/delaet.com.br\/pt_br\/wp-json\/wp\/v2\/comments?post=4793"}],"wp:featuredmedia":[{"embeddable":true,"href":"https:\/\/delaet.com.br\/pt_br\/wp-json\/wp\/v2\/media\/4791"}],"wp:attachment":[{"href":"https:\/\/delaet.com.br\/pt_br\/wp-json\/wp\/v2\/media?parent=4793"}],"wp:term":[{"taxonomy":"product_brand","embeddable":true,"href":"https:\/\/delaet.com.br\/pt_br\/wp-json\/wp\/v2\/product_brand?post=4793"},{"taxonomy":"product_cat","embeddable":true,"href":"https:\/\/delaet.com.br\/pt_br\/wp-json\/wp\/v2\/product_cat?post=4793"},{"taxonomy":"product_tag","embeddable":true,"href":"https:\/\/delaet.com.br\/pt_br\/wp-json\/wp\/v2\/product_tag?post=4793"}],"curies":[{"name":"wp","href":"https:\/\/api.w.org\/{rel}","templated":true}]}}