{"id":48,"date":"2026-03-26T12:01:33","date_gmt":"2026-03-26T15:01:33","guid":{"rendered":"http:\/\/delaetmusic.com\/produto\/violino-artesanal-classico\/"},"modified":"2026-04-17T08:37:35","modified_gmt":"2026-04-17T11:37:35","slug":"violino-delaet","status":"publish","type":"product","link":"https:\/\/delaet.com.br\/pt_br\/loja\/produto\/violino-delaet\/","title":{"rendered":"Violino De Laet"},"content":{"rendered":"<p>Violino artesanal de autor, confeccionado com Acero e Abeto maci\u00e7os que proporcionam uma sonoridade rica e ressonante. Fiel \u00e0 tradi\u00e7\u00e3o da Escola de Cremona, elementos como a voluta, os filetes e os &#8220;ffs&#8221; s\u00e3o inteiramente esculpidos \u00e0 m\u00e3o livre. O projeto autoral de De Laet foi desenvolvido sob os princ\u00edpios da Propor\u00e7\u00e3o \u00c1urea, evocando a excel\u00eancia dos instrumentos da Era de Ouro, como os de Guarneri e Stradivari. Caso tenha interesse em um instrumento inspirado nesses mestres ou em modelos espec\u00edficos \u2014 como o &#8220;Messiah&#8221; ou o &#8220;Il Cannone&#8221; \u2014, entre em contato para um or\u00e7amento personalizado.<\/p>\n<p>O verniz vermelho alaranjado, que d\u00e1 ao instrumento um toque imponente e cl\u00e1ssico, \u00e9 produzido no pr\u00f3prio ateli\u00ea.<\/p>\n<section id=\"ProdBlock\" class=\"product-tabs product-tabs--abas\">\n<div id=\"descricao\" class=\"prodBox product__description\">\n<div class=\"product__board\">\n<p><strong>Autor:<\/strong> Miguel De Laet<br \/>\n<strong>Modelo:<\/strong> Autoral (para instrumentos inspirados em modelos espec\u00edficos, como o &#8220;Messiah&#8221; de Stradivari, por exemplo, entre em contato conosco: info@delaet.com.br)<\/p>\n<h4>Especifica\u00e7\u00f5es:<\/h4>\n<ul>\n<li>Tampo: Abeto maci\u00e7o<\/li>\n<li>Bra\u00e7o, laterais e fundo: Acero maci\u00e7o<\/li>\n<li>Espelho: \u00c9bano<\/li>\n<li>Tamanho: 4\/4<\/li>\n<li>Verniz: misto (\u00f3leo e \u00e1lcool)<\/li>\n<li>Encordoamento: Thomastik Vision ou Dominant<\/li>\n<li>Cavalete: Despiau ou Teller<\/li>\n<li>Material da queixeira: Rosewood ou \u00c9bano<\/li>\n<li>Material do estandarte: Rosewood ou \u00c9bano<\/li>\n<\/ul>\n<h4>Informa\u00e7\u00f5es adicionais:<\/h4>\n<p>&#8211; Prazo previsto para confec\u00e7\u00e3o ap\u00f3s a confirma\u00e7\u00e3o do pedido: 6 meses<\/p>\n<h4>Recomenda\u00e7\u00f5es para conserva\u00e7\u00e3o de instrumentos de cordas friccionadas:<\/h4>\n<ul>\n<li>Utilize umidificadores e desumidificadores para manter a umidade do ambiente entre 45% e 65% para evitar rachaduras ou mofo em seu instrumento;<\/li>\n<li>Limpe o excesso de breu ao final do uso para melhor conserva\u00e7\u00e3o do verniz;<\/li>\n<li>Com o intuito de prolongar a vida \u00fatil do seu arco, distensione a crina antes de guard\u00e1-lo.<\/li>\n<\/ul>\n<p>&nbsp;<\/p>\n<\/div>\n<\/div>\n<\/section>\n<div id=\"prognoos_lsi\"><\/div>\n","protected":false},"excerpt":{"rendered":"<p>Violino artesanal de autor, confeccionado com Acero e Abeto maci\u00e7os que proporcionam uma sonoridade rica e ressonante. Fiel \u00e0 tradi\u00e7\u00e3o da Escola de Cremona, elementos como a voluta, os filetes e os &#8220;ffs&#8221; s\u00e3o inteiramente esculpidos \u00e0 m\u00e3o livre. O projeto autoral de De Laet foi desenvolvido sob os princ\u00edpios da Propor\u00e7\u00e3o \u00c1urea, evocando a [&hellip;]<\/p>\n","protected":false},"featured_media":4351,"comment_status":"open","ping_status":"closed","template":"","meta":{"om_disable_all_campaigns":false,"jetpack_publicize_message":"","jetpack_publicize_feature_enabled":true,"jetpack_social_post_already_shared":false,"jetpack_social_options":{"image_generator_settings":{"template":"highway","default_image_id":0,"font":"","enabled":false},"version":2}},"product_brand":[100],"product_cat":[210,124],"product_tag":[732],"class_list":{"0":"post-48","1":"product","2":"type-product","3":"status-publish","4":"has-post-thumbnail","6":"product_brand-de-laet","7":"product_cat-friccionadas","8":"product_cat-violinos","9":"product_tag-violino-4-4","11":"first","12":"onbackorder","13":"sold-individually","14":"shipping-taxable","15":"purchasable","16":"product-type-simple"},"aioseo_notices":[],"jetpack_publicize_connections":[],"jetpack_sharing_enabled":true,"_links":{"self":[{"href":"https:\/\/delaet.com.br\/pt_br\/wp-json\/wp\/v2\/product\/48","targetHints":{"allow":["GET"]}}],"collection":[{"href":"https:\/\/delaet.com.br\/pt_br\/wp-json\/wp\/v2\/product"}],"about":[{"href":"https:\/\/delaet.com.br\/pt_br\/wp-json\/wp\/v2\/types\/product"}],"replies":[{"embeddable":true,"href":"https:\/\/delaet.com.br\/pt_br\/wp-json\/wp\/v2\/comments?post=48"}],"wp:featuredmedia":[{"embeddable":true,"href":"https:\/\/delaet.com.br\/pt_br\/wp-json\/wp\/v2\/media\/4351"}],"wp:attachment":[{"href":"https:\/\/delaet.com.br\/pt_br\/wp-json\/wp\/v2\/media?parent=48"}],"wp:term":[{"taxonomy":"product_brand","embeddable":true,"href":"https:\/\/delaet.com.br\/pt_br\/wp-json\/wp\/v2\/product_brand?post=48"},{"taxonomy":"product_cat","embeddable":true,"href":"https:\/\/delaet.com.br\/pt_br\/wp-json\/wp\/v2\/product_cat?post=48"},{"taxonomy":"product_tag","embeddable":true,"href":"https:\/\/delaet.com.br\/pt_br\/wp-json\/wp\/v2\/product_tag?post=48"}],"curies":[{"name":"wp","href":"https:\/\/api.w.org\/{rel}","templated":true}]}}