{"id":4800,"date":"2026-04-20T00:51:34","date_gmt":"2026-04-20T03:51:34","guid":{"rendered":"https:\/\/delaet.com.br\/pt_br\/loja\/produto\/cordas-011-medium-guitarra-nanoweb-elixir-f108\/"},"modified":"2026-04-20T01:03:29","modified_gmt":"2026-04-20T04:03:29","slug":"cordas-011-medium-guitarra-nanoweb-elixir-f108","status":"publish","type":"product","link":"https:\/\/delaet.com.br\/pt_br\/loja\/produto\/cordas-011-medium-guitarra-nanoweb-elixir-f108\/","title":{"rendered":"Cordas 011 Medium Guitarra Nanoweb Elixir"},"content":{"rendered":"<p>Cordas 011 Medium Guitarra Nanoweb Elixir<\/p>\n<p>A corda Elixir .011 Medium oferece pegada firme, som encorpado e alta durabilidade, sendo ideal para guitarristas que preferem tens\u00e3o m\u00e9dia e timbre mais robusto. Com revestimento Nanoweb, proporciona prote\u00e7\u00e3o contra oxida\u00e7\u00e3o e sujeira, mantendo o som novo por muito mais tempo.<\/p>\n<p>Seu calibre m\u00e9dio (.011 &#8211; .049) \u00e9 excelente para estilos que exigem mais presen\u00e7a sonora, estabilidade na afina\u00e7\u00e3o e controle em afina\u00e7\u00f5es mais graves.<\/p>\n<p>Principais caracter\u00edsticas:<br \/>\u2022 \u00a0 \u00a0Calibre: Medium (.011 &#8211; .049)<br \/>\u2022 \u00a0 \u00a0Revestimento: Nanoweb (toque natural com prote\u00e7\u00e3o prolongada)<br \/>\u2022 \u00a0 \u00a0Aplica\u00e7\u00e3o: Guitarras el\u00e9tricas em qualquer estilo musical<br \/>\u2022 \u00a0 \u00a0Timbre: Encorpado, brilhante e com excelente sustain<br \/>\u2022 \u00a0 \u00a0Toque: Mais firme, ideal para riffs pesados e acordes definidos<br \/>\u2022 \u00a0 \u00a0Durabilidade: At\u00e9 3 vezes maior que cordas convencionais<\/p>\n<p>A Elixir \u00e9 refer\u00eancia global em cordas de alto desempenho, escolhida por m\u00fasicos profissionais que exigem confiabilidade em todos os momentos.<\/p>\n","protected":false},"excerpt":{"rendered":"<p>Cordas 011 Medium Guitarra Nanoweb Elixir A corda Elixir .011 Medium oferece pegada firme, som encorpado e alta durabilidade, sendo ideal para guitarristas que preferem tens\u00e3o m\u00e9dia e timbre mais robusto. Com revestimento Nanoweb, proporciona prote\u00e7\u00e3o contra oxida\u00e7\u00e3o e sujeira, mantendo o som novo por muito mais tempo. Seu calibre m\u00e9dio (.011 &#8211; .049) \u00e9 [&hellip;]<\/p>\n","protected":false},"featured_media":4798,"comment_status":"open","ping_status":"closed","template":"","meta":{"om_disable_all_campaigns":false,"jetpack_publicize_message":"","jetpack_publicize_feature_enabled":true,"jetpack_social_post_already_shared":true,"jetpack_social_options":{"image_generator_settings":{"template":"highway","default_image_id":0,"font":"","enabled":false},"version":2}},"product_brand":[765],"product_cat":[28,215],"product_tag":[778,619],"class_list":{"0":"post-4800","1":"product","2":"type-product","3":"status-publish","4":"has-post-thumbnail","6":"product_brand-elixir","7":"product_cat-eletricos","8":"product_cat-encordoamentos-guitarra","9":"product_tag-cordas-de-guitarra","10":"product_tag-encordoamento-de-guitarra","12":"first","13":"instock","14":"shipping-taxable","15":"purchasable","16":"product-type-simple"},"aioseo_notices":[],"jetpack_publicize_connections":[],"jetpack_sharing_enabled":true,"_links":{"self":[{"href":"https:\/\/delaet.com.br\/pt_br\/wp-json\/wp\/v2\/product\/4800","targetHints":{"allow":["GET"]}}],"collection":[{"href":"https:\/\/delaet.com.br\/pt_br\/wp-json\/wp\/v2\/product"}],"about":[{"href":"https:\/\/delaet.com.br\/pt_br\/wp-json\/wp\/v2\/types\/product"}],"replies":[{"embeddable":true,"href":"https:\/\/delaet.com.br\/pt_br\/wp-json\/wp\/v2\/comments?post=4800"}],"wp:featuredmedia":[{"embeddable":true,"href":"https:\/\/delaet.com.br\/pt_br\/wp-json\/wp\/v2\/media\/4798"}],"wp:attachment":[{"href":"https:\/\/delaet.com.br\/pt_br\/wp-json\/wp\/v2\/media?parent=4800"}],"wp:term":[{"taxonomy":"product_brand","embeddable":true,"href":"https:\/\/delaet.com.br\/pt_br\/wp-json\/wp\/v2\/product_brand?post=4800"},{"taxonomy":"product_cat","embeddable":true,"href":"https:\/\/delaet.com.br\/pt_br\/wp-json\/wp\/v2\/product_cat?post=4800"},{"taxonomy":"product_tag","embeddable":true,"href":"https:\/\/delaet.com.br\/pt_br\/wp-json\/wp\/v2\/product_tag?post=4800"}],"curies":[{"name":"wp","href":"https:\/\/api.w.org\/{rel}","templated":true}]}}