{"id":4823,"date":"2026-04-20T01:10:47","date_gmt":"2026-04-20T04:10:47","guid":{"rendered":"https:\/\/delaet.com.br\/pt_br\/loja\/produto\/emva10-el-encordoamento-monterey-violao-aco-prata-extra-leve-f108\/"},"modified":"2026-04-20T11:49:17","modified_gmt":"2026-04-20T14:49:17","slug":"emva10-el-encordoamento-monterey-violao-aco-prata-extra-leve-f108","status":"publish","type":"product","link":"https:\/\/delaet.com.br\/pt_br\/loja\/produto\/emva10-el-encordoamento-monterey-violao-aco-prata-extra-leve-f108\/","title":{"rendered":"Emva10 El &#8211; Encordoamento Monterey Violao A\u00e7o Prata Extra-leve"},"content":{"rendered":"<p>ENC VIOLAO ACO PRATA EXTRA-LEVE EMVA10 EL MONTEREY<\/p>\n<p>O Encordoamento Monterey Prata para Viol\u00e3o A\u00e7o Extra Leve EMVA10 EL \u00e9 projetado para m\u00fasicos que buscam qualidade sonora e conforto na execu\u00e7\u00e3o. Abaixo, apresento suas principais especifica\u00e7\u00f5es:<\/p>\n<p>Calibres das Cordas:<br \/>\u2022 \u00a0 \u00a01\u00aa Mi (E): 0.010 polegadas<br \/>\u2022 \u00a0 \u00a02\u00aa Si (B): 0.014 polegadas<br \/>\u2022 \u00a0 \u00a03\u00aa Sol (G): 0.021 polegadas<br \/>\u2022 \u00a0 \u00a04\u00aa R\u00e9 (D): 0.028 polegadas<br \/>\u2022 \u00a0 \u00a05\u00aa L\u00e1 (A): 0.037 polegadas<br \/>\u2022 \u00a0 \u00a06\u00aa Mi (E): 0.047 polegadas<br \/>\u2022 \u00a0 \u00a0<br \/>Caracter\u00edsticas T\u00e9cnicas:<br \/>Materiais:<br \/>\u2022 \u00a0 \u00a0Cordas Primas (1\u00aa e 2\u00aa): Fabricadas em a\u00e7o inoxid\u00e1vel de alta qualidade, proporcionando resist\u00eancia \u00e0 corros\u00e3o e durabilidade.<br \/>\u2022 \u00a0 \u00a0Cordas Bord\u00f5es (3\u00aa a 6\u00aa): Possuem n\u00facleo de a\u00e7o com alto teor de carbono e s\u00e3o revestidas com a\u00e7o inoxid\u00e1vel macio, garantindo um som encorpado e brilhante.<br \/>\u2022 \u00a0 \u00a0Tens\u00e3o: Extra leve, facilitando a tocabilidade e oferecendo conforto aos m\u00fasicos, especialmente para t\u00e9cnicas que exigem maior flexibilidade das cordas.<\/p>\n<p>Benef\u00edcios:<br \/>\u2022 \u00a0 \u00a0Timbre: Oferece um som brilhante com bastante corpo, adequado para diversos estilos musicais.<br \/>\u2022 \u00a0 \u00a0Durabilidade: A combina\u00e7\u00e3o de materiais de alta qualidade assegura uma vida \u00fatil prolongada das cordas.<br \/>\u2022 \u00a0 \u00a0Tocabilidade: Devido \u00e0 tens\u00e3o extra leve, proporciona uma experi\u00eancia de execu\u00e7\u00e3o suave, ideal para m\u00fasicos que buscam conforto sem comprometer a qualidade sonora.<\/p>\n","protected":false},"excerpt":{"rendered":"<p>ENC VIOLAO ACO PRATA EXTRA-LEVE EMVA10 EL MONTEREY O Encordoamento Monterey Prata para Viol\u00e3o A\u00e7o Extra Leve EMVA10 EL \u00e9 projetado para m\u00fasicos que buscam qualidade sonora e conforto na execu\u00e7\u00e3o. Abaixo, apresento suas principais especifica\u00e7\u00f5es: Calibres das Cordas:\u2022 \u00a0 \u00a01\u00aa Mi (E): 0.010 polegadas\u2022 \u00a0 \u00a02\u00aa Si (B): 0.014 polegadas\u2022 \u00a0 \u00a03\u00aa Sol (G): [&hellip;]<\/p>\n","protected":false},"featured_media":4821,"comment_status":"open","ping_status":"closed","template":"","meta":{"om_disable_all_campaigns":false,"jetpack_publicize_message":"","jetpack_publicize_feature_enabled":true,"jetpack_social_post_already_shared":true,"jetpack_social_options":{"image_generator_settings":{"template":"highway","default_image_id":0,"font":"","enabled":false},"version":2}},"product_brand":[773],"product_cat":[207,212],"product_tag":[605,751,776,780],"class_list":{"0":"post-4823","1":"product","2":"type-product","3":"status-publish","4":"has-post-thumbnail","6":"product_brand-solez","7":"product_cat-acusticos","8":"product_cat-encordoamentos-aco","9":"product_tag-cordas-de-aco","10":"product_tag-cordas-de-violao-aco","11":"product_tag-encordoamento-de-aco","12":"product_tag-encordoamento-de-violao-aco","14":"first","15":"instock","16":"shipping-taxable","17":"purchasable","18":"product-type-simple"},"aioseo_notices":[],"jetpack_publicize_connections":[],"jetpack_sharing_enabled":true,"_links":{"self":[{"href":"https:\/\/delaet.com.br\/pt_br\/wp-json\/wp\/v2\/product\/4823","targetHints":{"allow":["GET"]}}],"collection":[{"href":"https:\/\/delaet.com.br\/pt_br\/wp-json\/wp\/v2\/product"}],"about":[{"href":"https:\/\/delaet.com.br\/pt_br\/wp-json\/wp\/v2\/types\/product"}],"replies":[{"embeddable":true,"href":"https:\/\/delaet.com.br\/pt_br\/wp-json\/wp\/v2\/comments?post=4823"}],"wp:featuredmedia":[{"embeddable":true,"href":"https:\/\/delaet.com.br\/pt_br\/wp-json\/wp\/v2\/media\/4821"}],"wp:attachment":[{"href":"https:\/\/delaet.com.br\/pt_br\/wp-json\/wp\/v2\/media?parent=4823"}],"wp:term":[{"taxonomy":"product_brand","embeddable":true,"href":"https:\/\/delaet.com.br\/pt_br\/wp-json\/wp\/v2\/product_brand?post=4823"},{"taxonomy":"product_cat","embeddable":true,"href":"https:\/\/delaet.com.br\/pt_br\/wp-json\/wp\/v2\/product_cat?post=4823"},{"taxonomy":"product_tag","embeddable":true,"href":"https:\/\/delaet.com.br\/pt_br\/wp-json\/wp\/v2\/product_tag?post=4823"}],"curies":[{"name":"wp","href":"https:\/\/api.w.org\/{rel}","templated":true}]}}