{"id":4875,"date":"2026-04-20T02:04:53","date_gmt":"2026-04-20T05:04:53","guid":{"rendered":"https:\/\/delaet.com.br\/pt_br\/loja\/produto\/encordoamento-p-viola-niquel-tensao-leve-solez-slvc-tl-f108\/"},"modified":"2026-04-20T11:35:55","modified_gmt":"2026-04-20T14:35:55","slug":"encordoamento-p-viola-niquel-tensao-leve-solez-slvc-tl-f108","status":"publish","type":"product","link":"https:\/\/delaet.com.br\/pt_br\/loja\/produto\/encordoamento-p-viola-niquel-tensao-leve-solez-slvc-tl-f108\/","title":{"rendered":"Encordoamento P\/ viola Niquel Tens\u00e3o Leve Solez Slvc Tl"},"content":{"rendered":"<p style=\"font-family: 'Times New Roman';font-size: medium\"><span style=\"color: #666666;font-family: 'Proxima Nova', -apple-system, Roboto, Arial, sans-serif;font-size: 10pt\">Descri\u00e7\u00e3o:<\/p>\n<p>Jogo de Cordas P\/Viola Niquel Tens\u00e3o Leve Slvc TL<\/span><br style=\"margin: 0px;padding: 0px;color: #666666;font-family: 'Proxima Nova', -apple-system, Roboto, Arial, sans-serif;font-size: 20px\"><br style=\"margin: 0px;padding: 0px;color: #666666;font-family: 'Proxima Nova', -apple-system, Roboto, Arial, sans-serif;font-size: 20px\"><span style=\"color: #666666;font-family: 'Proxima Nova', -apple-system, Roboto, Arial, sans-serif;font-size: 10pt\">As cordas SOLEZ s\u00e3o fabricadas no Brasil e contam com a exclusiva tecnologia DLP (dual layer protection) que protege as cordas contra corros\u00e3o e aumentam sensivelmente sua durabilidade sem perder o timbre.<\/span><br style=\"margin: 0px;padding: 0px;color: #666666;font-family: 'Proxima Nova', -apple-system, Roboto, Arial, sans-serif;font-size: 20px\"><br style=\"margin: 0px;padding: 0px;color: #666666;font-family: 'Proxima Nova', -apple-system, Roboto, Arial, sans-serif;font-size: 20px\"><span style=\"color: #666666;font-family: 'Proxima Nova', -apple-system, Roboto, Arial, sans-serif;font-size: 10pt\">Jogo completo de cordas para viol\u00e3o<\/span><br style=\"margin: 0px;padding: 0px;color: #666666;font-family: 'Proxima Nova', -apple-system, Roboto, Arial, sans-serif;font-size: 20px\"><span style=\"color: #666666;font-family: 'Proxima Nova', -apple-system, Roboto, Arial, sans-serif;font-size: 10pt\">Tens\u00e3o Leve<\/span><br style=\"margin: 0px;padding: 0px;color: #666666;font-family: 'Proxima Nova', -apple-system, Roboto, Arial, sans-serif;font-size: 20px\"><span style=\"color: #666666;font-family: 'Proxima Nova', -apple-system, Roboto, Arial, sans-serif;font-size: 10pt\">Calibres:\u00a0(1) 010 010, (2) 012 012, (3) 009 019, (4) 012 022, (5) 014 030<\/span><br style=\"margin: 0px;padding: 0px;color: #666666;font-family: 'Proxima Nova', -apple-system, Roboto, Arial, sans-serif;font-size: 20px\"><span style=\"color: #666666;font-family: 'Proxima Nova', -apple-system, Roboto, Arial, sans-serif;font-size: 10pt\">Material: A\u00e7o<\/p>\n<p>Afina\u00e7\u00e3o: Cebol\u00e3o em Mi<\/span><\/p>\n<p style=\"font-family: 'Times New Roman';font-size: medium\"><span style=\"color: #666666;font-family: 'Proxima Nova', -apple-system, Roboto, Arial, sans-serif;font-size: 10pt\">Produto em estoque para envio imediato<\/p>\n<p>Verifique o endere\u00e7o de entrega antes de finalizar a sua compra,\u00a0<\/span><span style=\"color: #666666;font-family: 'Proxima Nova', -apple-system, Roboto, Arial, sans-serif;font-size: 13.3333px\">para que a sua compra, chegue corretamente at\u00e9 voc\u00ea.<\/span><\/p>\n","protected":false},"excerpt":{"rendered":"<p>Descri\u00e7\u00e3o: Jogo de Cordas P\/Viola Niquel Tens\u00e3o Leve Slvc TLAs cordas SOLEZ s\u00e3o fabricadas no Brasil e contam com a exclusiva tecnologia DLP (dual layer protection) que protege as cordas contra corros\u00e3o e aumentam sensivelmente sua durabilidade sem perder o timbre.Jogo completo de cordas para viol\u00e3oTens\u00e3o LeveCalibres:\u00a0(1) 010 010, (2) 012 012, (3) 009 019, [&hellip;]<\/p>\n","protected":false},"featured_media":4874,"comment_status":"open","ping_status":"closed","template":"","meta":{"om_disable_all_campaigns":false,"jetpack_publicize_message":"","jetpack_publicize_feature_enabled":true,"jetpack_social_post_already_shared":true,"jetpack_social_options":{"image_generator_settings":{"template":"highway","default_image_id":0,"font":"","enabled":false},"version":2}},"product_brand":[773],"product_cat":[207,214],"product_tag":[743,608],"class_list":{"0":"post-4875","1":"product","2":"type-product","3":"status-publish","4":"has-post-thumbnail","6":"product_brand-solez","7":"product_cat-acusticos","8":"product_cat-encordoamentos-viola","9":"product_tag-encordoamento-de-viola","10":"product_tag-encordoamento-viola-caipira","12":"first","13":"instock","14":"shipping-taxable","15":"purchasable","16":"product-type-simple"},"aioseo_notices":[],"jetpack_publicize_connections":[],"jetpack_sharing_enabled":true,"_links":{"self":[{"href":"https:\/\/delaet.com.br\/pt_br\/wp-json\/wp\/v2\/product\/4875","targetHints":{"allow":["GET"]}}],"collection":[{"href":"https:\/\/delaet.com.br\/pt_br\/wp-json\/wp\/v2\/product"}],"about":[{"href":"https:\/\/delaet.com.br\/pt_br\/wp-json\/wp\/v2\/types\/product"}],"replies":[{"embeddable":true,"href":"https:\/\/delaet.com.br\/pt_br\/wp-json\/wp\/v2\/comments?post=4875"}],"wp:featuredmedia":[{"embeddable":true,"href":"https:\/\/delaet.com.br\/pt_br\/wp-json\/wp\/v2\/media\/4874"}],"wp:attachment":[{"href":"https:\/\/delaet.com.br\/pt_br\/wp-json\/wp\/v2\/media?parent=4875"}],"wp:term":[{"taxonomy":"product_brand","embeddable":true,"href":"https:\/\/delaet.com.br\/pt_br\/wp-json\/wp\/v2\/product_brand?post=4875"},{"taxonomy":"product_cat","embeddable":true,"href":"https:\/\/delaet.com.br\/pt_br\/wp-json\/wp\/v2\/product_cat?post=4875"},{"taxonomy":"product_tag","embeddable":true,"href":"https:\/\/delaet.com.br\/pt_br\/wp-json\/wp\/v2\/product_tag?post=4875"}],"curies":[{"name":"wp","href":"https:\/\/api.w.org\/{rel}","templated":true}]}}