{"id":4880,"date":"2026-04-20T02:05:15","date_gmt":"2026-04-20T05:05:15","guid":{"rendered":"https:\/\/delaet.com.br\/pt_br\/loja\/produto\/encordoamento-p-violao-aco-bronze-85-15-sg-0-009-0-045-f108\/"},"modified":"2026-04-20T11:34:04","modified_gmt":"2026-04-20T14:34:04","slug":"encordoamento-p-violao-aco-bronze-85-15-sg-0-009-0-045-f108","status":"publish","type":"product","link":"https:\/\/delaet.com.br\/pt_br\/loja\/produto\/encordoamento-p-violao-aco-bronze-85-15-sg-0-009-0-045-f108\/","title":{"rendered":"Encordoamento P\/ viol\u00e3o A\u00e7o Bronze 85\/15 Sg 0.009 &#8211; 0.045"},"content":{"rendered":"<p>Encordoamento para Viol\u00e3o A\u00e7o Bronze 85\/15 SG 009 \u2013 045<\/p>\n<p>O Encordoamento para Viol\u00e3o A\u00e7o Bronze 85\/15 SG 009 \u2013 045 \u00e9 ideal para violonistas que buscam tocabilidade leve com som brilhante e timbre definido. Com calibres mais finos e liga de bronze 85\/15 de alta qualidade, proporciona conforto ao tocar, resposta r\u00e1pida e \u00f3tima proje\u00e7\u00e3o sonora \u2014 perfeito para ensaios, apresenta\u00e7\u00f5es e grava\u00e7\u00f5es.<\/p>\n<p>Caracter\u00edsticas do Produto<br \/>\u2022 \u00a0 \u00a0Encordoamento para viol\u00e3o com cordas de a\u00e7o<br \/>\u2022 \u00a0 \u00a0Material: Bronze 85\/15 (85% cobre \/ 15% estanho)<br \/>\u2022 \u00a0 \u00a0Calibres 009 \u2013 045 (extra leve)<br \/>\u2022 \u00a0 \u00a0Som brilhante e timbre equilibrado<br \/>\u2022 \u00a0 \u00a0Excelente resposta e proje\u00e7\u00e3o sonora<br \/>\u2022 \u00a0 \u00a0Toque confort\u00e1vel para palhetadas e dedilhados<br \/>\u2022 \u00a0 \u00a0Durabilidade e resist\u00eancia ao desgaste<\/p>\n<p>Produto novo, pronto para uso e com excelente custo-benef\u00edcio. Envio r\u00e1pido e embalagem segura para que voc\u00ea receba tudo em perfeito estado. Qualidade sonora e performance est\u00e1vel para seu viol\u00e3o.<\/p>\n","protected":false},"excerpt":{"rendered":"<p>Encordoamento para Viol\u00e3o A\u00e7o Bronze 85\/15 SG 009 \u2013 045 O Encordoamento para Viol\u00e3o A\u00e7o Bronze 85\/15 SG 009 \u2013 045 \u00e9 ideal para violonistas que buscam tocabilidade leve com som brilhante e timbre definido. Com calibres mais finos e liga de bronze 85\/15 de alta qualidade, proporciona conforto ao tocar, resposta r\u00e1pida e \u00f3tima [&hellip;]<\/p>\n","protected":false},"featured_media":4878,"comment_status":"open","ping_status":"closed","template":"","meta":{"om_disable_all_campaigns":false,"jetpack_publicize_message":"","jetpack_publicize_feature_enabled":true,"jetpack_social_post_already_shared":true,"jetpack_social_options":{"image_generator_settings":{"template":"highway","default_image_id":0,"font":"","enabled":false},"version":2}},"product_brand":[767],"product_cat":[207,212],"product_tag":[605,751,776,780],"class_list":{"0":"post-4880","1":"product","2":"type-product","3":"status-publish","4":"has-post-thumbnail","6":"product_brand-sg","7":"product_cat-acusticos","8":"product_cat-encordoamentos-aco","9":"product_tag-cordas-de-aco","10":"product_tag-cordas-de-violao-aco","11":"product_tag-encordoamento-de-aco","12":"product_tag-encordoamento-de-violao-aco","14":"first","15":"instock","16":"shipping-taxable","17":"purchasable","18":"product-type-simple"},"aioseo_notices":[],"jetpack_publicize_connections":[],"jetpack_sharing_enabled":true,"_links":{"self":[{"href":"https:\/\/delaet.com.br\/pt_br\/wp-json\/wp\/v2\/product\/4880","targetHints":{"allow":["GET"]}}],"collection":[{"href":"https:\/\/delaet.com.br\/pt_br\/wp-json\/wp\/v2\/product"}],"about":[{"href":"https:\/\/delaet.com.br\/pt_br\/wp-json\/wp\/v2\/types\/product"}],"replies":[{"embeddable":true,"href":"https:\/\/delaet.com.br\/pt_br\/wp-json\/wp\/v2\/comments?post=4880"}],"wp:featuredmedia":[{"embeddable":true,"href":"https:\/\/delaet.com.br\/pt_br\/wp-json\/wp\/v2\/media\/4878"}],"wp:attachment":[{"href":"https:\/\/delaet.com.br\/pt_br\/wp-json\/wp\/v2\/media?parent=4880"}],"wp:term":[{"taxonomy":"product_brand","embeddable":true,"href":"https:\/\/delaet.com.br\/pt_br\/wp-json\/wp\/v2\/product_brand?post=4880"},{"taxonomy":"product_cat","embeddable":true,"href":"https:\/\/delaet.com.br\/pt_br\/wp-json\/wp\/v2\/product_cat?post=4880"},{"taxonomy":"product_tag","embeddable":true,"href":"https:\/\/delaet.com.br\/pt_br\/wp-json\/wp\/v2\/product_tag?post=4880"}],"curies":[{"name":"wp","href":"https:\/\/api.w.org\/{rel}","templated":true}]}}