{"id":4925,"date":"2026-04-20T02:09:01","date_gmt":"2026-04-20T05:09:01","guid":{"rendered":"https:\/\/delaet.com.br\/pt_br\/loja\/produto\/encordoamento-p-violao-nylon-preto-0-029-0-043-sao-goncalo-f108\/"},"modified":"2026-04-20T11:16:12","modified_gmt":"2026-04-20T14:16:12","slug":"encordoamento-p-violao-nylon-preto-0-029-0-043-sao-goncalo-f108","status":"publish","type":"product","link":"https:\/\/delaet.com.br\/pt_br\/loja\/produto\/encordoamento-p-violao-nylon-preto-0-029-0-043-sao-goncalo-f108\/","title":{"rendered":"Encordoamento P\/ viol\u00e3o Nylon Preto 0.029 &#8211; 0.043 S\u00e3o Gon\u00e7alo"},"content":{"rendered":"<p>Encordoamento S\u00e3o Gon\u00e7alo \u2013 Viol\u00e3o Nylon Preto<br \/>Calibres 0.029 \u2013 0.043 | Tens\u00e3o Leve<\/p>\n<p>O encordoamento S\u00e3o Gon\u00e7alo Nylon Preto oferece timbre encorpado e visual diferenciado. Com tens\u00e3o leve, \u00e9 ideal para violonistas que buscam conforto ao tocar, sem abrir m\u00e3o de defini\u00e7\u00e3o sonora e estabilidade de afina\u00e7\u00e3o.<\/p>\n<p>Especifica\u00e7\u00f5es T\u00e9cnicas<br \/>\u2022 \u00a0 \u00a0Marca: S\u00e3o Gon\u00e7alo<br \/>\u2022 \u00a0 \u00a0Modelo: Nylon Preto 0.029 \u2013 0.043<br \/>\u2022 \u00a0 \u00a0Instrumento: Viol\u00e3o com cordas de nylon<br \/>\u2022 \u00a0 \u00a0Tens\u00e3o: Leve<br \/>\u2022 \u00a0 \u00a0Calibres: .029, .033, .041, .030, .035, .043<br \/>\u2022 \u00a0 \u00a0Quantidade de cordas: 6<br \/>\u2022 \u00a0 \u00a0Material: primas em nylon preto, bord\u00f5es com revestimento em cobre prateado<br \/>\u2022 \u00a0 \u00a0Termina\u00e7\u00e3o: com bolinha (ball end)<br \/>\u2022 \u00a0 \u00a0Aplica\u00e7\u00e3o: uso profissional ou amador<\/p>\n<p>Benef\u00edcios<br \/>\u2022 \u00a0 \u00a0Timbre suave com excelente sustenta\u00e7\u00e3o<br \/>\u2022 \u00a0 \u00a0Apar\u00eancia moderna com primas pretas<br \/>\u2022 \u00a0 \u00a0F\u00e1cil instala\u00e7\u00e3o gra\u00e7as \u00e0s bolinhas nas pontas<br \/>\u2022 \u00a0 \u00a0Recomendado para quem busca conforto e estilo no viol\u00e3o<\/p>\n<p>Produto novo, lacrado e pronto para envio imediato.<\/p>\n","protected":false},"excerpt":{"rendered":"<p>Encordoamento S\u00e3o Gon\u00e7alo \u2013 Viol\u00e3o Nylon PretoCalibres 0.029 \u2013 0.043 | Tens\u00e3o Leve O encordoamento S\u00e3o Gon\u00e7alo Nylon Preto oferece timbre encorpado e visual diferenciado. Com tens\u00e3o leve, \u00e9 ideal para violonistas que buscam conforto ao tocar, sem abrir m\u00e3o de defini\u00e7\u00e3o sonora e estabilidade de afina\u00e7\u00e3o. Especifica\u00e7\u00f5es T\u00e9cnicas\u2022 \u00a0 \u00a0Marca: S\u00e3o Gon\u00e7alo\u2022 \u00a0 \u00a0Modelo: [&hellip;]<\/p>\n","protected":false},"featured_media":4924,"comment_status":"open","ping_status":"closed","template":"","meta":{"om_disable_all_campaigns":false,"jetpack_publicize_message":"","jetpack_publicize_feature_enabled":true,"jetpack_social_post_already_shared":true,"jetpack_social_options":{"image_generator_settings":{"template":"highway","default_image_id":0,"font":"","enabled":false},"version":2}},"product_brand":[766],"product_cat":[207,211],"product_tag":[617,750,748,615],"class_list":{"0":"post-4925","1":"product","2":"type-product","3":"status-publish","4":"has-post-thumbnail","6":"product_brand-sao-goncalo","7":"product_cat-acusticos","8":"product_cat-encordoamentos-nylon","9":"product_tag-cordas-de-nylon","10":"product_tag-cordas-de-violao-classico","11":"product_tag-encordoamento-de-violao-nylon","12":"product_tag-encordoamento-para-violao-nylon","14":"first","15":"instock","16":"shipping-taxable","17":"purchasable","18":"product-type-simple"},"aioseo_notices":[],"jetpack_publicize_connections":[],"jetpack_sharing_enabled":true,"_links":{"self":[{"href":"https:\/\/delaet.com.br\/pt_br\/wp-json\/wp\/v2\/product\/4925","targetHints":{"allow":["GET"]}}],"collection":[{"href":"https:\/\/delaet.com.br\/pt_br\/wp-json\/wp\/v2\/product"}],"about":[{"href":"https:\/\/delaet.com.br\/pt_br\/wp-json\/wp\/v2\/types\/product"}],"replies":[{"embeddable":true,"href":"https:\/\/delaet.com.br\/pt_br\/wp-json\/wp\/v2\/comments?post=4925"}],"wp:featuredmedia":[{"embeddable":true,"href":"https:\/\/delaet.com.br\/pt_br\/wp-json\/wp\/v2\/media\/4924"}],"wp:attachment":[{"href":"https:\/\/delaet.com.br\/pt_br\/wp-json\/wp\/v2\/media?parent=4925"}],"wp:term":[{"taxonomy":"product_brand","embeddable":true,"href":"https:\/\/delaet.com.br\/pt_br\/wp-json\/wp\/v2\/product_brand?post=4925"},{"taxonomy":"product_cat","embeddable":true,"href":"https:\/\/delaet.com.br\/pt_br\/wp-json\/wp\/v2\/product_cat?post=4925"},{"taxonomy":"product_tag","embeddable":true,"href":"https:\/\/delaet.com.br\/pt_br\/wp-json\/wp\/v2\/product_tag?post=4925"}],"curies":[{"name":"wp","href":"https:\/\/api.w.org\/{rel}","templated":true}]}}