{"id":4929,"date":"2026-04-20T02:09:22","date_gmt":"2026-04-20T05:09:22","guid":{"rendered":"https:\/\/delaet.com.br\/pt_br\/loja\/produto\/encordoamento-para-guitarra-solez-0-010-slg10-f108\/"},"modified":"2026-04-20T11:33:18","modified_gmt":"2026-04-20T14:33:18","slug":"encordoamento-para-guitarra-solez-0-010-slg10-f108","status":"publish","type":"product","link":"https:\/\/delaet.com.br\/pt_br\/loja\/produto\/encordoamento-para-guitarra-solez-0-010-slg10-f108\/","title":{"rendered":"Encordoamento Para Guitarra Solez 0.010&#8243; Slg10"},"content":{"rendered":"<p style=\"font-family: 'Times New Roman';font-size: medium\"><span style=\"color: #666666;font-family: 'Proxima Nova', -apple-system, Roboto, Arial, sans-serif;font-size: 10pt\">Descri\u00e7\u00e3o:<\/p>\n<p>Encordoamento P\/Guitarra Solez 0.010&#8243;\/0.046&#8243; Slg10<\/span><br style=\"margin: 0px;padding: 0px;color: #666666;font-family: 'Proxima Nova', -apple-system, Roboto, Arial, sans-serif;font-size: 20px\"><br style=\"margin: 0px;padding: 0px;color: #666666;font-family: 'Proxima Nova', -apple-system, Roboto, Arial, sans-serif;font-size: 20px\"><span style=\"color: #666666;font-family: 'Proxima Nova', -apple-system, Roboto, Arial, sans-serif;font-size: 10pt\">As cordas SOLEZ s\u00e3o fabricadas no Brasil e contam com a exclusiva tecnologia DLP (dual layer protection) que protege as cordas contra corros\u00e3o e aumentam sensivelmente sua durabilidade sem perder o timbre.<\/span><br style=\"margin: 0px;padding: 0px;color: #666666;font-family: 'Proxima Nova', -apple-system, Roboto, Arial, sans-serif;font-size: 20px\"><br style=\"margin: 0px;padding: 0px;color: #666666;font-family: 'Proxima Nova', -apple-system, Roboto, Arial, sans-serif;font-size: 20px\"><span style=\"color: #666666;font-family: 'Proxima Nova', -apple-system, Roboto, Arial, sans-serif;font-size: 10pt\">Jogo completo de cordas para guitarra<\/span><br style=\"margin: 0px;padding: 0px;color: #666666;font-family: 'Proxima Nova', -apple-system, Roboto, Arial, sans-serif;font-size: 20px\"><span style=\"color: #666666;font-family: 'Proxima Nova', -apple-system, Roboto, Arial, sans-serif;font-size: 10pt\">Tens\u00e3o leve<\/span><br style=\"margin: 0px;padding: 0px;color: #666666;font-family: 'Proxima Nova', -apple-system, Roboto, Arial, sans-serif;font-size: 20px\"><span style=\"color: #666666;font-family: 'Proxima Nova', -apple-system, Roboto, Arial, sans-serif;font-size: 10pt\">Calibres: 010(2), 013(2), 017, 026, 036, 046<\/span><br style=\"margin: 0px;padding: 0px;color: #666666;font-family: 'Proxima Nova', -apple-system, Roboto, Arial, sans-serif;font-size: 20px\"><span style=\"color: #666666;font-family: 'Proxima Nova', -apple-system, Roboto, Arial, sans-serif;font-size: 10pt\">Material: A\u00e7o<\/span><\/p>\n<p style=\"font-family: 'Times New Roman';font-size: medium\"><span style=\"color: #666666;font-family: 'Proxima Nova', -apple-system, Roboto, Arial, sans-serif;font-size: 10pt\"><span style=\"font-size: 13.3333px\">1\u00aa corda e 2\u00aa corda extra<\/span><\/p>\n<p>Produto em estoque para envio imediato<\/p>\n<p>Verifique o endere\u00e7o de entrega antes de finalizar a sua compra,\u00a0<\/span><span style=\"color: #666666;font-family: 'Proxima Nova', -apple-system, Roboto, Arial, sans-serif;font-size: 13.3333px\">para que a sua compra, chegue corretamente at\u00e9 voc\u00ea.<\/span><\/p>\n","protected":false},"excerpt":{"rendered":"<p>Descri\u00e7\u00e3o: Encordoamento P\/Guitarra Solez 0.010&#8243;\/0.046&#8243; Slg10As cordas SOLEZ s\u00e3o fabricadas no Brasil e contam com a exclusiva tecnologia DLP (dual layer protection) que protege as cordas contra corros\u00e3o e aumentam sensivelmente sua durabilidade sem perder o timbre.Jogo completo de cordas para guitarraTens\u00e3o leveCalibres: 010(2), 013(2), 017, 026, 036, 046Material: A\u00e7o 1\u00aa corda e 2\u00aa corda [&hellip;]<\/p>\n","protected":false},"featured_media":4928,"comment_status":"open","ping_status":"closed","template":"","meta":{"om_disable_all_campaigns":false,"jetpack_publicize_message":"","jetpack_publicize_feature_enabled":true,"jetpack_social_post_already_shared":true,"jetpack_social_options":{"image_generator_settings":{"template":"highway","default_image_id":0,"font":"","enabled":false},"version":2}},"product_brand":[773],"product_cat":[207,212],"product_tag":[605,751,776,780],"class_list":{"0":"post-4929","1":"product","2":"type-product","3":"status-publish","4":"has-post-thumbnail","6":"product_brand-solez","7":"product_cat-acusticos","8":"product_cat-encordoamentos-aco","9":"product_tag-cordas-de-aco","10":"product_tag-cordas-de-violao-aco","11":"product_tag-encordoamento-de-aco","12":"product_tag-encordoamento-de-violao-aco","14":"first","15":"instock","16":"shipping-taxable","17":"purchasable","18":"product-type-simple"},"aioseo_notices":[],"jetpack_publicize_connections":[],"jetpack_sharing_enabled":true,"_links":{"self":[{"href":"https:\/\/delaet.com.br\/pt_br\/wp-json\/wp\/v2\/product\/4929","targetHints":{"allow":["GET"]}}],"collection":[{"href":"https:\/\/delaet.com.br\/pt_br\/wp-json\/wp\/v2\/product"}],"about":[{"href":"https:\/\/delaet.com.br\/pt_br\/wp-json\/wp\/v2\/types\/product"}],"replies":[{"embeddable":true,"href":"https:\/\/delaet.com.br\/pt_br\/wp-json\/wp\/v2\/comments?post=4929"}],"wp:featuredmedia":[{"embeddable":true,"href":"https:\/\/delaet.com.br\/pt_br\/wp-json\/wp\/v2\/media\/4928"}],"wp:attachment":[{"href":"https:\/\/delaet.com.br\/pt_br\/wp-json\/wp\/v2\/media?parent=4929"}],"wp:term":[{"taxonomy":"product_brand","embeddable":true,"href":"https:\/\/delaet.com.br\/pt_br\/wp-json\/wp\/v2\/product_brand?post=4929"},{"taxonomy":"product_cat","embeddable":true,"href":"https:\/\/delaet.com.br\/pt_br\/wp-json\/wp\/v2\/product_cat?post=4929"},{"taxonomy":"product_tag","embeddable":true,"href":"https:\/\/delaet.com.br\/pt_br\/wp-json\/wp\/v2\/product_tag?post=4929"}],"curies":[{"name":"wp","href":"https:\/\/api.w.org\/{rel}","templated":true}]}}