{"id":5105,"date":"2026-04-20T03:05:01","date_gmt":"2026-04-20T06:05:01","guid":{"rendered":"https:\/\/delaet.com.br\/pt_br\/loja\/produto\/slg11-ga-encordoamento-solez-de-guitarra-0-011-f108\/"},"modified":"2026-04-20T11:04:44","modified_gmt":"2026-04-20T14:04:44","slug":"slg11-ga-encordoamento-solez-de-guitarra-0-011-f108","status":"publish","type":"product","link":"https:\/\/delaet.com.br\/pt_br\/loja\/produto\/slg11-ga-encordoamento-solez-de-guitarra-0-011-f108\/","title":{"rendered":"Slg11 Ga Encordoamento Solez De Guitarra   0.011&#8243;"},"content":{"rendered":"<p>1\u00b0 e 2\u00b0 cordas extras!<\/p>\n<p style=\"margin-bottom: 0px;margin-top: 0px;color: #3b3b3b;font-size: 14px;line-height: 20px;font-family: 'Open Sans', HelveticaNeue, Helvetica, Arial, sans-serif\">\u00a0<\/p>\n<p>Tecnologia DLP (Dual Layer Protection) \u2013 Confere as cordas primas dupla camada de prote\u00e7\u00e3o, assim evitando a oxida\u00e7\u00e3o precoce causada pelo suor das m\u00e3os.<\/p>\n<p>\u00a0<\/p>\n<p>\u00a0<\/p>\n<p style=\"margin-bottom: 0px;margin-top: 0px;color: #3b3b3b;font-size: 14px;line-height: 20px;font-family: 'Open Sans', HelveticaNeue, Helvetica, Arial, sans-serif\">\u00a0<\/p>\n<div>Aconselhamos o uso do Limpador de Cordas Solez para ajudar ainda mais na durabilidade dos bord\u00f5es.<\/div>\n<p>\u00a0<\/p>\n<p>\u00a0<\/p>\n","protected":false},"excerpt":{"rendered":"<p>1\u00b0 e 2\u00b0 cordas extras! \u00a0 Tecnologia DLP (Dual Layer Protection) \u2013 Confere as cordas primas dupla camada de prote\u00e7\u00e3o, assim evitando a oxida\u00e7\u00e3o precoce causada pelo suor das m\u00e3os. \u00a0 \u00a0 \u00a0 Aconselhamos o uso do Limpador de Cordas Solez para ajudar ainda mais na durabilidade dos bord\u00f5es. \u00a0 \u00a0<\/p>\n","protected":false},"featured_media":5104,"comment_status":"open","ping_status":"closed","template":"","meta":{"om_disable_all_campaigns":false,"jetpack_publicize_message":"","jetpack_publicize_feature_enabled":true,"jetpack_social_post_already_shared":true,"jetpack_social_options":{"image_generator_settings":{"template":"highway","default_image_id":0,"font":"","enabled":false},"version":2}},"product_brand":[773],"product_cat":[28,215],"product_tag":[778,619],"class_list":{"0":"post-5105","1":"product","2":"type-product","3":"status-publish","4":"has-post-thumbnail","6":"product_brand-solez","7":"product_cat-eletricos","8":"product_cat-encordoamentos-guitarra","9":"product_tag-cordas-de-guitarra","10":"product_tag-encordoamento-de-guitarra","12":"first","13":"instock","14":"shipping-taxable","15":"purchasable","16":"product-type-simple"},"aioseo_notices":[],"jetpack_publicize_connections":[],"jetpack_sharing_enabled":true,"_links":{"self":[{"href":"https:\/\/delaet.com.br\/pt_br\/wp-json\/wp\/v2\/product\/5105","targetHints":{"allow":["GET"]}}],"collection":[{"href":"https:\/\/delaet.com.br\/pt_br\/wp-json\/wp\/v2\/product"}],"about":[{"href":"https:\/\/delaet.com.br\/pt_br\/wp-json\/wp\/v2\/types\/product"}],"replies":[{"embeddable":true,"href":"https:\/\/delaet.com.br\/pt_br\/wp-json\/wp\/v2\/comments?post=5105"}],"wp:featuredmedia":[{"embeddable":true,"href":"https:\/\/delaet.com.br\/pt_br\/wp-json\/wp\/v2\/media\/5104"}],"wp:attachment":[{"href":"https:\/\/delaet.com.br\/pt_br\/wp-json\/wp\/v2\/media?parent=5105"}],"wp:term":[{"taxonomy":"product_brand","embeddable":true,"href":"https:\/\/delaet.com.br\/pt_br\/wp-json\/wp\/v2\/product_brand?post=5105"},{"taxonomy":"product_cat","embeddable":true,"href":"https:\/\/delaet.com.br\/pt_br\/wp-json\/wp\/v2\/product_cat?post=5105"},{"taxonomy":"product_tag","embeddable":true,"href":"https:\/\/delaet.com.br\/pt_br\/wp-json\/wp\/v2\/product_tag?post=5105"}],"curies":[{"name":"wp","href":"https:\/\/api.w.org\/{rel}","templated":true}]}}