{"id":521,"date":"2026-04-04T02:14:02","date_gmt":"2026-04-04T05:14:02","guid":{"rendered":"https:\/\/delaet.com.br\/?post_type=product&#038;p=521"},"modified":"2026-04-16T21:17:01","modified_gmt":"2026-04-17T00:17:01","slug":"de-laet-guitalele-mg-red-cedar-premium-bolivian-rosewood-236-2024","status":"publish","type":"product","link":"https:\/\/delaet.com.br\/pt_br\/loja\/produto\/de-laet-guitalele-mg-red-cedar-premium-bolivian-rosewood-236-2024\/","title":{"rendered":"De Laet Guitalele MG Red Cedar \/ Premium Bolivian Rosewood #236 (2024)"},"content":{"rendered":"<h2 data-path-to-node=\"3\">Guitalele De Laet #236 (2024)<\/h2>\n<p data-path-to-node=\"4\">O guitalele De Laet #236 \u00e9 um exemplar singular. Enquanto um instrumento de autor j\u00e1 se destaca pela sele\u00e7\u00e3o rigorosa de madeiras, o #236 \u2014 constru\u00eddo em 2024 \u2014 eleva esse crit\u00e9rio a um novo patamar.<\/p>\n<p data-path-to-node=\"5\"><b data-path-to-node=\"5\" data-index-in-node=\"0\">Configura\u00e7\u00e3o e Sonoridade:<\/b> O <b data-path-to-node=\"5\" data-index-in-node=\"29\">tampo em Red Cedar Master Grade maci\u00e7o<\/b>, com fibras excepcionalmente compactas, oferece proje\u00e7\u00e3o generosa e clareza cristalina em cada nota. O <b data-path-to-node=\"5\" data-index-in-node=\"171\">fundo e as laterais em um raro exemplar Premium de Bolivian Rosewood maci\u00e7o<\/b> garantem respostas r\u00e1pidas de acentua\u00e7\u00e3o, conferindo profundidade aos graves, mesmo em uma caixa de resson\u00e2ncia t\u00e3o compacta.<\/p>\n<p data-path-to-node=\"6\">O <b data-path-to-node=\"6\" data-index-in-node=\"2\">bra\u00e7o em Flamed Spanish Cedar<\/b> e a <b data-path-to-node=\"6\" data-index-in-node=\"36\">escala em \u00c9bano<\/b> proporcionam, al\u00e9m de um visual sofisticado, uma tocabilidade fluida que complementa sua sonoridade impressionante.<\/p>\n<p data-path-to-node=\"7\"><b data-path-to-node=\"7\" data-index-in-node=\"0\">Versatilidade Musical:<\/b> Seu timbre \u00e9 imponente e ressonante, ideal tanto para pe\u00e7as solistas quanto para acompanhamento vocal. Trata-se de um instrumento vers\u00e1til, capaz de transitar com maestria entre o repert\u00f3rio erudito (da m\u00fasica renascentista \u00e0 contempor\u00e2nea) e g\u00eaneros populares como MPB e Jazz.<\/p>\n<p data-path-to-node=\"8\"><b data-path-to-node=\"8\" data-index-in-node=\"0\">Hist\u00f3rico e Condi\u00e7\u00e3o:<\/b> O exemplar #236 foi concebido como unidade de vitrine para demonstrar o padr\u00e3o de conforto, tocabilidade e a excel\u00eancia das madeiras de nosso estoque &#8220;Reserva Especial&#8221; \u2014 cujos projetos atualmente partem de <b data-path-to-node=\"8\" data-index-in-node=\"229\">R$ 15.990,00<\/b>.<\/p>\n<p data-path-to-node=\"9\">O instrumento encontra-se em \u00f3timo estado de conserva\u00e7\u00e3o, apresentando apenas leves marcas de uso que n\u00e3o interferem em sua integridade estrutural, timbre ou conforto.<\/p>\n<ul data-path-to-node=\"10\">\n<li>\n<p data-path-to-node=\"10,0,0\"><b data-path-to-node=\"10,0,0\" data-index-in-node=\"0\">Regulagem:<\/b> Otimizado para encordoamentos de Guitalele.<\/p>\n<\/li>\n<li>\n<p data-path-to-node=\"10,1,0\"><b data-path-to-node=\"10,1,0\" data-index-in-node=\"0\">Acess\u00f3rios:<\/b> Acompanha Bag Premium De Laet.<\/p>\n<\/li>\n<li>\n<p data-path-to-node=\"10,2,0\"><b data-path-to-node=\"10,2,0\" data-index-in-node=\"0\">Pronto para tocar.<\/b><\/p>\n<\/li>\n<\/ul>\n<h3><strong>Especifica\u00e7\u00f5es:<\/strong><\/h3>\n<p><strong>Tampo<\/strong>: MG Red Cedar maci\u00e7o<\/p>\n<p><strong>Laterais e Fundo:<\/strong> Premium Bolivian Rosewood maci\u00e7o<\/p>\n<p><strong>Bra\u00e7o:<\/strong> Flamed Spanish Cedar<\/p>\n<p><strong>Escala e cavalete:<\/strong> \u00c9bano<\/p>\n<p><strong>Nut e rastilho:<\/strong> Osso<\/p>\n<p><strong>Encordoamento:<\/strong> Aquila 96C<\/p>\n<p><strong>Verniz:<\/strong> \u00d3leo<\/p>\n<p>&nbsp;<\/p>\n<h4>Recomenda\u00e7\u00f5es e cuidados para instrumentos de alto padr\u00e3o:<\/h4>\n<p data-path-to-node=\"5\">Todo instrumento de alto desempenho, independentemente do construtor ou fabricante, \u00e9 constru\u00eddo com madeiras maci\u00e7as de espessuras delgadas, sendo altamente sens\u00edvel a varia\u00e7\u00f5es clim\u00e1ticas. Por essa raz\u00e3o, recomendamos manter a <b data-path-to-node=\"5\" data-index-in-node=\"229\">umidade relativa do ar entre 45% e 65%<\/b> e a <b data-path-to-node=\"5\" data-index-in-node=\"272\">temperatura entre 22\u00b0C e 25\u00b0C<\/b>.<\/p>\n<p data-path-to-node=\"6\">Mudan\u00e7as bruscas de temperatura ou exposi\u00e7\u00e3o a extremos (frio ou calor excessivo), bem como varia\u00e7\u00f5es de umidade \u2014 em especial o tempo seco \u2014, podem comprometer a integridade da madeira. O uso de um <b data-path-to-node=\"6\" data-index-in-node=\"199\">higr\u00f4metro<\/b> \u00e9 fundamental para monitorar essas condi\u00e7\u00f5es de forma precisa.<\/p>\n<p data-path-to-node=\"7\"><b data-path-to-node=\"7\" data-index-in-node=\"0\">Fique atento aos efeitos do clima:<\/b><\/p>\n<ul data-path-to-node=\"8\">\n<li>\n<p data-path-to-node=\"8,0,0\"><b data-path-to-node=\"8,0,0\" data-index-in-node=\"0\">Alta umidade:<\/b> Pode causar o inchamento da madeira e altera\u00e7\u00e3o na a\u00e7\u00e3o das cordas.<\/p>\n<\/li>\n<li>\n<p data-path-to-node=\"8,1,0\"><b data-path-to-node=\"8,1,0\" data-index-in-node=\"0\">Baixa umidade:<\/b> O ressecamento pode provocar fissuras e rachaduras.<\/p>\n<\/li>\n<li>\n<p data-path-to-node=\"8,2,0\"><b data-path-to-node=\"8,2,0\" data-index-in-node=\"0\">Calor excessivo com alta umidade:<\/b> Pode enfraquecer as jun\u00e7\u00f5es de cola, especialmente em \u00e1reas cr\u00edticas como bra\u00e7os e cavaletes.<\/p>\n<\/li>\n<li>\n<p data-path-to-node=\"8,3,0\"><b data-path-to-node=\"8,3,0\" data-index-in-node=\"0\">Fontes de calor diretas:<\/b> A proximidade com aquecedores ou exposi\u00e7\u00e3o ao sol pode causar danos estruturais imediatos.<\/p>\n<\/li>\n<\/ul>\n<p data-path-to-node=\"9\">Evite manter seu instrumento em locais muito secos ou expostos ao calor direto. Vale ressaltar que mudan\u00e7as clim\u00e1ticas graduais geralmente n\u00e3o causam danos permanentes; pequenas movimenta\u00e7\u00f5es naturais da madeira s\u00e3o esperadas em instrumentos de alta performance.<\/p>\n<p data-path-to-node=\"10\"><b data-path-to-node=\"10\" data-index-in-node=\"0\">Importante:<\/b> Recomendamos evitar interven\u00e7\u00f5es dr\u00e1sticas que possam comprometer a integridade estrutural do instrumento. Em caso de d\u00favidas, consulte o fabricante ou um luthier especializado antes de realizar qualquer procedimento.<\/p>\n<p>Caso tenha alguma d\u00favida, entre em contato por email: info@delaet.com.br<\/p>\n","protected":false},"excerpt":{"rendered":"<p>Guitalele De Laet #236 (2024) O guitalele De Laet #236 \u00e9 um exemplar singular. Enquanto um instrumento de autor j\u00e1 se destaca pela sele\u00e7\u00e3o rigorosa de madeiras, o #236 \u2014 constru\u00eddo em 2024 \u2014 eleva esse crit\u00e9rio a um novo patamar. Configura\u00e7\u00e3o e Sonoridade: O tampo em Red Cedar Master Grade maci\u00e7o, com fibras excepcionalmente [&hellip;]<\/p>\n","protected":false},"featured_media":4553,"comment_status":"open","ping_status":"closed","template":"","meta":{"om_disable_all_campaigns":false,"jetpack_publicize_message":"","jetpack_publicize_feature_enabled":true,"jetpack_social_post_already_shared":false,"jetpack_social_options":{"image_generator_settings":{"template":"highway","default_image_id":0,"font":"","enabled":false},"version":2}},"product_brand":[100],"product_cat":[28],"product_tag":[82,81,83,85,84],"class_list":{"0":"post-521","1":"product","2":"type-product","3":"status-publish","4":"has-post-thumbnail","6":"product_brand-de-laet","7":"product_cat-eletricos","8":"product_tag-guilele","9":"product_tag-guitalele","10":"product_tag-guitarlele","11":"product_tag-travel-guitar","12":"product_tag-violao","14":"first","15":"instock","16":"shipping-taxable","17":"purchasable","18":"product-type-simple"},"aioseo_notices":[],"jetpack_publicize_connections":[],"jetpack_sharing_enabled":true,"_links":{"self":[{"href":"https:\/\/delaet.com.br\/pt_br\/wp-json\/wp\/v2\/product\/521","targetHints":{"allow":["GET"]}}],"collection":[{"href":"https:\/\/delaet.com.br\/pt_br\/wp-json\/wp\/v2\/product"}],"about":[{"href":"https:\/\/delaet.com.br\/pt_br\/wp-json\/wp\/v2\/types\/product"}],"replies":[{"embeddable":true,"href":"https:\/\/delaet.com.br\/pt_br\/wp-json\/wp\/v2\/comments?post=521"}],"wp:featuredmedia":[{"embeddable":true,"href":"https:\/\/delaet.com.br\/pt_br\/wp-json\/wp\/v2\/media\/4553"}],"wp:attachment":[{"href":"https:\/\/delaet.com.br\/pt_br\/wp-json\/wp\/v2\/media?parent=521"}],"wp:term":[{"taxonomy":"product_brand","embeddable":true,"href":"https:\/\/delaet.com.br\/pt_br\/wp-json\/wp\/v2\/product_brand?post=521"},{"taxonomy":"product_cat","embeddable":true,"href":"https:\/\/delaet.com.br\/pt_br\/wp-json\/wp\/v2\/product_cat?post=521"},{"taxonomy":"product_tag","embeddable":true,"href":"https:\/\/delaet.com.br\/pt_br\/wp-json\/wp\/v2\/product_tag?post=521"}],"curies":[{"name":"wp","href":"https:\/\/api.w.org\/{rel}","templated":true}]}}