{"id":663,"date":"2026-04-10T20:46:44","date_gmt":"2026-04-10T23:46:44","guid":{"rendered":"https:\/\/delaet.com.br\/pt_br\/loja\/produto\/afinador-cromatico-azul-d-addario-eclipse-pw-ct-17bu-f035\/"},"modified":"2026-04-17T19:49:09","modified_gmt":"2026-04-17T22:49:09","slug":"afinador-cromatico-azul-d-addario-eclipse-pw-ct-17bu-f035","status":"publish","type":"product","link":"https:\/\/delaet.com.br\/pt_br\/loja\/produto\/afinador-cromatico-azul-d-addario-eclipse-pw-ct-17bu-f035\/","title":{"rendered":"Afinador Crom\u00e1tico Azul D\u00b4Addario Eclipse PW-CT-17BU"},"content":{"rendered":"<p>O afinador Eclipse oferece desempenho incr\u00edvel, afina\u00e7\u00e3o pr\u00e1tica e precisa, com pre\u00e7o acess\u00edvel. Entre as principais caracter\u00edsticas: visor vertical multicolorido, desligamento autom\u00e1tico e op\u00e7\u00f5es de calibragem, com design compacto e discreto. Sua fun\u00e7\u00e3o multigirat\u00f3ria permite o posicionamento ideal no headstock, seja em instrumentos para destros e canhotos, possibilitando o melhor \u00e2ngulo de vis\u00e3o. &#8211; Tela LCD extra brilhante &#8211; Calibragem de afina\u00e7\u00e3o de 430 a 450Hz <\/p>\n<p>Origem:China<br \/>Cor:Azul<br \/>Unidades por Embalagem:1<br \/>G\u00eanero:Unissex<br \/>Linha:Eclipse<br \/>Tipo de afinador:Crom\u00e1tico<br \/>Formato do afinador:De Clipe<br \/>Frequ\u00eancia m\u00ednima:430Hz<br \/>Frequ\u00eancia m\u00e1xima:450Hz<br \/>Com tela:Sim<br \/>\u00c9 ajust\u00e1vel:Sim<br \/>Modelo:PW-CT-17BU<br \/>Marca:DAddario Acess\u00f3rios<br \/>Tipo de alimenta\u00e7\u00e3o:CR2032<\/p>\n<p>Condi\u00e7\u00e3o:Novo<br \/>C\u00f3digo Universal do Produto:0019954191542<br \/>MPN:PW-CT-17BU<br \/>Material:Pl\u00e1stico<br \/>SKU:028653<br \/>Unidades por embalagem:1<br \/>\u00c9 kit:N\u00e3o<br \/>Instrumento Recomendado:Baixo\/Guitarra\/Viol\u00e3o<\/p>\n<p><\/p>\n","protected":false},"excerpt":{"rendered":"<p>O afinador Eclipse oferece desempenho incr\u00edvel, afina\u00e7\u00e3o pr\u00e1tica e precisa, com pre\u00e7o acess\u00edvel. Entre as principais caracter\u00edsticas: visor vertical multicolorido, desligamento autom\u00e1tico e op\u00e7\u00f5es de calibragem, com design compacto e discreto. Sua fun\u00e7\u00e3o multigirat\u00f3ria permite o posicionamento ideal no headstock, seja em instrumentos para destros e canhotos, possibilitando o melhor \u00e2ngulo de vis\u00e3o. &#8211; Tela [&hellip;]<\/p>\n","protected":false},"featured_media":2301,"comment_status":"open","ping_status":"closed","template":"","meta":{"om_disable_all_campaigns":false,"jetpack_publicize_message":"","jetpack_publicize_feature_enabled":true,"jetpack_social_post_already_shared":false,"jetpack_social_options":{"image_generator_settings":{"template":"highway","default_image_id":0,"font":"","enabled":false},"version":2}},"product_brand":[160],"product_cat":[96,109],"product_tag":[200],"class_list":{"0":"post-663","1":"product","2":"type-product","3":"status-publish","4":"has-post-thumbnail","6":"product_brand-daddario","7":"product_cat-acessorios","8":"product_cat-afinadores","9":"product_tag-afinador","11":"first","12":"instock","13":"shipping-taxable","14":"purchasable","15":"product-type-simple"},"aioseo_notices":[],"jetpack_publicize_connections":[],"jetpack_sharing_enabled":true,"_links":{"self":[{"href":"https:\/\/delaet.com.br\/pt_br\/wp-json\/wp\/v2\/product\/663","targetHints":{"allow":["GET"]}}],"collection":[{"href":"https:\/\/delaet.com.br\/pt_br\/wp-json\/wp\/v2\/product"}],"about":[{"href":"https:\/\/delaet.com.br\/pt_br\/wp-json\/wp\/v2\/types\/product"}],"replies":[{"embeddable":true,"href":"https:\/\/delaet.com.br\/pt_br\/wp-json\/wp\/v2\/comments?post=663"}],"wp:featuredmedia":[{"embeddable":true,"href":"https:\/\/delaet.com.br\/pt_br\/wp-json\/wp\/v2\/media\/2301"}],"wp:attachment":[{"href":"https:\/\/delaet.com.br\/pt_br\/wp-json\/wp\/v2\/media?parent=663"}],"wp:term":[{"taxonomy":"product_brand","embeddable":true,"href":"https:\/\/delaet.com.br\/pt_br\/wp-json\/wp\/v2\/product_brand?post=663"},{"taxonomy":"product_cat","embeddable":true,"href":"https:\/\/delaet.com.br\/pt_br\/wp-json\/wp\/v2\/product_cat?post=663"},{"taxonomy":"product_tag","embeddable":true,"href":"https:\/\/delaet.com.br\/pt_br\/wp-json\/wp\/v2\/product_tag?post=663"}],"curies":[{"name":"wp","href":"https:\/\/api.w.org\/{rel}","templated":true}]}}