{"id":666,"date":"2026-04-10T21:16:44","date_gmt":"2026-04-11T00:16:44","guid":{"rendered":"https:\/\/delaet.com.br\/pt_br\/loja\/produto\/afinador-cromatico-daddario-micro-headstock-pw-ct-12w-f035\/"},"modified":"2026-04-16T09:39:12","modified_gmt":"2026-04-16T12:39:12","slug":"afinador-cromatico-daddario-micro-headstock-pw-ct-12w-f035","status":"publish","type":"product","link":"https:\/\/delaet.com.br\/pt_br\/loja\/produto\/afinador-cromatico-daddario-micro-headstock-pw-ct-12w-f035\/","title":{"rendered":"Afinador Crom\u00e1tico D\u00b4Addario Micro Headstock PW-CT-12W"},"content":{"rendered":"<p>O afinador compacto que a plat\u00e9ia nem ir\u00e1 notar. Altamente preciso e com um visor multicolorido com quatro \u00e2ngulos de vis\u00e3o selecion\u00e1veis (2 verticais e horizontais), design discreto que se adapta a est\u00e9tica de qualquer instrumento. Os avan\u00e7ados algoritmos de afina\u00e7\u00e3o permitem que o instrumento seja afinado at\u00e9 mesmo nos ambientes mais ru\u00eddosos. O clamp se prende com seguran\u00e7a e precis\u00e3o para total conforto nas apresenta\u00e7\u00f5es. \u00c9 t\u00e3o pequeno, conveniente e preciso que voc\u00ea vai querer um para cada instrumento que tiver|<\/p>\n<p>&#8211; 4 op\u00e7\u00f5es de ajustes para visualiza\u00e7\u00e3o: 2 na vertical e 2 na horizontal<br \/>\n&#8211; Afina\u00e7\u00e3o r\u00e1pida e precisa<br \/>\n&#8211; Bot\u00e3o repaginado para ajuste f\u00e1cil e controle intuitivo<br \/>\n&#8211; Visor multicolorido<br \/>\n&#8211; Calibragem de afina\u00e7\u00e3o de 410 a 480 Hz<br \/>\n&#8211; Capta\u00e7\u00e3o da frequ\u00eancia aprimorada permitindo afina\u00e7\u00e3o mais precisa, mesmo em ambientes mais ruidosos<\/p>\n<p> C\u00f3digo Universal do Produto:019954302788<br \/> Com tela:Sim<br \/> Condi\u00e7\u00e3o:Novo<br \/> Cor:Branca<br \/> \u00c9 ajust\u00e1vel:Sim<br \/> \u00c9 kit:N\u00e3o<br \/> Formato do afinador:Clipe<br \/> Frequ\u00eancia m\u00e1xima:441<br \/> Frequ\u00eancia m\u00ednima:480<br \/> G\u00eanero:Unissex<br \/> Instrumento Recomendado:Guitarra, Baixo, Viol\u00e3o<br \/> Linha:Micro<br \/> Marca:DAddario Accessories<br \/> Material:Pl\u00e1stico<br \/> Modelo:PW-CT-12W<br \/> Origem:China<br \/> SKU:034611<br \/> Tipo de afinador:Clipe<br \/> Tipo de alimenta\u00e7\u00e3o:Bateria<br \/> Unidades por Embalagem:1<\/p>\n<p><\/p>\n","protected":false},"excerpt":{"rendered":"<p>O afinador compacto que a plat\u00e9ia nem ir\u00e1 notar. Altamente preciso e com um visor multicolorido com quatro \u00e2ngulos de vis\u00e3o selecion\u00e1veis (2 verticais e horizontais), design discreto que se adapta a est\u00e9tica de qualquer instrumento. Os avan\u00e7ados algoritmos de afina\u00e7\u00e3o permitem que o instrumento seja afinado at\u00e9 mesmo nos ambientes mais ru\u00eddosos. O clamp [&hellip;]<\/p>\n","protected":false},"featured_media":2307,"comment_status":"open","ping_status":"closed","template":"","meta":{"om_disable_all_campaigns":false,"jetpack_publicize_message":"","jetpack_publicize_feature_enabled":true,"jetpack_social_post_already_shared":false,"jetpack_social_options":{"image_generator_settings":{"template":"highway","default_image_id":0,"font":"","enabled":false},"version":2}},"product_brand":[160],"product_cat":[96,109],"product_tag":[200],"class_list":{"0":"post-666","1":"product","2":"type-product","3":"status-publish","4":"has-post-thumbnail","6":"product_brand-daddario","7":"product_cat-acessorios","8":"product_cat-afinadores","9":"product_tag-afinador","11":"first","12":"instock","13":"shipping-taxable","14":"purchasable","15":"product-type-simple"},"aioseo_notices":[],"jetpack_publicize_connections":[],"jetpack_sharing_enabled":true,"_links":{"self":[{"href":"https:\/\/delaet.com.br\/pt_br\/wp-json\/wp\/v2\/product\/666","targetHints":{"allow":["GET"]}}],"collection":[{"href":"https:\/\/delaet.com.br\/pt_br\/wp-json\/wp\/v2\/product"}],"about":[{"href":"https:\/\/delaet.com.br\/pt_br\/wp-json\/wp\/v2\/types\/product"}],"replies":[{"embeddable":true,"href":"https:\/\/delaet.com.br\/pt_br\/wp-json\/wp\/v2\/comments?post=666"}],"wp:featuredmedia":[{"embeddable":true,"href":"https:\/\/delaet.com.br\/pt_br\/wp-json\/wp\/v2\/media\/2307"}],"wp:attachment":[{"href":"https:\/\/delaet.com.br\/pt_br\/wp-json\/wp\/v2\/media?parent=666"}],"wp:term":[{"taxonomy":"product_brand","embeddable":true,"href":"https:\/\/delaet.com.br\/pt_br\/wp-json\/wp\/v2\/product_brand?post=666"},{"taxonomy":"product_cat","embeddable":true,"href":"https:\/\/delaet.com.br\/pt_br\/wp-json\/wp\/v2\/product_cat?post=666"},{"taxonomy":"product_tag","embeddable":true,"href":"https:\/\/delaet.com.br\/pt_br\/wp-json\/wp\/v2\/product_tag?post=666"}],"curies":[{"name":"wp","href":"https:\/\/api.w.org\/{rel}","templated":true}]}}