{"id":684,"date":"2026-04-10T21:17:22","date_gmt":"2026-04-11T00:17:22","guid":{"rendered":"https:\/\/delaet.com.br\/pt_br\/loja\/produto\/afinador-cromatico-recarregavel-d-addario-nexxus360-pw-ct-26-f035\/"},"modified":"2026-04-17T18:04:59","modified_gmt":"2026-04-17T21:04:59","slug":"afinador-cromatico-recarregavel-d-addario-nexxus360-pw-ct-26-f035","status":"publish","type":"product","link":"https:\/\/delaet.com.br\/pt_br\/loja\/produto\/afinador-cromatico-recarregavel-d-addario-nexxus360-pw-ct-26-f035\/","title":{"rendered":"Afinador Crom\u00e1tico Recarreg\u00e1vel D\u00b4Addario NEXXUS360 PW-CT-26"},"content":{"rendered":"<p>O Afinador crom\u00e1tico recarreg\u00e1vel D Addario NEXXUS 360\u2122 oferece afina\u00e7\u00e3o r\u00e1pida e precisa, sem o custo e a inconveni\u00eancia da troca constante de baterias. Seu clip on com design discreto possui rota\u00e7\u00e3o de 360 graus, al\u00e9m de um visor LED multicolorido e luminoso, possibilitando o posicionamento ideal em instrumentos para destros e canhotos. Oferece o melhor \u00e2ngulo de vis\u00e3o em qualquer circunst\u00e2ncia, at\u00e9 mesmo em ambientes pouco iluminados. Acompanha cabo USB-B, podendo ser conectado a qualquer dispositivo USB e proporcionando 24 horas de funcionamento a cada ciclo de recarga.<\/p>\n<p>&#8211; Afinador clip on recarreg\u00e1vel USB;<br \/>\n&#8211; Rota\u00e7\u00e3o de 360 graus para angula\u00e7\u00e3o e visualiza\u00e7\u00e3o ilimitada<br \/>\n&#8211; Visor multicolorido articulado para \u00e2ngulos de vis\u00e3o ilimitados;<br \/>\n&#8211; Calibragem de afina\u00e7\u00e3o de 415 a 465Hz<br \/>\n&#8211; 24 horas de funcionamento a cada ciclo de recarga<br \/>\n&#8211; Cabo USB incluso<\/p>\n<p>Modelo:PW-CT-26<br \/> Marca:DAddario Acessorios<br \/> Origem:China<br \/> Cor:Preto<br \/> G\u00eanero:Unissex<br \/> Material:Pl\u00e1stico<br \/> Tipo de afinador:Cromatico<br \/> Frequ\u00eancia m\u00ednima:415Hz<br \/> Frequ\u00eancia m\u00e1xima:465Hz<br \/> Com tela:Sim<br \/> Condi\u00e7\u00e3o:Novo<br \/> MPN:PW-CT-26<br \/> Fonte do Produto:Importado<br \/> E kit?:Nao<br \/> Tipo de alimenta\u00e7\u00e3o:USB<br \/> Linha:Nexxus 360<br \/> Formato do afinador:De clipe<br \/> Ajustavel?:Sim<br \/> Hibrido?:Sim<\/p>\n<p> C\u00f3digo Universal do Produto:019954350093<br \/> SKU:034696<br \/> Unidades por embalagem:1<br \/> \u00c9 kit:N\u00e3o<br \/> Instrumento Recomendado:Baixo\/Guitarra\/Viol\u00e3o<\/p>\n<p><\/p>\n","protected":false},"excerpt":{"rendered":"<p>O Afinador crom\u00e1tico recarreg\u00e1vel D Addario NEXXUS 360\u2122 oferece afina\u00e7\u00e3o r\u00e1pida e precisa, sem o custo e a inconveni\u00eancia da troca constante de baterias. Seu clip on com design discreto possui rota\u00e7\u00e3o de 360 graus, al\u00e9m de um visor LED multicolorido e luminoso, possibilitando o posicionamento ideal em instrumentos para destros e canhotos. Oferece o [&hellip;]<\/p>\n","protected":false},"featured_media":2317,"comment_status":"open","ping_status":"closed","template":"","meta":{"om_disable_all_campaigns":false,"_monsterinsights_skip_tracking":false,"_monsterinsights_sitenote_active":false,"_monsterinsights_sitenote_note":"","_monsterinsights_sitenote_category":0,"jetpack_publicize_message":"","jetpack_publicize_feature_enabled":true,"jetpack_social_post_already_shared":false,"jetpack_social_options":{"image_generator_settings":{"template":"highway","default_image_id":0,"font":"","enabled":false},"version":2}},"product_brand":[160],"product_cat":[96,109],"product_tag":[200,205,709],"class_list":{"0":"post-684","1":"product","2":"type-product","3":"status-publish","4":"has-post-thumbnail","6":"product_brand-daddario","7":"product_cat-acessorios","8":"product_cat-afinadores","9":"product_tag-afinador","10":"product_tag-afinador-cromatico","11":"product_tag-afinador-recarregavel","13":"first","14":"instock","15":"shipping-taxable","16":"purchasable","17":"product-type-simple"},"aioseo_notices":[],"jetpack_publicize_connections":[],"jetpack_sharing_enabled":true,"_links":{"self":[{"href":"https:\/\/delaet.com.br\/pt_br\/wp-json\/wp\/v2\/product\/684","targetHints":{"allow":["GET"]}}],"collection":[{"href":"https:\/\/delaet.com.br\/pt_br\/wp-json\/wp\/v2\/product"}],"about":[{"href":"https:\/\/delaet.com.br\/pt_br\/wp-json\/wp\/v2\/types\/product"}],"replies":[{"embeddable":true,"href":"https:\/\/delaet.com.br\/pt_br\/wp-json\/wp\/v2\/comments?post=684"}],"wp:featuredmedia":[{"embeddable":true,"href":"https:\/\/delaet.com.br\/pt_br\/wp-json\/wp\/v2\/media\/2317"}],"wp:attachment":[{"href":"https:\/\/delaet.com.br\/pt_br\/wp-json\/wp\/v2\/media?parent=684"}],"wp:term":[{"taxonomy":"product_brand","embeddable":true,"href":"https:\/\/delaet.com.br\/pt_br\/wp-json\/wp\/v2\/product_brand?post=684"},{"taxonomy":"product_cat","embeddable":true,"href":"https:\/\/delaet.com.br\/pt_br\/wp-json\/wp\/v2\/product_cat?post=684"},{"taxonomy":"product_tag","embeddable":true,"href":"https:\/\/delaet.com.br\/pt_br\/wp-json\/wp\/v2\/product_tag?post=684"}],"curies":[{"name":"wp","href":"https:\/\/api.w.org\/{rel}","templated":true}]}}