{"id":690,"date":"2026-04-10T21:17:34","date_gmt":"2026-04-11T00:17:34","guid":{"rendered":"https:\/\/delaet.com.br\/pt_br\/loja\/produto\/afinador-cromatico-recarregavel-daddario-equinox-pw-ct-24-f035\/"},"modified":"2026-04-13T11:35:08","modified_gmt":"2026-04-13T14:35:08","slug":"afinador-cromatico-recarregavel-daddario-equinox-pw-ct-24-f035","status":"publish","type":"product","link":"https:\/\/delaet.com.br\/pt_br\/loja\/produto\/afinador-cromatico-recarregavel-daddario-equinox-pw-ct-24-f035\/","title":{"rendered":"Afinador Crom\u00e1tico Recarreg\u00e1vel D\u00b4Addario Equinox PW-CT-24"},"content":{"rendered":"<p>O Equinox PW-CT-24 vai muito al\u00e9m da conveni\u00eancia de ter a disposi\u00e7\u00e3o um afinador de \u00faltima gera\u00e7\u00e3o da DAddario.  Al\u00e9m de um afinador crom\u00e1tico clip on que possibilita uma afina\u00e7\u00e3o r\u00e1pida, precisa e de f\u00e1cil utiliza\u00e7\u00e3o, o Equinox PW-CT-24 \u00e9 recarreg\u00e1vel, pondo um fim \u00e0s demoradas trocas e procuras por baterias novas. Acompanha cabo USB-B, podendo ser conectado a qualquer dispositivo USB e proporcionando 24 horas de funcionamento a cada ciclo de recarga.  Posicione o afinador ao headstock do seu instrumento e tenha a tranquilidade de uma performance afinada, discreta e sem interfer\u00eancias. O visor multicolorido e luminoso facilita a visualiza\u00e7\u00e3o em qualquer ambiente. Sua fun\u00e7\u00e3o multigirat\u00f3ria possibilita o posicionamento ideal, seja em instrumentos para destros e canhotos, oferecendo o melhor \u00e2ngulo de vis\u00e3o. \u00c9 t\u00e3o pequeno, conveniente e preciso que voc\u00ea vai querer um para cada instrumento que tiver|  &#8211; Afinador clip on recarreg\u00e1vel USB &#8211; Visor multicolorido articulado para \u00e2ngulos de vis\u00e3o ilimitado &#8211; Calibragem de afina\u00e7\u00e3o de 430 a 450Hz &#8211; Cabo USB incluso.?<\/p>\n<p>Codigo Universal do Produto (GTIN):Preto<br \/> Codigo de Barras:Mercado Livre<br \/> Fonte do Produto:Sim<br \/> Formato do afinador:Clipe<br \/> Frequencia maxima [Hz]:019954336189<br \/> Frequencia minima [Hz]:019954336189<br \/> Genero:Importado<br \/> Linha:Equinox<br \/> MPN:450Hz<br \/> Marca:DAddario Accessories<br \/> Material:Pl\u00e1stico<br \/> Material da palheta:Equinox<br \/> SKU:034693<br \/> Tamanho:D<br \/> Tipo de afinador:Clipe<br \/> Unidades por embalagem:034693<br \/> E kit:Crom\u00e1tico<br \/> E palheta tipo dedeira:USB<\/p>\n<p> C\u00f3digo Universal do Produto:019954336189<br \/> Com tela:Sim<br \/> Condi\u00e7\u00e3o:Novo<br \/> Cor:Preta<br \/> \u00c9 ajust\u00e1vel:Sim<br \/> \u00c9 kit:N\u00e3o<br \/> Frequ\u00eancia m\u00e1xima:430<br \/> Frequ\u00eancia m\u00ednima:450<br \/> G\u00eanero:Unissex<br \/> Instrumento Recomendado:Guitarra, Baixo, Viol\u00e3o<br \/> Modelo:PW-CT-24<br \/> Origem:China<br \/> Tipo de alimenta\u00e7\u00e3o:USB<br \/> Unidades por Embalagem:1<\/p>\n<p><\/p>\n","protected":false},"excerpt":{"rendered":"<p>O Equinox PW-CT-24 vai muito al\u00e9m da conveni\u00eancia de ter a disposi\u00e7\u00e3o um afinador de \u00faltima gera\u00e7\u00e3o da DAddario. Al\u00e9m de um afinador crom\u00e1tico clip on que possibilita uma afina\u00e7\u00e3o r\u00e1pida, precisa e de f\u00e1cil utiliza\u00e7\u00e3o, o Equinox PW-CT-24 \u00e9 recarreg\u00e1vel, pondo um fim \u00e0s demoradas trocas e procuras por baterias novas. Acompanha cabo USB-B, [&hellip;]<\/p>\n","protected":false},"featured_media":2324,"comment_status":"open","ping_status":"closed","template":"","meta":{"om_disable_all_campaigns":false,"_monsterinsights_skip_tracking":false,"_monsterinsights_sitenote_active":false,"_monsterinsights_sitenote_note":"","_monsterinsights_sitenote_category":0,"jetpack_publicize_message":"","jetpack_publicize_feature_enabled":true,"jetpack_social_post_already_shared":false,"jetpack_social_options":{"image_generator_settings":{"template":"highway","default_image_id":0,"font":"","enabled":false},"version":2}},"product_brand":[160],"product_cat":[96,109],"product_tag":[200,709],"class_list":{"0":"post-690","1":"product","2":"type-product","3":"status-publish","4":"has-post-thumbnail","6":"product_brand-daddario","7":"product_cat-acessorios","8":"product_cat-afinadores","9":"product_tag-afinador","10":"product_tag-afinador-recarregavel","12":"first","13":"instock","14":"shipping-taxable","15":"purchasable","16":"product-type-simple"},"aioseo_notices":[],"jetpack_publicize_connections":[],"jetpack_sharing_enabled":true,"_links":{"self":[{"href":"https:\/\/delaet.com.br\/pt_br\/wp-json\/wp\/v2\/product\/690","targetHints":{"allow":["GET"]}}],"collection":[{"href":"https:\/\/delaet.com.br\/pt_br\/wp-json\/wp\/v2\/product"}],"about":[{"href":"https:\/\/delaet.com.br\/pt_br\/wp-json\/wp\/v2\/types\/product"}],"replies":[{"embeddable":true,"href":"https:\/\/delaet.com.br\/pt_br\/wp-json\/wp\/v2\/comments?post=690"}],"wp:featuredmedia":[{"embeddable":true,"href":"https:\/\/delaet.com.br\/pt_br\/wp-json\/wp\/v2\/media\/2324"}],"wp:attachment":[{"href":"https:\/\/delaet.com.br\/pt_br\/wp-json\/wp\/v2\/media?parent=690"}],"wp:term":[{"taxonomy":"product_brand","embeddable":true,"href":"https:\/\/delaet.com.br\/pt_br\/wp-json\/wp\/v2\/product_brand?post=690"},{"taxonomy":"product_cat","embeddable":true,"href":"https:\/\/delaet.com.br\/pt_br\/wp-json\/wp\/v2\/product_cat?post=690"},{"taxonomy":"product_tag","embeddable":true,"href":"https:\/\/delaet.com.br\/pt_br\/wp-json\/wp\/v2\/product_tag?post=690"}],"curies":[{"name":"wp","href":"https:\/\/api.w.org\/{rel}","templated":true}]}}