{"id":713,"date":"2026-04-10T21:18:28","date_gmt":"2026-04-11T00:18:28","guid":{"rendered":"https:\/\/delaet.com.br\/pt_br\/loja\/produto\/afinador-para-acusticos-d-addario-micro-soundhole-pw-ct-15-f035\/"},"modified":"2026-04-17T19:51:31","modified_gmt":"2026-04-17T22:51:31","slug":"afinador-para-acusticos-d-addario-micro-soundhole-pw-ct-15-f035","status":"publish","type":"product","link":"https:\/\/delaet.com.br\/pt_br\/loja\/produto\/afinador-para-acusticos-d-addario-micro-soundhole-pw-ct-15-f035\/","title":{"rendered":"Afinador Para Ac\u00fasticos D\u00b4Addario Micro Soundhole PW-CT-15"},"content":{"rendered":"<p>Projetado especificamente para viol\u00f5es, ukuleles e outros instrumentos ac\u00fasticos, o afinador crom\u00e1tico Micro Soundhole \u00e9 discretamente embutido no instrumento. Seu clamp se encaixa com praticidade sem danificar o instrumento e o captador piezo, altamente sens\u00edvel, detecta as vibra\u00e7\u00f5es diretamente do tampo para uma resposta de afina\u00e7\u00e3o r\u00e1pida e precisa. O visor multicolorido e brilhante facilita a visualiza\u00e7\u00e3o em qualquer ambiente. \u00c9 t\u00e3o pequeno, conveniente e preciso que voc\u00ea vai querer um para cada instrumento ac\u00fastico que tiver|<\/p>\n<p>&#8211; Perfeito para viol\u00f5es, ukuleles e outros instrumentos ac\u00fasticos<br \/>\n&#8211; Afina\u00e7\u00e3o r\u00e1pida e precisa<br \/>\n&#8211; De f\u00e1cil encaixe e n\u00e3o danifica o instrumento<br \/>\n&#8211; Visor multicolorido<br \/>\n&#8211; Calibragem de afina\u00e7\u00e3o de 410 a 480Hz<\/p>\n<p>Origem:China<br \/> Cor:Preto<br \/> Unidades por Embalagem:1<br \/> G\u00eanero:Unissex<br \/> Linha:Micro Soundhole<br \/> Tipo de afinador:Crom\u00e1tico<br \/> Formato do afinador:De Clipe<br \/> Frequ\u00eancia m\u00ednima:410Hz<br \/> Frequ\u00eancia m\u00e1xima:480Hz<br \/> Com tela:Sim<br \/> \u00c9 ajust\u00e1vel:Sim<br \/> Modelo:PW-CT-15<br \/> Marca:DAddario Acess\u00f3rios<br \/> Tipo de alimenta\u00e7\u00e3o:CR2032<\/p>\n<p> Condi\u00e7\u00e3o:Novo<br \/> C\u00f3digo Universal do Produto:0019954170165<br \/> MPN:PW-CT-15<br \/> Material:Pl\u00e1stico<br \/> SKU:028087<br \/> Unidades por embalagem:1<br \/> \u00c9 kit:N\u00e3o<br \/> Instrumento Recomendado:Ac\u00fasticos\/Ukulele\/Viol\u00e3o<\/p>\n<p><\/p>\n","protected":false},"excerpt":{"rendered":"<p>Projetado especificamente para viol\u00f5es, ukuleles e outros instrumentos ac\u00fasticos, o afinador crom\u00e1tico Micro Soundhole \u00e9 discretamente embutido no instrumento. Seu clamp se encaixa com praticidade sem danificar o instrumento e o captador piezo, altamente sens\u00edvel, detecta as vibra\u00e7\u00f5es diretamente do tampo para uma resposta de afina\u00e7\u00e3o r\u00e1pida e precisa. O visor multicolorido e brilhante facilita [&hellip;]<\/p>\n","protected":false},"featured_media":2348,"comment_status":"open","ping_status":"closed","template":"","meta":{"om_disable_all_campaigns":false,"_monsterinsights_skip_tracking":false,"_monsterinsights_sitenote_active":false,"_monsterinsights_sitenote_note":"","_monsterinsights_sitenote_category":0,"jetpack_publicize_message":"","jetpack_publicize_feature_enabled":true,"jetpack_social_post_already_shared":false,"jetpack_social_options":{"image_generator_settings":{"template":"highway","default_image_id":0,"font":"","enabled":false},"version":2}},"product_brand":[160],"product_cat":[96,109],"product_tag":[200,201],"class_list":{"0":"post-713","1":"product","2":"type-product","3":"status-publish","4":"has-post-thumbnail","6":"product_brand-daddario","7":"product_cat-acessorios","8":"product_cat-afinadores","9":"product_tag-afinador","10":"product_tag-afinador-para-acusticos","12":"first","13":"instock","14":"shipping-taxable","15":"purchasable","16":"product-type-simple"},"aioseo_notices":[],"jetpack_publicize_connections":[],"jetpack_sharing_enabled":true,"_links":{"self":[{"href":"https:\/\/delaet.com.br\/pt_br\/wp-json\/wp\/v2\/product\/713","targetHints":{"allow":["GET"]}}],"collection":[{"href":"https:\/\/delaet.com.br\/pt_br\/wp-json\/wp\/v2\/product"}],"about":[{"href":"https:\/\/delaet.com.br\/pt_br\/wp-json\/wp\/v2\/types\/product"}],"replies":[{"embeddable":true,"href":"https:\/\/delaet.com.br\/pt_br\/wp-json\/wp\/v2\/comments?post=713"}],"wp:featuredmedia":[{"embeddable":true,"href":"https:\/\/delaet.com.br\/pt_br\/wp-json\/wp\/v2\/media\/2348"}],"wp:attachment":[{"href":"https:\/\/delaet.com.br\/pt_br\/wp-json\/wp\/v2\/media?parent=713"}],"wp:term":[{"taxonomy":"product_brand","embeddable":true,"href":"https:\/\/delaet.com.br\/pt_br\/wp-json\/wp\/v2\/product_brand?post=713"},{"taxonomy":"product_cat","embeddable":true,"href":"https:\/\/delaet.com.br\/pt_br\/wp-json\/wp\/v2\/product_cat?post=713"},{"taxonomy":"product_tag","embeddable":true,"href":"https:\/\/delaet.com.br\/pt_br\/wp-json\/wp\/v2\/product_tag?post=713"}],"curies":[{"name":"wp","href":"https:\/\/api.w.org\/{rel}","templated":true}]}}