{"id":717,"date":"2026-04-10T21:18:42","date_gmt":"2026-04-11T00:18:42","guid":{"rendered":"https:\/\/delaet.com.br\/pt_br\/loja\/produto\/breu-claro-12-unidades-daddario-natural-rosin-vr200-12pk-f035\/"},"modified":"2026-04-20T16:19:42","modified_gmt":"2026-04-20T19:19:42","slug":"breu-claro-12-unidades-daddario-natural-rosin-vr200-12pk-f035","status":"publish","type":"product","link":"https:\/\/delaet.com.br\/pt_br\/loja\/produto\/breu-claro-12-unidades-daddario-natural-rosin-vr200-12pk-f035\/","title":{"rendered":"Breu Claro (12 Unidades) D\u00b4Addario Natural Rosin VR200-12PK"},"content":{"rendered":"<p>Ingredientes naturais combinados em um processo exclusivo tornam o Breu Natural DAddario perfeito para arcos com crina de cavalo ou crina sint\u00e9tica. Sua embalagem se encaixa perfeitamente em estojos de instrumentos. Canaletas de pl\u00e1stico facilitam seu uso, acondicionando e protegendo o breu. Excelente padr\u00e3o de qualidade e \u00f3timo custo-benef\u00edcio. Dispon\u00edvel nos modelos Claro ou Escuro.?<\/p>\n<p>\u00c9 kit:N\u00e3o<br \/> Unidades por Embalagem:12<br \/> Instrumento recomendado:Instrumentos de Arco<\/p>\n<p> Condi\u00e7\u00e3o do item:Novo<br \/> Fonte do Produto:Importado<br \/> G\u00eanero:Unissex<br \/> Marca:Daddario<br \/> Modelo:VR200-12PK<br \/> Origem:Estados Unidos<br \/> SKU:032449<br \/> C\u00f3digo de Barras:019954386344<br \/> N\u00famero de pe\u00e7a:VR200-12PK<br \/> Comprimento da embalagem:20 cm<br \/> Largura da embalagem:13 cm<br \/> Altura da embalagem:13 cm<br \/> Peso da embalagem:62 g<br \/> Tipo da embalagem:Sem embalagem adicional<\/p>\n<p><\/p>\n","protected":false},"excerpt":{"rendered":"<p>Ingredientes naturais combinados em um processo exclusivo tornam o Breu Natural DAddario perfeito para arcos com crina de cavalo ou crina sint\u00e9tica. Sua embalagem se encaixa perfeitamente em estojos de instrumentos. Canaletas de pl\u00e1stico facilitam seu uso, acondicionando e protegendo o breu. Excelente padr\u00e3o de qualidade e \u00f3timo custo-benef\u00edcio. Dispon\u00edvel nos modelos Claro ou Escuro.? [&hellip;]<\/p>\n","protected":false},"featured_media":2400,"comment_status":"open","ping_status":"closed","template":"","meta":{"om_disable_all_campaigns":false,"jetpack_publicize_message":"","jetpack_publicize_feature_enabled":true,"jetpack_social_post_already_shared":false,"jetpack_social_options":{"image_generator_settings":{"template":"highway","default_image_id":0,"font":"","enabled":false},"version":2}},"product_brand":[160],"product_cat":[96,158,210],"product_tag":[197,199,195,196,198],"class_list":{"0":"post-717","1":"product","2":"type-product","3":"status-publish","4":"has-post-thumbnail","6":"product_brand-daddario","7":"product_cat-acessorios","8":"product_cat-breu","9":"product_cat-friccionadas","10":"product_tag-breu-claro","11":"product_tag-breu-daddario","12":"product_tag-breu-para-arco","13":"product_tag-breu-para-violino","14":"product_tag-breu-rosin","16":"first","17":"instock","18":"shipping-taxable","19":"purchasable","20":"product-type-simple"},"aioseo_notices":[],"jetpack_publicize_connections":[],"jetpack_sharing_enabled":true,"_links":{"self":[{"href":"https:\/\/delaet.com.br\/pt_br\/wp-json\/wp\/v2\/product\/717","targetHints":{"allow":["GET"]}}],"collection":[{"href":"https:\/\/delaet.com.br\/pt_br\/wp-json\/wp\/v2\/product"}],"about":[{"href":"https:\/\/delaet.com.br\/pt_br\/wp-json\/wp\/v2\/types\/product"}],"replies":[{"embeddable":true,"href":"https:\/\/delaet.com.br\/pt_br\/wp-json\/wp\/v2\/comments?post=717"}],"wp:featuredmedia":[{"embeddable":true,"href":"https:\/\/delaet.com.br\/pt_br\/wp-json\/wp\/v2\/media\/2400"}],"wp:attachment":[{"href":"https:\/\/delaet.com.br\/pt_br\/wp-json\/wp\/v2\/media?parent=717"}],"wp:term":[{"taxonomy":"product_brand","embeddable":true,"href":"https:\/\/delaet.com.br\/pt_br\/wp-json\/wp\/v2\/product_brand?post=717"},{"taxonomy":"product_cat","embeddable":true,"href":"https:\/\/delaet.com.br\/pt_br\/wp-json\/wp\/v2\/product_cat?post=717"},{"taxonomy":"product_tag","embeddable":true,"href":"https:\/\/delaet.com.br\/pt_br\/wp-json\/wp\/v2\/product_tag?post=717"}],"curies":[{"name":"wp","href":"https:\/\/api.w.org\/{rel}","templated":true}]}}