{"id":720,"date":"2026-04-10T21:18:52","date_gmt":"2026-04-11T00:18:52","guid":{"rendered":"https:\/\/delaet.com.br\/pt_br\/loja\/produto\/breu-claro-2-unidades-d-addario-natural-rosin-vr200-p-f035\/"},"modified":"2026-04-13T11:31:11","modified_gmt":"2026-04-13T14:31:11","slug":"breu-claro-2-unidades-d-addario-natural-rosin-vr200-p-f035","status":"publish","type":"product","link":"https:\/\/delaet.com.br\/pt_br\/loja\/produto\/breu-claro-2-unidades-d-addario-natural-rosin-vr200-p-f035\/","title":{"rendered":"Breu Claro (2 Unidades) D\u00b4Addario Natural Rosin VR200-P"},"content":{"rendered":"<p>Ingredientes naturais combinados em um processo exclusivo tornam o Breu Natural D Addario perfeito para arcos com crina de cavalo ou crina sint\u00e9tica. Sua embalagem se encaixa perfeitamente em estojos de instrumentos. Canaletas de pl\u00e1stico facilitam seu uso, acondicionando e protegendo o breu. Excelente padr\u00e3o de qualidade e \u00f3timo custo-benef\u00edcio. Dispon\u00edvel nos modelos Claro ou Escuro.<\/p>\n<p>Origem:Estados Unidos<br \/> Quantidade de Cordas:2<br \/> G\u00eanero:Unissex<br \/> Material:Resina<br \/> Instrumento Compat\u00edvel:D<br \/> Tamanhos Compat\u00edveis:D<br \/> C\u00f3digo Universal do Produto:19954309305<br \/> Marca:D<br \/> Modelo:VR200-2P<br \/> SKU:VR200-2P<\/p>\n<p> Condi\u00e7\u00e3o do \u00edtem:Novo<br \/> MPN:VR200-2P<br \/> Fonte do Produto:Estados Unidos<br \/> \u00c9 kit:N\u00e3o<br \/> Unidades por embalagem:2<br \/> Linha:D<br \/> Calibre:19954309305<\/p>\n<p><\/p>\n","protected":false},"excerpt":{"rendered":"<p>Ingredientes naturais combinados em um processo exclusivo tornam o Breu Natural D Addario perfeito para arcos com crina de cavalo ou crina sint\u00e9tica. Sua embalagem se encaixa perfeitamente em estojos de instrumentos. Canaletas de pl\u00e1stico facilitam seu uso, acondicionando e protegendo o breu. Excelente padr\u00e3o de qualidade e \u00f3timo custo-benef\u00edcio. Dispon\u00edvel nos modelos Claro ou [&hellip;]<\/p>\n","protected":false},"featured_media":2403,"comment_status":"open","ping_status":"closed","template":"","meta":{"om_disable_all_campaigns":false,"jetpack_publicize_message":"","jetpack_publicize_feature_enabled":true,"jetpack_social_post_already_shared":false,"jetpack_social_options":{"image_generator_settings":{"template":"highway","default_image_id":0,"font":"","enabled":false},"version":2}},"product_brand":[160],"product_cat":[96,158,210],"product_tag":[197,199,195,196,198],"class_list":{"0":"post-720","1":"product","2":"type-product","3":"status-publish","4":"has-post-thumbnail","6":"product_brand-daddario","7":"product_cat-acessorios","8":"product_cat-breu","9":"product_cat-friccionadas","10":"product_tag-breu-claro","11":"product_tag-breu-daddario","12":"product_tag-breu-para-arco","13":"product_tag-breu-para-violino","14":"product_tag-breu-rosin","16":"first","17":"instock","18":"shipping-taxable","19":"purchasable","20":"product-type-simple"},"aioseo_notices":[],"jetpack_publicize_connections":[],"jetpack_sharing_enabled":true,"_links":{"self":[{"href":"https:\/\/delaet.com.br\/pt_br\/wp-json\/wp\/v2\/product\/720","targetHints":{"allow":["GET"]}}],"collection":[{"href":"https:\/\/delaet.com.br\/pt_br\/wp-json\/wp\/v2\/product"}],"about":[{"href":"https:\/\/delaet.com.br\/pt_br\/wp-json\/wp\/v2\/types\/product"}],"replies":[{"embeddable":true,"href":"https:\/\/delaet.com.br\/pt_br\/wp-json\/wp\/v2\/comments?post=720"}],"wp:featuredmedia":[{"embeddable":true,"href":"https:\/\/delaet.com.br\/pt_br\/wp-json\/wp\/v2\/media\/2403"}],"wp:attachment":[{"href":"https:\/\/delaet.com.br\/pt_br\/wp-json\/wp\/v2\/media?parent=720"}],"wp:term":[{"taxonomy":"product_brand","embeddable":true,"href":"https:\/\/delaet.com.br\/pt_br\/wp-json\/wp\/v2\/product_brand?post=720"},{"taxonomy":"product_cat","embeddable":true,"href":"https:\/\/delaet.com.br\/pt_br\/wp-json\/wp\/v2\/product_cat?post=720"},{"taxonomy":"product_tag","embeddable":true,"href":"https:\/\/delaet.com.br\/pt_br\/wp-json\/wp\/v2\/product_tag?post=720"}],"curies":[{"name":"wp","href":"https:\/\/api.w.org\/{rel}","templated":true}]}}