{"id":723,"date":"2026-04-10T21:19:03","date_gmt":"2026-04-11T00:19:03","guid":{"rendered":"https:\/\/delaet.com.br\/pt_br\/loja\/produto\/breu-escuro-2-unidades-d-addario-natural-rosin-vr300-p-f035\/"},"modified":"2026-04-22T08:40:17","modified_gmt":"2026-04-22T11:40:17","slug":"breu-escuro-2-unidades-d-addario-natural-rosin-vr300-p-f035","status":"publish","type":"product","link":"https:\/\/delaet.com.br\/pt_br\/loja\/produto\/breu-escuro-2-unidades-d-addario-natural-rosin-vr300-p-f035\/","title":{"rendered":"Breu Escuro (2 Unidades) D\u00b4Addario Natural Rosin VR300-P"},"content":{"rendered":"<p>Ingredientes naturais combinados em um processo exclusivo tornam o Breu Natural D Addario perfeito para arcos com crina de cavalo ou crina sint\u00e9tica. Sua embalagem se encaixa perfeitamente em estojos de instrumentos. Canaletas de pl\u00e1stico facilitam seu uso, acondicionando e protegendo o breu. Excelente padr\u00e3o de qualidade e \u00f3timo custo-benef\u00edcio. Dispon\u00edvel nos modelos Claro ou Escuro.<\/p>\n<p>Origem:Estados Unidos<br \/>\nQuantidade de Cordas:2<br \/>\nG\u00eanero:Unissex<br \/>\nMaterial:Resina<br \/>\nInstrumento Compat\u00edvel:D<br \/>\nTamanhos Compat\u00edveis:19954309312<br \/>\nC\u00f3digo Universal do Produto:19954309312<br \/>\nMarca:D<br \/>\nModelo:VR300-2P<br \/>\nSKU:VR300-2P<\/p>\n<p>Condi\u00e7\u00e3o do \u00edtem:Novo<br \/>\nMPN:VR300-2P<br \/>\nFonte do Produto:Estados Unidos<br \/>\n\u00c9 kit:N\u00e3o<br \/>\nUnidades por embalagem:2<br \/>\nLinha:D<\/p>\n","protected":false},"excerpt":{"rendered":"<p>Ingredientes naturais combinados em um processo exclusivo tornam o Breu Natural D Addario perfeito para arcos com crina de cavalo ou crina sint\u00e9tica. Sua embalagem se encaixa perfeitamente em estojos de instrumentos. Canaletas de pl\u00e1stico facilitam seu uso, acondicionando e protegendo o breu. Excelente padr\u00e3o de qualidade e \u00f3timo custo-benef\u00edcio. Dispon\u00edvel nos modelos Claro ou [&hellip;]<\/p>\n","protected":false},"featured_media":2411,"comment_status":"open","ping_status":"closed","template":"","meta":{"om_disable_all_campaigns":false,"_monsterinsights_skip_tracking":false,"_monsterinsights_sitenote_active":false,"_monsterinsights_sitenote_note":"","_monsterinsights_sitenote_category":0,"jetpack_publicize_message":"","jetpack_publicize_feature_enabled":true,"jetpack_social_post_already_shared":false,"jetpack_social_options":{"image_generator_settings":{"template":"highway","default_image_id":0,"font":"","enabled":false},"version":2}},"product_brand":[160],"product_cat":[96,158,210],"product_tag":[191,192,194,195,196,193],"class_list":{"0":"post-723","1":"product","2":"type-product","3":"status-publish","4":"has-post-thumbnail","6":"product_brand-daddario","7":"product_cat-acessorios","8":"product_cat-breu","9":"product_cat-friccionadas","10":"product_tag-breu","11":"product_tag-breu-escuro","12":"product_tag-breu-natural","13":"product_tag-breu-para-arco","14":"product_tag-breu-para-violino","15":"product_tag-rosin","17":"first","18":"instock","19":"sale","20":"shipping-taxable","21":"purchasable","22":"product-type-simple"},"aioseo_notices":[],"jetpack_publicize_connections":[],"jetpack_sharing_enabled":true,"_links":{"self":[{"href":"https:\/\/delaet.com.br\/pt_br\/wp-json\/wp\/v2\/product\/723","targetHints":{"allow":["GET"]}}],"collection":[{"href":"https:\/\/delaet.com.br\/pt_br\/wp-json\/wp\/v2\/product"}],"about":[{"href":"https:\/\/delaet.com.br\/pt_br\/wp-json\/wp\/v2\/types\/product"}],"replies":[{"embeddable":true,"href":"https:\/\/delaet.com.br\/pt_br\/wp-json\/wp\/v2\/comments?post=723"}],"wp:featuredmedia":[{"embeddable":true,"href":"https:\/\/delaet.com.br\/pt_br\/wp-json\/wp\/v2\/media\/2411"}],"wp:attachment":[{"href":"https:\/\/delaet.com.br\/pt_br\/wp-json\/wp\/v2\/media?parent=723"}],"wp:term":[{"taxonomy":"product_brand","embeddable":true,"href":"https:\/\/delaet.com.br\/pt_br\/wp-json\/wp\/v2\/product_brand?post=723"},{"taxonomy":"product_cat","embeddable":true,"href":"https:\/\/delaet.com.br\/pt_br\/wp-json\/wp\/v2\/product_cat?post=723"},{"taxonomy":"product_tag","embeddable":true,"href":"https:\/\/delaet.com.br\/pt_br\/wp-json\/wp\/v2\/product_tag?post=723"}],"curies":[{"name":"wp","href":"https:\/\/api.w.org\/{rel}","templated":true}]}}