{"id":740,"date":"2026-04-10T21:20:08","date_gmt":"2026-04-11T00:20:08","guid":{"rendered":"https:\/\/delaet.com.br\/pt_br\/loja\/produto\/cabo-para-instrumentos-609m-daddario-classic-pw-cgtpro-20-f035\/"},"modified":"2026-04-13T11:28:31","modified_gmt":"2026-04-13T14:28:31","slug":"cabo-para-instrumentos-609m-daddario-classic-pw-cgtpro-20-f035","status":"publish","type":"product","link":"https:\/\/delaet.com.br\/pt_br\/loja\/produto\/cabo-para-instrumentos-609m-daddario-classic-pw-cgtpro-20-f035\/","title":{"rendered":"Cabo Para Instrumentos 6,09m D\u00b4Addario Classic PW-CGTPRO-20"},"content":{"rendered":"<p>Os cabos da s\u00e9rie Classic Pro apresentam conectores GeoTip Neutrik, especialmente projetados para se adaptar a quaisquer jacks de conexao, se adaptando a poss\u00edveis varia\u00e7\u00f5es e proporcionando o mais perfeito encaixe, assegurando assim, uma conex\u00e3o confi\u00e1vel para uma performance segura, com qualidade sem interferencias e sinal sonoro com o maus puro timbre.<br \/>\n&#8211; Os conectores GeoTip Neutrik se adaptam a poss\u00edveis varia\u00e7\u00f5es e proporcionando o mais perfeito encaixe<br \/>\n-Condutor de cobre livre de oxigenio<br \/>\n&#8211; Blindagem densa em espiral para incr\u00edvel redu\u00e7\u00e3o de ru\u00eddos<br \/>\n&#8211; Revestimento em borracha extremamente robusta, resistente e de alta durabilidade com resist\u00eancia e flexibilidade incompar\u00e1veis<br \/>\n&#8211; Design especial de cabo coaxial proporciona sinal extremamente puro e baixa capacitancia<\/p>\n<p> C\u00f3digo Universal do Produto:019954252847<br \/> Comprimento do cabo:6,09<br \/> Condi\u00e7\u00e3o:Novo<br \/> Conector de entrada:P10<br \/> Conector de sa\u00edda:P10<br \/> Cor:Preta<br \/> \u00c9 kit:N\u00e3o<br \/> G\u00eanero:Unissex<br \/> Linha:Classic<br \/> Marca:DAddario Accessories<br \/> Material:Borracha<br \/> Modelo:PW-CGTPRO-20<br \/> Origem:Taiwan<br \/> Quantidade de conectores de entrada:1<br \/> Quantidade de conectores de sa\u00edda:1<br \/> SKU:034664<br \/> Unidade de Comprimento do cabo:m<br \/> Unidades por Embalagem:1<\/p>\n<p><\/p>\n","protected":false},"excerpt":{"rendered":"<p>Os cabos da s\u00e9rie Classic Pro apresentam conectores GeoTip Neutrik, especialmente projetados para se adaptar a quaisquer jacks de conexao, se adaptando a poss\u00edveis varia\u00e7\u00f5es e proporcionando o mais perfeito encaixe, assegurando assim, uma conex\u00e3o confi\u00e1vel para uma performance segura, com qualidade sem interferencias e sinal sonoro com o maus puro timbre. &#8211; Os conectores [&hellip;]<\/p>\n","protected":false},"featured_media":2441,"comment_status":"open","ping_status":"closed","template":"","meta":{"om_disable_all_campaigns":false,"_monsterinsights_skip_tracking":false,"_monsterinsights_sitenote_active":false,"_monsterinsights_sitenote_note":"","_monsterinsights_sitenote_category":0,"jetpack_publicize_message":"","jetpack_publicize_feature_enabled":true,"jetpack_social_post_already_shared":false,"jetpack_social_options":{"image_generator_settings":{"template":"highway","default_image_id":0,"font":"","enabled":false},"version":2}},"product_brand":[160],"product_cat":[96,97],"product_tag":[184,726,728],"class_list":{"0":"post-740","1":"product","2":"type-product","3":"status-publish","4":"has-post-thumbnail","6":"product_brand-daddario","7":"product_cat-acessorios","8":"product_cat-cabos","9":"product_tag-cabo","10":"product_tag-cabo-p10","11":"product_tag-cabo-para-instrumentos-musicais","13":"first","14":"instock","15":"shipping-taxable","16":"purchasable","17":"product-type-simple"},"aioseo_notices":[],"jetpack_publicize_connections":[],"jetpack_sharing_enabled":true,"_links":{"self":[{"href":"https:\/\/delaet.com.br\/pt_br\/wp-json\/wp\/v2\/product\/740","targetHints":{"allow":["GET"]}}],"collection":[{"href":"https:\/\/delaet.com.br\/pt_br\/wp-json\/wp\/v2\/product"}],"about":[{"href":"https:\/\/delaet.com.br\/pt_br\/wp-json\/wp\/v2\/types\/product"}],"replies":[{"embeddable":true,"href":"https:\/\/delaet.com.br\/pt_br\/wp-json\/wp\/v2\/comments?post=740"}],"wp:featuredmedia":[{"embeddable":true,"href":"https:\/\/delaet.com.br\/pt_br\/wp-json\/wp\/v2\/media\/2441"}],"wp:attachment":[{"href":"https:\/\/delaet.com.br\/pt_br\/wp-json\/wp\/v2\/media?parent=740"}],"wp:term":[{"taxonomy":"product_brand","embeddable":true,"href":"https:\/\/delaet.com.br\/pt_br\/wp-json\/wp\/v2\/product_brand?post=740"},{"taxonomy":"product_cat","embeddable":true,"href":"https:\/\/delaet.com.br\/pt_br\/wp-json\/wp\/v2\/product_cat?post=740"},{"taxonomy":"product_tag","embeddable":true,"href":"https:\/\/delaet.com.br\/pt_br\/wp-json\/wp\/v2\/product_tag?post=740"}],"curies":[{"name":"wp","href":"https:\/\/api.w.org\/{rel}","templated":true}]}}