{"id":780,"date":"2026-04-10T21:22:33","date_gmt":"2026-04-11T00:22:33","guid":{"rendered":"https:\/\/delaet.com.br\/pt_br\/loja\/produto\/chave-seletora-3-posicoes-knob-branco-spirit-ust3-6-32-wh-f035\/"},"modified":"2026-04-13T11:18:30","modified_gmt":"2026-04-13T14:18:30","slug":"chave-seletora-3-posicoes-knob-branco-spirit-ust3-6-32-wh-f035","status":"publish","type":"product","link":"https:\/\/delaet.com.br\/pt_br\/loja\/produto\/chave-seletora-3-posicoes-knob-branco-spirit-ust3-6-32-wh-f035\/","title":{"rendered":"Chave Seletora 3 Posi\u00e7\u00f5es Knob Branco Spirit UST3-#6-32-WH"},"content":{"rendered":"<p>Chave Seletora de 3 posi\u00e7\u00f5es para instrumentos, modelo Telecaster, com knob branco, Spirit Guitar Parts &#8211; UST3-#6-32-WH.<\/p>\n<p>Instrumentos compat\u00edveis:Guitarra<br \/> Material:Metal\/Pl\u00e1stico<br \/> SKU:021593<\/p>\n<p> Condi\u00e7\u00e3o:Novo<br \/> Cor:Branca<br \/> C\u00f3digo Universal do Produto:7899559806224<br \/> G\u00eanero:Unissex<br \/> Linha:Spirit Guitar Parts<br \/> MPN:E7103J_WHT<br \/> Marca:Spirit<br \/> Modelo:E7103J_WHT<br \/> Origem:Cor\u00e9ia do Sul<br \/> Unidades por embalagem:1<br \/> \u00c9 kit:N\u00e3o<br \/> Instrumento Recomendado:Guitarra<br \/> Condi\u00e7\u00e3o do item:Novo<br \/> Fonte do Produto:Importado<br \/> Instrumento recomendado:Guitarra<br \/> N\u00famero de Pe\u00e7a:1<\/p>\n<p><\/p>\n","protected":false},"excerpt":{"rendered":"<p>Chave Seletora de 3 posi\u00e7\u00f5es para instrumentos, modelo Telecaster, com knob branco, Spirit Guitar Parts &#8211; UST3-#6-32-WH. Instrumentos compat\u00edveis:Guitarra Material:Metal\/Pl\u00e1stico SKU:021593 Condi\u00e7\u00e3o:Novo Cor:Branca C\u00f3digo Universal do Produto:7899559806224 G\u00eanero:Unissex Linha:Spirit Guitar Parts MPN:E7103J_WHT Marca:Spirit Modelo:E7103J_WHT Origem:Cor\u00e9ia do Sul Unidades por embalagem:1 \u00c9 kit:N\u00e3o Instrumento Recomendado:Guitarra Condi\u00e7\u00e3o do item:Novo Fonte do Produto:Importado Instrumento recomendado:Guitarra N\u00famero de Pe\u00e7a:1<\/p>\n","protected":false},"featured_media":2476,"comment_status":"open","ping_status":"closed","template":"","meta":{"om_disable_all_campaigns":false,"_monsterinsights_skip_tracking":false,"_monsterinsights_sitenote_active":false,"_monsterinsights_sitenote_note":"","_monsterinsights_sitenote_category":0,"jetpack_publicize_message":"","jetpack_publicize_feature_enabled":true,"jetpack_social_post_already_shared":false,"jetpack_social_options":{"image_generator_settings":{"template":"highway","default_image_id":0,"font":"","enabled":false},"version":2}},"product_brand":[165],"product_cat":[219,28],"product_tag":[721,716,650],"class_list":{"0":"post-780","1":"product","2":"type-product","3":"status-publish","4":"has-post-thumbnail","6":"product_brand-spirit","7":"product_cat-chaveseletora","8":"product_cat-eletricos","9":"product_tag-3-position-switch","10":"product_tag-chave-seletora","11":"product_tag-switch","13":"first","14":"instock","15":"shipping-taxable","16":"purchasable","17":"product-type-simple"},"aioseo_notices":[],"jetpack_publicize_connections":[],"jetpack_sharing_enabled":true,"_links":{"self":[{"href":"https:\/\/delaet.com.br\/pt_br\/wp-json\/wp\/v2\/product\/780","targetHints":{"allow":["GET"]}}],"collection":[{"href":"https:\/\/delaet.com.br\/pt_br\/wp-json\/wp\/v2\/product"}],"about":[{"href":"https:\/\/delaet.com.br\/pt_br\/wp-json\/wp\/v2\/types\/product"}],"replies":[{"embeddable":true,"href":"https:\/\/delaet.com.br\/pt_br\/wp-json\/wp\/v2\/comments?post=780"}],"wp:featuredmedia":[{"embeddable":true,"href":"https:\/\/delaet.com.br\/pt_br\/wp-json\/wp\/v2\/media\/2476"}],"wp:attachment":[{"href":"https:\/\/delaet.com.br\/pt_br\/wp-json\/wp\/v2\/media?parent=780"}],"wp:term":[{"taxonomy":"product_brand","embeddable":true,"href":"https:\/\/delaet.com.br\/pt_br\/wp-json\/wp\/v2\/product_brand?post=780"},{"taxonomy":"product_cat","embeddable":true,"href":"https:\/\/delaet.com.br\/pt_br\/wp-json\/wp\/v2\/product_cat?post=780"},{"taxonomy":"product_tag","embeddable":true,"href":"https:\/\/delaet.com.br\/pt_br\/wp-json\/wp\/v2\/product_tag?post=780"}],"curies":[{"name":"wp","href":"https:\/\/api.w.org\/{rel}","templated":true}]}}