{"id":783,"date":"2026-04-10T21:22:41","date_gmt":"2026-04-11T00:22:41","guid":{"rendered":"https:\/\/delaet.com.br\/pt_br\/loja\/produto\/chave-seletora-3-posicoes-knob-creme-spirit-ust3-6-32-iv-f035\/"},"modified":"2026-04-13T11:17:32","modified_gmt":"2026-04-13T14:17:32","slug":"chave-seletora-3-posicoes-knob-creme-spirit-ust3-6-32-iv-f035","status":"publish","type":"product","link":"https:\/\/delaet.com.br\/pt_br\/loja\/produto\/chave-seletora-3-posicoes-knob-creme-spirit-ust3-6-32-iv-f035\/","title":{"rendered":"Chave Seletora 3 Posi\u00e7\u00f5es Knob Creme Spirit UST3-#6-32-IV"},"content":{"rendered":"<p>Chave Seletora de 3 posi\u00e7\u00f5es para instrumentos, modelo Telecaster, com knob creme, Spirit Guitar Parts &#8211; UST3-#6-32-IV.<\/p>\n<p>Instrumentos compat\u00edveis:Guitarra<br \/> Material:Metal\/Pol\u00edmero<br \/> SKU:021592<\/p>\n<p> Condi\u00e7\u00e3o:Novo<br \/> Cor:Creme<br \/> C\u00f3digo Universal do Produto:7899559806217<br \/> G\u00eanero:Unissex<br \/> Linha:Spirit Guitar Parts<br \/> MPN:E7103J_IV<br \/> Marca:Spirit<br \/> Modelo:UST3-#6-32-IV<br \/> Origem:Cor\u00e9ia do Sul<br \/> Unidades por embalagem:1<br \/> \u00c9 kit:N\u00e3o<br \/> Instrumento Recomendado:Guitarra<\/p>\n<p><\/p>\n","protected":false},"excerpt":{"rendered":"<p>Chave Seletora de 3 posi\u00e7\u00f5es para instrumentos, modelo Telecaster, com knob creme, Spirit Guitar Parts &#8211; UST3-#6-32-IV. Instrumentos compat\u00edveis:Guitarra Material:Metal\/Pol\u00edmero SKU:021592 Condi\u00e7\u00e3o:Novo Cor:Creme C\u00f3digo Universal do Produto:7899559806217 G\u00eanero:Unissex Linha:Spirit Guitar Parts MPN:E7103J_IV Marca:Spirit Modelo:UST3-#6-32-IV Origem:Cor\u00e9ia do Sul Unidades por embalagem:1 \u00c9 kit:N\u00e3o Instrumento Recomendado:Guitarra<\/p>\n","protected":false},"featured_media":2479,"comment_status":"open","ping_status":"closed","template":"","meta":{"om_disable_all_campaigns":false,"jetpack_publicize_message":"","jetpack_publicize_feature_enabled":true,"jetpack_social_post_already_shared":false,"jetpack_social_options":{"image_generator_settings":{"template":"highway","default_image_id":0,"font":"","enabled":false},"version":2}},"product_brand":[165],"product_cat":[219,28],"product_tag":[720,716,650],"class_list":{"0":"post-783","1":"product","2":"type-product","3":"status-publish","4":"has-post-thumbnail","6":"product_brand-spirit","7":"product_cat-chaveseletora","8":"product_cat-eletricos","9":"product_tag-3-switch","10":"product_tag-chave-seletora","11":"product_tag-switch","13":"first","14":"instock","15":"shipping-taxable","16":"purchasable","17":"product-type-simple"},"aioseo_notices":[],"jetpack_publicize_connections":[],"jetpack_sharing_enabled":true,"_links":{"self":[{"href":"https:\/\/delaet.com.br\/pt_br\/wp-json\/wp\/v2\/product\/783","targetHints":{"allow":["GET"]}}],"collection":[{"href":"https:\/\/delaet.com.br\/pt_br\/wp-json\/wp\/v2\/product"}],"about":[{"href":"https:\/\/delaet.com.br\/pt_br\/wp-json\/wp\/v2\/types\/product"}],"replies":[{"embeddable":true,"href":"https:\/\/delaet.com.br\/pt_br\/wp-json\/wp\/v2\/comments?post=783"}],"wp:featuredmedia":[{"embeddable":true,"href":"https:\/\/delaet.com.br\/pt_br\/wp-json\/wp\/v2\/media\/2479"}],"wp:attachment":[{"href":"https:\/\/delaet.com.br\/pt_br\/wp-json\/wp\/v2\/media?parent=783"}],"wp:term":[{"taxonomy":"product_brand","embeddable":true,"href":"https:\/\/delaet.com.br\/pt_br\/wp-json\/wp\/v2\/product_brand?post=783"},{"taxonomy":"product_cat","embeddable":true,"href":"https:\/\/delaet.com.br\/pt_br\/wp-json\/wp\/v2\/product_cat?post=783"},{"taxonomy":"product_tag","embeddable":true,"href":"https:\/\/delaet.com.br\/pt_br\/wp-json\/wp\/v2\/product_tag?post=783"}],"curies":[{"name":"wp","href":"https:\/\/api.w.org\/{rel}","templated":true}]}}