{"id":786,"date":"2026-04-10T21:22:48","date_gmt":"2026-04-11T00:22:48","guid":{"rendered":"https:\/\/delaet.com.br\/pt_br\/loja\/produto\/chave-seletora-3-posicoes-les-paul-cromada-l-hosco-ym-t70r-f035\/"},"modified":"2026-04-13T11:16:02","modified_gmt":"2026-04-13T14:16:02","slug":"chave-seletora-3-posicoes-les-paul-cromada-l-hosco-ym-t70r-f035","status":"publish","type":"product","link":"https:\/\/delaet.com.br\/pt_br\/loja\/produto\/chave-seletora-3-posicoes-les-paul-cromada-l-hosco-ym-t70r-f035\/","title":{"rendered":"Chave Seletora 3 Posi\u00e7\u00f5es Les Paul Cromada L Hosco YM-T70R"},"content":{"rendered":"<p>A Hosco Inc. tem auxiliado fabricantes, distribuidores, varejistas e luthiers a aprimorarem a qualidade dos produtos e servi\u00e7os oferecidos aos seus clientes. Consolidada como um dos principais fornecedores da ind\u00fastria, a Hosco produz pe\u00e7as, acess\u00f3rios e ferramentas de alta qualidade para instrumentos m\u00fasicais. Na \u00e1rea de exporta\u00e7\u00e3o, distribui marcas premium como as mundialmente conhecidas Gotoh &#8211; tarraxas e ferragens, e Sanko &#8211; frets, entre outras, contemplando uma ampla variedade de op\u00e7\u00f5es em pe\u00e7as e acess\u00f3rios para instrumentos el\u00e9tricos e ac\u00fasticos, al\u00e9m de ferramentas espec\u00edficas para luthiers. Cada vez mais, a Hosco vem expandindo seu exclusivo cat\u00e1logo de acess\u00f3rios, desenvolvidos com tecnologia de \u00faltima gera\u00e7\u00e3o, em coopera\u00e7\u00e3o com os mais tradicionais fabricantes japoneses, e para uma variedade de demandas da ind\u00fastria.<\/p>\n<p>NCM:92099400<br \/> Modelo:YM-T70R<br \/> Marca:Hosco<br \/> Codigo universal de produto (GTIN):4518830170009<br \/> Origem:Jap\u00e3o<br \/> G\u00eanero:Unissex<\/p>\n<p> Condi\u00e7\u00e3o do item:Novo<br \/> \u00c9 Kit:N\u00e3o<br \/> N\u00famero de pe\u00e7a:1<br \/> Formato de venda:Pacote<br \/> Unidades por kit:1<br \/> Instrumento recomendado:Guitarra<\/p>\n<p><\/p>\n","protected":false},"excerpt":{"rendered":"<p>A Hosco Inc. tem auxiliado fabricantes, distribuidores, varejistas e luthiers a aprimorarem a qualidade dos produtos e servi\u00e7os oferecidos aos seus clientes. Consolidada como um dos principais fornecedores da ind\u00fastria, a Hosco produz pe\u00e7as, acess\u00f3rios e ferramentas de alta qualidade para instrumentos m\u00fasicais. Na \u00e1rea de exporta\u00e7\u00e3o, distribui marcas premium como as mundialmente conhecidas Gotoh [&hellip;]<\/p>\n","protected":false},"featured_media":2481,"comment_status":"open","ping_status":"closed","template":"","meta":{"om_disable_all_campaigns":false,"jetpack_publicize_message":"","jetpack_publicize_feature_enabled":true,"jetpack_social_post_already_shared":false,"jetpack_social_options":{"image_generator_settings":{"template":"highway","default_image_id":0,"font":"","enabled":false},"version":2}},"product_brand":[162],"product_cat":[219,28],"product_tag":[719,716,650],"class_list":{"0":"post-786","1":"product","2":"type-product","3":"status-publish","4":"has-post-thumbnail","6":"product_brand-hosco","7":"product_cat-chaveseletora","8":"product_cat-eletricos","9":"product_tag-chave-les-paul","10":"product_tag-chave-seletora","11":"product_tag-switch","13":"first","14":"instock","15":"shipping-taxable","16":"purchasable","17":"product-type-simple"},"aioseo_notices":[],"jetpack_publicize_connections":[],"jetpack_sharing_enabled":true,"_links":{"self":[{"href":"https:\/\/delaet.com.br\/pt_br\/wp-json\/wp\/v2\/product\/786","targetHints":{"allow":["GET"]}}],"collection":[{"href":"https:\/\/delaet.com.br\/pt_br\/wp-json\/wp\/v2\/product"}],"about":[{"href":"https:\/\/delaet.com.br\/pt_br\/wp-json\/wp\/v2\/types\/product"}],"replies":[{"embeddable":true,"href":"https:\/\/delaet.com.br\/pt_br\/wp-json\/wp\/v2\/comments?post=786"}],"wp:featuredmedia":[{"embeddable":true,"href":"https:\/\/delaet.com.br\/pt_br\/wp-json\/wp\/v2\/media\/2481"}],"wp:attachment":[{"href":"https:\/\/delaet.com.br\/pt_br\/wp-json\/wp\/v2\/media?parent=786"}],"wp:term":[{"taxonomy":"product_brand","embeddable":true,"href":"https:\/\/delaet.com.br\/pt_br\/wp-json\/wp\/v2\/product_brand?post=786"},{"taxonomy":"product_cat","embeddable":true,"href":"https:\/\/delaet.com.br\/pt_br\/wp-json\/wp\/v2\/product_cat?post=786"},{"taxonomy":"product_tag","embeddable":true,"href":"https:\/\/delaet.com.br\/pt_br\/wp-json\/wp\/v2\/product_tag?post=786"}],"curies":[{"name":"wp","href":"https:\/\/api.w.org\/{rel}","templated":true}]}}